{"id":32317,"date":"2016-09-01T07:13:57","date_gmt":"2016-09-01T15:13:57","guid":{"rendered":"https:\/\/www.drummondfirm.com\/noticias-y-recursos\/"},"modified":"2016-09-01T07:13:57","modified_gmt":"2016-09-01T15:13:57","slug":"noticias-y-recursos","status":"publish","type":"page","link":"https:\/\/www.drummondfirm.com\/es\/noticias-y-recursos\/","title":{"rendered":"Noticias y recursos"},"content":{"rendered":"","protected":false},"excerpt":{"rendered":"","protected":false},"author":3,"featured_media":0,"parent":0,"menu_order":0,"comment_status":"closed","ping_status":"closed","template":"","meta":{"footnotes":""},"class_list":["post-32317","page","type-page","status-publish"],"yoast_head":"<!-- This site is optimized with the Yoast SEO Premium plugin v23.1 (Yoast SEO v24.9) - https:\/\/yoast.com\/wordpress\/plugins\/seo\/ -->\n<title>Actualizaciones legales y recursos \u00fatiles | Noticias del bufete Drummond<\/title>\n<meta name=\"description\" content=\"Mant\u00e9ngase al d\u00eda con las \u00faltimas noticias legales, tendencias emergentes y recursos invaluables de Drummond Law Firm. Nos dedicamos a mantenerlo informado.\" \/>\n<meta name=\"robots\" content=\"index, follow, max-snippet:-1, max-image-preview:large, max-video-preview:-1\" \/>\n<link rel=\"canonical\" href=\"https:\/\/www.drummondfirm.com\/es\/noticias-y-recursos\/\" \/>\n<meta property=\"og:locale\" content=\"es_ES\" \/>\n<meta property=\"og:type\" content=\"article\" \/>\n<meta property=\"og:title\" content=\"Noticias y recursos\" \/>\n<meta property=\"og:description\" content=\"Mant\u00e9ngase al d\u00eda con las \u00faltimas noticias legales, tendencias emergentes y recursos invaluables de Drummond Law Firm. Nos dedicamos a mantenerlo informado.\" \/>\n<meta property=\"og:url\" content=\"https:\/\/www.drummondfirm.com\/es\/noticias-y-recursos\/\" \/>\n<meta property=\"og:site_name\" content=\"Bufete de abogados Drummond\" \/>\n<meta property=\"article:publisher\" content=\"https:\/\/www.facebook.com\/drummondlawfirmlv\/\" \/>\n<meta name=\"twitter:card\" content=\"summary_large_image\" \/>\n<script type=\"application\/ld+json\" class=\"yoast-schema-graph\">{\"@context\":\"https:\/\/schema.org\",\"@graph\":[{\"@type\":\"WebPage\",\"@id\":\"https:\/\/www.drummondfirm.com\/es\/noticias-y-recursos\/\",\"url\":\"https:\/\/www.drummondfirm.com\/es\/noticias-y-recursos\/\",\"name\":\"Actualizaciones legales y recursos \u00fatiles | Noticias del bufete Drummond\",\"isPartOf\":{\"@id\":\"https:\/\/www.drummondfirm.com\/es\/#website\"},\"datePublished\":\"2016-09-01T15:13:57+00:00\",\"description\":\"Mant\u00e9ngase al d\u00eda con las \u00faltimas noticias legales, tendencias emergentes y recursos invaluables de Drummond Law Firm. Nos dedicamos a mantenerlo informado.\",\"breadcrumb\":{\"@id\":\"https:\/\/www.drummondfirm.com\/es\/noticias-y-recursos\/#breadcrumb\"},\"inLanguage\":\"es\",\"potentialAction\":[{\"@type\":\"ReadAction\",\"target\":[\"https:\/\/www.drummondfirm.com\/es\/noticias-y-recursos\/\"]}]},{\"@type\":\"BreadcrumbList\",\"@id\":\"https:\/\/www.drummondfirm.com\/es\/noticias-y-recursos\/#breadcrumb\",\"itemListElement\":[{\"@type\":\"ListItem\",\"position\":1,\"name\":\"Abogado de lesiones personales en Las Vegas\",\"item\":\"https:\/\/www.drummondfirm.com\/es\/home-new-seo\/\"},{\"@type\":\"ListItem\",\"position\":2,\"name\":\"Noticias y recursos\"}]},{\"@type\":\"WebSite\",\"@id\":\"https:\/\/www.drummondfirm.com\/es\/#website\",\"url\":\"https:\/\/www.drummondfirm.com\/es\/\",\"name\":\"Drummond Law Firm\",\"description\":\"Abogados de lesiones personales en Las Vegas\",\"publisher\":{\"@id\":\"https:\/\/www.drummondfirm.com\/es\/#organization\"},\"potentialAction\":[{\"@type\":\"SearchAction\",\"target\":{\"@type\":\"EntryPoint\",\"urlTemplate\":\"https:\/\/www.drummondfirm.com\/es\/?s={search_term_string}\"},\"query-input\":{\"@type\":\"PropertyValueSpecification\",\"valueRequired\":true,\"valueName\":\"search_term_string\"}}],\"inLanguage\":\"es\"},{\"@type\":\"Organization\",\"@id\":\"https:\/\/www.drummondfirm.com\/es\/#organization\",\"name\":\"Bufete de abogados Drummond\",\"url\":\"https:\/\/www.drummondfirm.com\/es\/\",\"logo\":{\"@type\":\"ImageObject\",\"inLanguage\":\"es\",\"@id\":\"https:\/\/www.drummondfirm.com\/es\/#\/schema\/logo\/image\/\",\"url\":\"https:\/\/www.drummondfirm.com\/wp-content\/uploads\/2023\/06\/Favicon.png\",\"contentUrl\":\"https:\/\/www.drummondfirm.com\/wp-content\/uploads\/2023\/06\/Favicon.png\",\"width\":150,\"height\":150,\"caption\":\"Bufete de abogados Drummond\"},\"image\":{\"@id\":\"https:\/\/www.drummondfirm.com\/es\/#\/schema\/logo\/image\/\"},\"sameAs\":[\"https:\/\/www.facebook.com\/drummondlawfirmlv\/\",\"https:\/\/www.linkedin.com\/company\/drummond-law-firm\",\"https:\/\/www.youtube.com\/channel\/UCx06adFjyj7LjlZuR3ROlPw\",\"https:\/\/www.instagram.com\/callthecaptain_drummondlawfirm\/\"],\"description\":\"Nuestros abogados de lesiones personales de Las Vegas, con amplia experiencia y galardonados premios, le ayudar\u00e1n con su caso. Somos el \u00fanico bufete de abogados en NEVADA con la Garant\u00eda de Honorarios Reducidos\u00ae y no le cobraremos honorarios hasta que ganemos su caso. \",\"email\":\"office@drummondfirm.com\",\"telephone\":\"702-357-9754\",\"legalName\":\"Drummond Law Firm\",\"numberOfEmployees\":{\"@type\":\"QuantitativeValue\",\"minValue\":\"11\",\"maxValue\":\"50\"},\"publishingPrinciples\":\"https:\/\/www.drummondfirm.com\/car-accident-lawyer-las-vegas\/\",\"ownershipFundingInfo\":\"https:\/\/www.drummondfirm.com\/practice-areas\/\"}]}<\/script>\n<!-- \/ Yoast SEO Premium plugin. -->","yoast_head_json":{"title":"Actualizaciones legales y recursos \u00fatiles | Noticias del bufete Drummond","description":"Mant\u00e9ngase al d\u00eda con las \u00faltimas noticias legales, tendencias emergentes y recursos invaluables de Drummond Law Firm. Nos dedicamos a mantenerlo informado.","robots":{"index":"index","follow":"follow","max-snippet":"max-snippet:-1","max-image-preview":"max-image-preview:large","max-video-preview":"max-video-preview:-1"},"canonical":"https:\/\/www.drummondfirm.com\/es\/noticias-y-recursos\/","og_locale":"es_ES","og_type":"article","og_title":"Noticias y recursos","og_description":"Mant\u00e9ngase al d\u00eda con las \u00faltimas noticias legales, tendencias emergentes y recursos invaluables de Drummond Law Firm. Nos dedicamos a mantenerlo informado.","og_url":"https:\/\/www.drummondfirm.com\/es\/noticias-y-recursos\/","og_site_name":"Bufete de abogados Drummond","article_publisher":"https:\/\/www.facebook.com\/drummondlawfirmlv\/","twitter_card":"summary_large_image","schema":{"@context":"https:\/\/schema.org","@graph":[{"@type":"WebPage","@id":"https:\/\/www.drummondfirm.com\/es\/noticias-y-recursos\/","url":"https:\/\/www.drummondfirm.com\/es\/noticias-y-recursos\/","name":"Actualizaciones legales y recursos \u00fatiles | Noticias del bufete Drummond","isPartOf":{"@id":"https:\/\/www.drummondfirm.com\/es\/#website"},"datePublished":"2016-09-01T15:13:57+00:00","description":"Mant\u00e9ngase al d\u00eda con las \u00faltimas noticias legales, tendencias emergentes y recursos invaluables de Drummond Law Firm. Nos dedicamos a mantenerlo informado.","breadcrumb":{"@id":"https:\/\/www.drummondfirm.com\/es\/noticias-y-recursos\/#breadcrumb"},"inLanguage":"es","potentialAction":[{"@type":"ReadAction","target":["https:\/\/www.drummondfirm.com\/es\/noticias-y-recursos\/"]}]},{"@type":"BreadcrumbList","@id":"https:\/\/www.drummondfirm.com\/es\/noticias-y-recursos\/#breadcrumb","itemListElement":[{"@type":"ListItem","position":1,"name":"Abogado de lesiones personales en Las Vegas","item":"https:\/\/www.drummondfirm.com\/es\/home-new-seo\/"},{"@type":"ListItem","position":2,"name":"Noticias y recursos"}]},{"@type":"WebSite","@id":"https:\/\/www.drummondfirm.com\/es\/#website","url":"https:\/\/www.drummondfirm.com\/es\/","name":"Drummond Law Firm","description":"Abogados de lesiones personales en Las Vegas","publisher":{"@id":"https:\/\/www.drummondfirm.com\/es\/#organization"},"potentialAction":[{"@type":"SearchAction","target":{"@type":"EntryPoint","urlTemplate":"https:\/\/www.drummondfirm.com\/es\/?s={search_term_string}"},"query-input":{"@type":"PropertyValueSpecification","valueRequired":true,"valueName":"search_term_string"}}],"inLanguage":"es"},{"@type":"Organization","@id":"https:\/\/www.drummondfirm.com\/es\/#organization","name":"Bufete de abogados Drummond","url":"https:\/\/www.drummondfirm.com\/es\/","logo":{"@type":"ImageObject","inLanguage":"es","@id":"https:\/\/www.drummondfirm.com\/es\/#\/schema\/logo\/image\/","url":"https:\/\/www.drummondfirm.com\/wp-content\/uploads\/2023\/06\/Favicon.png","contentUrl":"https:\/\/www.drummondfirm.com\/wp-content\/uploads\/2023\/06\/Favicon.png","width":150,"height":150,"caption":"Bufete de abogados Drummond"},"image":{"@id":"https:\/\/www.drummondfirm.com\/es\/#\/schema\/logo\/image\/"},"sameAs":["https:\/\/www.facebook.com\/drummondlawfirmlv\/","https:\/\/www.linkedin.com\/company\/drummond-law-firm","https:\/\/www.youtube.com\/channel\/UCx06adFjyj7LjlZuR3ROlPw","https:\/\/www.instagram.com\/callthecaptain_drummondlawfirm\/"],"description":"Nuestros abogados de lesiones personales de Las Vegas, con amplia experiencia y galardonados premios, le ayudar\u00e1n con su caso. Somos el \u00fanico bufete de abogados en NEVADA con la Garant\u00eda de Honorarios Reducidos\u00ae y no le cobraremos honorarios hasta que ganemos su caso. ","email":"office@drummondfirm.com","telephone":"702-357-9754","legalName":"Drummond Law Firm","numberOfEmployees":{"@type":"QuantitativeValue","minValue":"11","maxValue":"50"},"publishingPrinciples":"https:\/\/www.drummondfirm.com\/car-accident-lawyer-las-vegas\/","ownershipFundingInfo":"https:\/\/www.drummondfirm.com\/practice-areas\/"}]}},"_links":{"self":[{"href":"https:\/\/www.drummondfirm.com\/es\/wp-json\/wp\/v2\/pages\/32317","targetHints":{"allow":["GET"]}}],"collection":[{"href":"https:\/\/www.drummondfirm.com\/es\/wp-json\/wp\/v2\/pages"}],"about":[{"href":"https:\/\/www.drummondfirm.com\/es\/wp-json\/wp\/v2\/types\/page"}],"author":[{"embeddable":true,"href":"https:\/\/www.drummondfirm.com\/es\/wp-json\/wp\/v2\/users\/3"}],"replies":[{"embeddable":true,"href":"https:\/\/www.drummondfirm.com\/es\/wp-json\/wp\/v2\/comments?post=32317"}],"version-history":[{"count":0,"href":"https:\/\/www.drummondfirm.com\/es\/wp-json\/wp\/v2\/pages\/32317\/revisions"}],"wp:attachment":[{"href":"https:\/\/www.drummondfirm.com\/es\/wp-json\/wp\/v2\/media?parent=32317"}],"curies":[{"name":"wp","href":"https:\/\/api.w.org\/{rel}","templated":true}]}}