{"id":32846,"date":"2016-02-05T07:17:04","date_gmt":"2016-02-05T15:17:04","guid":{"rendered":"https:\/\/www.drummondfirm.com\/videos\/"},"modified":"2025-10-07T05:24:49","modified_gmt":"2025-10-07T13:24:49","slug":"videos","status":"publish","type":"page","link":"https:\/\/www.drummondfirm.com\/es\/videos\/","title":{"rendered":"V\u00eddeos"},"content":{"rendered":"<div class=\"wpb-content-wrapper\">[vc_row css=\u00bb.vc_custom_1752827921834{margin-top: -50px !important;}\u00bb][vc_column]<div id=\"custom-header-69e7419b8335c\" class=\"custom-header gem-custom-header-icon-position-centered   fullwidth-block clearfix\" style=\"padding-top: 100px;padding-left: 21px; padding-right: 21px;\"><script type=\"text\/javascript\">if (typeof(gem_fix_fullwidth_position) == \"function\") { gem_fix_fullwidth_position(document.getElementById(\"custom-header-69e7419b8335c\")); }<\/script><div class=\"gem-video-background\" data-aspect-ratio=\"\"><div class=\"gem-video-background-inner\"><video autoplay=\"autoplay\" loop=\"loop\" src=\"https:\/\/www.drummondfirm.com\/wp-content\/uploads\/2019\/02\/Drummond-Law-FINAL-No-Crisp.mp4\" muted=\"muted\"><\/video><\/div><div class=\"gem-video-background-overlay\" style=\"background-color: #000000; opacity: 0.65;\"><\/div><\/div><div class=\"gem-icon gem-icon-pack-elegant gem-icon-size-large  gem-icon-shape-none gem-simple-icon\" style=\"opacity:.001;\"><div class=\"gem-icon-inner\" style=\"\"><span class=\"gem-icon-half-1\" style=\"color: rgba(255,255,255,0.01);\"><span class=\"back-angle\">&#x37;<\/span><\/span><span class=\"gem-icon-half-2\" style=\"color: rgba(255,255,255,0.01);\"><span class=\"back-angle\">&#x37;<\/span><\/span><\/div><\/div>\r\n\t\t\t<div class=\"gem-custom-header-conteiner\"><div style=\"\" class=\"custom-header-title\"><span style=\" max-width:1100px;\">\n<div class=\"title-h1\" style=\"text-align: center;\">\n<h1><span style=\"color: #ffffff; padding-left: 10px; padding-right: 10px;\">V\u00eddeos<\/span><\/h1>\n<\/div>\n<\/span><\/div><div class=\"custom-header-subtitle styled-subtitle\" style=\"padding-bottom:100px;\"><span class=\"light\" style=\"max-width:900px; color:#ffffff; \">Check out all of our latest informative legal videos from Drummond Law Firm here. Call now for a free consultation. Click below to start watching now!<\/span><\/div><\/div><\/div>[\/vc_column][\/vc_row][vc_row][vc_column][vc_column_text css=\u00bb.vc_custom_1552515388568{padding-top: 40px !important;}\u00bb]<img decoding=\"async\" class=\"size-full wp-image-24716 aligncenter\" src=\"https:\/\/www.drummondfirm.com\/wp-content\/uploads\/2019\/02\/bottom-border.jpeg\" alt=\"\" width=\"67\" height=\"4\">[\/vc_column_text][\/vc_column][vc_column][\/vc_column][\/vc_row][vc_row css=\u00bb.vc_custom_1472716098042{padding-top: 55px !important;}\u00bb el_class=\u00bbrm-aboutPage rm-videoPage\u00bb][vc_column width=\u00bb1\/3&#8243;][vc_single_image image=\u00bb32885&#8243; img_size=\u00bbfull\u00bb onclick=\u00bbcustom_link\u00bb img_link_target=\u00bb_blank\u00bb link=\u00bbhttps:\/\/www.youtube.com\/watch?v=V-x9Npq1pak\u00bb][vc_custom_heading text=\u00bbBufete de abogados Drummond\u00bb font_container=\u00bbtag:p|text_align:center|color:%23000000&#8243; use_theme_fonts=\u00bbyes\u00bb el_class=\u00bbrm-subHeading rm-videosTitle\u00bb][\/vc_column][vc_column width=\u00bb1\/3&#8243;][vc_single_image image=\u00bb32855&#8243; img_size=\u00bbfull\u00bb onclick=\u00bbcustom_link\u00bb img_link_target=\u00bb_blank\u00bb link=\u00bbhttps:\/\/www.youtube.com\/watch?v=E5P2w5vGXaE\u00bb][vc_custom_heading text=\u00bbCasos de lesiones que manejamos\u00bb font_container=\u00bbtag:p|text_align:center|color:%23000000&#8243; use_theme_fonts=\u00bbyes\u00bb el_class=\u00bbrm-subHeading rm-videosTitle\u00bb][\/vc_column][vc_column width=\u00bb1\/3&#8243;][vc_single_image image=\u00bb32859&#8243; img_size=\u00bbfull\u00bb onclick=\u00bbcustom_link\u00bb img_link_target=\u00bb_blank\u00bb link=\u00bbhttps:\/\/www.youtube.com\/watch?v=WQ438E7JB_E\u00bb][vc_custom_heading text=\u00bbJingle de radio 702-4-LESI\u00d3N\u00bb font_container=\u00bbtag:p|text_align:center|color:%23000000&#8243; use_theme_fonts=\u00bbyes\u00bb el_class=\u00bbrm-subHeading rm-videosTitle\u00bb][\/vc_column][\/vc_row][vc_row][vc_column]<div class=\"clearboth\"><\/div><div class=\"gem-divider  gem-divider-style-3\" style=\"margin-bottom: 40px;border-color: #5b5b5b;\"><\/div>[\/vc_column][\/vc_row][vc_row el_class=\u00bbrm-aboutPage rm-videoPage\u00bb][vc_column width=\u00bb1\/3&#8243;][vc_single_image image=\u00bb32333&#8243; img_size=\u00bbfull\u00bb onclick=\u00bbcustom_link\u00bb img_link_target=\u00bb_blank\u00bb link=\u00bbhttps:\/\/www.youtube.com\/watch?v=4uA3Wv_fgkk\u00bb][vc_custom_heading text=\u00bbGarant\u00eda de tarifa reducida\u00ae\u00bb font_container=\u00bbtag:p|text_align:center|color:%23000000&#8243; use_theme_fonts=\u00bbyes\u00bb el_class=\u00bbrm-subHeading rm-videosTitle\u00bb][\/vc_column][vc_column width=\u00bb1\/3&#8243;][vc_single_image image=\u00bb32876&#8243; img_size=\u00bbfull\u00bb onclick=\u00bbcustom_link\u00bb img_link_target=\u00bb_blank\u00bb link=\u00bbhttps:\/\/www.youtube.com\/watch?v=y6aR_m_jx0Q\u00bb][vc_custom_heading text=\u00bbNo nos pagas a menos que ganemos\u00bb font_container=\u00bbtag:p|text_align:center|color:%23000000&#8243; use_theme_fonts=\u00bbyes\u00bb el_class=\u00bbrm-subHeading rm-videosTitle\u00bb][\/vc_column][vc_column width=\u00bb1\/3&#8243;][vc_single_image image=\u00bb32877&#8243; img_size=\u00bbfull\u00bb onclick=\u00bbcustom_link\u00bb img_link_target=\u00bb_blank\u00bb link=\u00bbhttps:\/\/www.youtube.com\/watch?v=y8t1KYzlqKg\u00bb][vc_custom_heading text=\u00bbTienes una oportunidad\u00bb font_container=\u00bbtag:p|text_align:center|color:%23000000&#8243; use_theme_fonts=\u00bbyes\u00bb el_class=\u00bbrm-subHeading rm-videosTitle\u00bb][\/vc_column][\/vc_row][vc_row][vc_column]<div class=\"clearboth\"><\/div><div class=\"gem-divider  gem-divider-style-3\" style=\"margin-bottom: 40px;border-color: #5b5b5b;\"><\/div>[\/vc_column][\/vc_row][vc_row el_class=\u00bbrm-aboutPage rm-videoPage\u00bb][vc_column width=\u00bb1\/3&#8243;][vc_single_image image=\u00bb32870&#8243; img_size=\u00bbfull\u00bb onclick=\u00bbcustom_link\u00bb img_link_target=\u00bb_blank\u00bb link=\u00bbhttps:\/\/www.youtube.com\/watch?v=4uA3Wv_fgkk\u00bb][vc_custom_heading text=\u00bbResbal\u00f3n y ca\u00edda\u00bb font_container=\u00bbtag:p|text_align:center|color:%23000000&#8243; use_theme_fonts=\u00bbyes\u00bb el_class=\u00bbrm-subHeading rm-videosTitle\u00bb][\/vc_column][vc_column width=\u00bb1\/3&#8243;][vc_single_image image=\u00bb32872&#8243; img_size=\u00bbfull\u00bb onclick=\u00bbcustom_link\u00bb img_link_target=\u00bb_blank\u00bb link=\u00bbhttps:\/\/www.youtube.com\/watch?v=iy-9YV_iMzw\u00bb][vc_custom_heading text=\u00bbAccidentes de viajes compartidos\u00bb font_container=\u00bbtag:p|text_align:center|color:%23000000&#8243; use_theme_fonts=\u00bbyes\u00bb el_class=\u00bbrm-subHeading rm-videosTitle\u00bb][\/vc_column][vc_column width=\u00bb1\/3&#8243;][vc_single_image image=\u00bb32874&#8243; img_size=\u00bbfull\u00bb onclick=\u00bbcustom_link\u00bb img_link_target=\u00bb_blank\u00bb link=\u00bbhttps:\/\/www.youtube.com\/watch?v=bAdpwIiRpxE\u00bb][vc_custom_heading text=\u00bbMuerte por negligencia\u00bb font_container=\u00bbtag:p|text_align:center|color:%23000000&#8243; use_theme_fonts=\u00bbyes\u00bb el_class=\u00bbrm-subHeading rm-videosTitle\u00bb][\/vc_column][\/vc_row][vc_row][vc_column]<div class=\"clearboth\"><\/div><div class=\"gem-divider  gem-divider-style-3\" style=\"margin-bottom: 40px;border-color: #5b5b5b;\"><\/div>[\/vc_column][\/vc_row][vc_row el_class=\u00bbrm-aboutPage rm-videoPage\u00bb][vc_column width=\u00bb1\/3&#8243;][vc_single_image image=\u00bb32885&#8243; img_size=\u00bbfull\u00bb onclick=\u00bbcustom_link\u00bb img_link_target=\u00bb_blank\u00bb link=\u00bbhttps:\/\/www.youtube.com\/watch?v=V-x9Npq1pak\u00bb][vc_custom_heading text=\u00bbAccidentes de motocicleta &#8211; Bufete Drummond &#8211; Abogado de accidentes &#8211; Las Vegas\u00bb font_container=\u00bbtag:p|text_align:center|color:%23000000&#8243; use_theme_fonts=\u00bbyes\u00bb el_class=\u00bbrm-subHeading rm-videosTitle\u00bb][\/vc_column][vc_column width=\u00bb1\/3&#8243;][vc_single_image image=\u00bb32864&#8243; img_size=\u00bbfull\u00bb onclick=\u00bbcustom_link\u00bb img_link_target=\u00bb_blank\u00bb link=\u00bbhttps:\/\/www.youtube.com\/watch?v=9z4UX6btovI\u00bb][vc_custom_heading text=\u00bbAccidentes de bicicleta\u00bb font_container=\u00bbtag:p|text_align:center|color:%23000000&#8243; use_theme_fonts=\u00bbyes\u00bb el_class=\u00bbrm-subHeading rm-videosTitle\u00bb][\/vc_column][vc_column width=\u00bb1\/3&#8243;][vc_single_image image=\u00bb32866&#8243; img_size=\u00bbfull\u00bb onclick=\u00bbcustom_link\u00bb img_link_target=\u00bb_blank\u00bb link=\u00bbhttps:\/\/www.youtube.com\/watch?v=CLZVNMMYFxA\u00bb][vc_custom_heading text=\u00bbAccidentes de autob\u00fas\u00bb font_container=\u00bbtag:p|text_align:center|color:%23000000&#8243; use_theme_fonts=\u00bbyes\u00bb el_class=\u00bbrm-subHeading rm-videosTitle\u00bb][\/vc_column][\/vc_row][vc_row][vc_column]<div class=\"clearboth\"><\/div><div class=\"gem-divider  gem-divider-style-3\" style=\"margin-bottom: 40px;border-color: #5b5b5b;\"><\/div>[\/vc_column][\/vc_row][vc_row el_class=\u00bbrm-aboutPage rm-videoPage\u00bb][vc_column width=\u00bb1\/3&#8243;][vc_single_image image=\u00bb32881&#8243; img_size=\u00bbfull\u00bb onclick=\u00bbcustom_link\u00bb img_link_target=\u00bb_blank\u00bb link=\u00bbhttps:\/\/www.youtube.com\/watch?v=zE7-lkRT01Q\u00bb][vc_custom_heading text=\u00bbCasos de defensa penal\u00bb font_container=\u00bbtag:p|text_align:center|color:%23000000&#8243; use_theme_fonts=\u00bbyes\u00bb el_class=\u00bbrm-subHeading rm-videosTitle\u00bb][\/vc_column][vc_column width=\u00bb1\/3&#8243;][vc_single_image image=\u00bb32883&#8243; img_size=\u00bbfull\u00bb onclick=\u00bbcustom_link\u00bb img_link_target=\u00bb_blank\u00bb link=\u00bbhttps:\/\/www.youtube.com\/watch?v=DOjvgry-BZ4&#8243;][vc_custom_heading text=\u00bbFiscal Militar de Nevada\u00bb font_container=\u00bbtag:p|text_align:center|color:%23000000&#8243; use_theme_fonts=\u00bbyes\u00bb el_class=\u00bbrm-subHeading rm-videosTitle\u00bb][\/vc_column][vc_column width=\u00bb1\/3&#8243;][vc_single_image image=\u00bb32887&#8243; img_size=\u00bbfull\u00bb onclick=\u00bbcustom_link\u00bb img_link_target=\u00bb_blank\u00bb link=\u00bbhttps:\/\/www.youtube.com\/watch?v=l-oJAZ3ftyk\u00bb][vc_custom_heading text=\u00bbAbogado de DUI y DWI en Las Vegas\u00bb font_container=\u00bbtag:p|text_align:center|color:%23000000&#8243; use_theme_fonts=\u00bbyes\u00bb el_class=\u00bbrm-subHeading rm-videosTitle\u00bb][\/vc_column][\/vc_row][vc_row][vc_column]<div class=\"clearboth\"><\/div><div class=\"gem-divider  gem-divider-style-3\" style=\"margin-bottom: 40px;border-color: #5b5b5b;\"><\/div>[\/vc_column][\/vc_row][vc_row][vc_column][vc_column_text][\/vc_column_text][\/vc_column][vc_column][vc_empty_space height=\u00bb40&#8243;][\/vc_column][\/vc_row]\n<\/div>","protected":false},"excerpt":{"rendered":"<p>[vc_row css=\u00bb.vc_custom_1752827921834{margin-top: -50px !important;}\u00bb][vc_column][\/vc_column][\/vc_row][vc_row][vc_column][vc_column_text css=\u00bb.vc_custom_1552515388568{padding-top: 40px !important;}\u00bb][\/vc_column_text][\/vc_column][vc_column][\/vc_column][\/vc_row][vc_row css=\u00bb.vc_custom_1472716098042{padding-top: 55px !important;}\u00bb el_class=\u00bbrm-aboutPage rm-videoPage\u00bb][vc_column width=\u00bb1\/3&#8243;][vc_single_image image=\u00bb32885&#8243; img_size=\u00bbfull\u00bb onclick=\u00bbcustom_link\u00bb img_link_target=\u00bb_blank\u00bb link=\u00bbhttps:\/\/www.youtube.com\/watch?v=V-x9Npq1pak\u00bb][vc_custom_heading text=\u00bbBufete de&#8230;<\/p>\n","protected":false},"author":3,"featured_media":0,"parent":0,"menu_order":0,"comment_status":"closed","ping_status":"closed","template":"","meta":{"footnotes":""},"class_list":["post-32846","page","type-page","status-publish"],"yoast_head":"<!-- This site is optimized with the Yoast SEO Premium plugin v23.1 (Yoast SEO v24.9) - https:\/\/yoast.com\/wordpress\/plugins\/seo\/ -->\n<title>Asesoramiento legal y an\u00e1lisis de casos | V\u00eddeos del bufete Drummond<\/title>\n<meta name=\"description\" content=\"Mire nuestra extensa colecci\u00f3n de videos legales para obtener asesoramiento en profundidad, descripciones detalladas de casos y conocimientos de los expertos experimentados de Drummond Law Firm.\" \/>\n<meta name=\"robots\" content=\"index, follow, max-snippet:-1, max-image-preview:large, max-video-preview:-1\" \/>\n<link rel=\"canonical\" href=\"https:\/\/www.drummondfirm.com\/es\/videos\/\" \/>\n<meta property=\"og:locale\" content=\"es_ES\" \/>\n<meta property=\"og:type\" content=\"article\" \/>\n<meta property=\"og:title\" content=\"V\u00eddeos\" \/>\n<meta property=\"og:description\" content=\"Mire nuestra extensa colecci\u00f3n de videos legales para obtener asesoramiento en profundidad, descripciones detalladas de casos y conocimientos de los expertos experimentados de Drummond Law Firm.\" \/>\n<meta property=\"og:url\" content=\"https:\/\/www.drummondfirm.com\/es\/videos\/\" \/>\n<meta property=\"og:site_name\" content=\"Bufete de abogados Drummond\" \/>\n<meta property=\"article:publisher\" content=\"https:\/\/www.facebook.com\/drummondlawfirmlv\/\" \/>\n<meta property=\"article:modified_time\" content=\"2025-10-07T13:24:49+00:00\" \/>\n<meta property=\"og:image\" content=\"https:\/\/www.drummondfirm.com\/wp-content\/uploads\/2019\/02\/bottom-border.jpeg\" \/>\n\t<meta property=\"og:image:width\" content=\"67\" \/>\n\t<meta property=\"og:image:height\" content=\"4\" \/>\n\t<meta property=\"og:image:type\" content=\"image\/jpeg\" \/>\n<meta name=\"twitter:card\" content=\"summary_large_image\" \/>\n<meta name=\"twitter:label1\" content=\"Tiempo de lectura\" \/>\n\t<meta name=\"twitter:data1\" content=\"5 minutos\" \/>\n<script type=\"application\/ld+json\" class=\"yoast-schema-graph\">{\"@context\":\"https:\/\/schema.org\",\"@graph\":[{\"@type\":\"WebPage\",\"@id\":\"https:\/\/www.drummondfirm.com\/es\/videos\/\",\"url\":\"https:\/\/www.drummondfirm.com\/es\/videos\/\",\"name\":\"Asesoramiento legal y an\u00e1lisis de casos | V\u00eddeos del bufete Drummond\",\"isPartOf\":{\"@id\":\"https:\/\/www.drummondfirm.com\/es\/#website\"},\"primaryImageOfPage\":{\"@id\":\"https:\/\/www.drummondfirm.com\/es\/videos\/#primaryimage\"},\"image\":{\"@id\":\"https:\/\/www.drummondfirm.com\/es\/videos\/#primaryimage\"},\"thumbnailUrl\":\"https:\/\/www.drummondfirm.com\/wp-content\/uploads\/2019\/02\/bottom-border.jpeg\",\"datePublished\":\"2016-02-05T15:17:04+00:00\",\"dateModified\":\"2025-10-07T13:24:49+00:00\",\"description\":\"Mire nuestra extensa colecci\u00f3n de videos legales para obtener asesoramiento en profundidad, descripciones detalladas de casos y conocimientos de los expertos experimentados de Drummond Law Firm.\",\"breadcrumb\":{\"@id\":\"https:\/\/www.drummondfirm.com\/es\/videos\/#breadcrumb\"},\"inLanguage\":\"es\",\"potentialAction\":[{\"@type\":\"ReadAction\",\"target\":[\"https:\/\/www.drummondfirm.com\/es\/videos\/\"]}]},{\"@type\":\"ImageObject\",\"inLanguage\":\"es\",\"@id\":\"https:\/\/www.drummondfirm.com\/es\/videos\/#primaryimage\",\"url\":\"https:\/\/www.drummondfirm.com\/wp-content\/uploads\/2019\/02\/bottom-border.jpeg\",\"contentUrl\":\"https:\/\/www.drummondfirm.com\/wp-content\/uploads\/2019\/02\/bottom-border.jpeg\"},{\"@type\":\"BreadcrumbList\",\"@id\":\"https:\/\/www.drummondfirm.com\/es\/videos\/#breadcrumb\",\"itemListElement\":[{\"@type\":\"ListItem\",\"position\":1,\"name\":\"Abogado de lesiones personales en Las Vegas\",\"item\":\"https:\/\/www.drummondfirm.com\/es\/home-new-seo\/\"},{\"@type\":\"ListItem\",\"position\":2,\"name\":\"V\u00eddeos\"}]},{\"@type\":\"WebSite\",\"@id\":\"https:\/\/www.drummondfirm.com\/es\/#website\",\"url\":\"https:\/\/www.drummondfirm.com\/es\/\",\"name\":\"Drummond Law Firm\",\"description\":\"Abogados de lesiones personales en Las Vegas\",\"publisher\":{\"@id\":\"https:\/\/www.drummondfirm.com\/es\/#organization\"},\"potentialAction\":[{\"@type\":\"SearchAction\",\"target\":{\"@type\":\"EntryPoint\",\"urlTemplate\":\"https:\/\/www.drummondfirm.com\/es\/?s={search_term_string}\"},\"query-input\":{\"@type\":\"PropertyValueSpecification\",\"valueRequired\":true,\"valueName\":\"search_term_string\"}}],\"inLanguage\":\"es\"},{\"@type\":\"Organization\",\"@id\":\"https:\/\/www.drummondfirm.com\/es\/#organization\",\"name\":\"Bufete de abogados Drummond\",\"url\":\"https:\/\/www.drummondfirm.com\/es\/\",\"logo\":{\"@type\":\"ImageObject\",\"inLanguage\":\"es\",\"@id\":\"https:\/\/www.drummondfirm.com\/es\/#\/schema\/logo\/image\/\",\"url\":\"https:\/\/www.drummondfirm.com\/wp-content\/uploads\/2023\/06\/Favicon.png\",\"contentUrl\":\"https:\/\/www.drummondfirm.com\/wp-content\/uploads\/2023\/06\/Favicon.png\",\"width\":150,\"height\":150,\"caption\":\"Bufete de abogados Drummond\"},\"image\":{\"@id\":\"https:\/\/www.drummondfirm.com\/es\/#\/schema\/logo\/image\/\"},\"sameAs\":[\"https:\/\/www.facebook.com\/drummondlawfirmlv\/\",\"https:\/\/www.linkedin.com\/company\/drummond-law-firm\",\"https:\/\/www.youtube.com\/channel\/UCx06adFjyj7LjlZuR3ROlPw\",\"https:\/\/www.instagram.com\/callthecaptain_drummondlawfirm\/\"],\"description\":\"Nuestros abogados de lesiones personales de Las Vegas, con amplia experiencia y galardonados premios, le ayudar\u00e1n con su caso. Somos el \u00fanico bufete de abogados en NEVADA con la Garant\u00eda de Honorarios Reducidos\u00ae y no le cobraremos honorarios hasta que ganemos su caso. \",\"email\":\"office@drummondfirm.com\",\"telephone\":\"702-357-9754\",\"legalName\":\"Drummond Law Firm\",\"numberOfEmployees\":{\"@type\":\"QuantitativeValue\",\"minValue\":\"11\",\"maxValue\":\"50\"},\"publishingPrinciples\":\"https:\/\/www.drummondfirm.com\/car-accident-lawyer-las-vegas\/\",\"ownershipFundingInfo\":\"https:\/\/www.drummondfirm.com\/practice-areas\/\"}]}<\/script>\n<!-- \/ Yoast SEO Premium plugin. -->","yoast_head_json":{"title":"Asesoramiento legal y an\u00e1lisis de casos | V\u00eddeos del bufete Drummond","description":"Mire nuestra extensa colecci\u00f3n de videos legales para obtener asesoramiento en profundidad, descripciones detalladas de casos y conocimientos de los expertos experimentados de Drummond Law Firm.","robots":{"index":"index","follow":"follow","max-snippet":"max-snippet:-1","max-image-preview":"max-image-preview:large","max-video-preview":"max-video-preview:-1"},"canonical":"https:\/\/www.drummondfirm.com\/es\/videos\/","og_locale":"es_ES","og_type":"article","og_title":"V\u00eddeos","og_description":"Mire nuestra extensa colecci\u00f3n de videos legales para obtener asesoramiento en profundidad, descripciones detalladas de casos y conocimientos de los expertos experimentados de Drummond Law Firm.","og_url":"https:\/\/www.drummondfirm.com\/es\/videos\/","og_site_name":"Bufete de abogados Drummond","article_publisher":"https:\/\/www.facebook.com\/drummondlawfirmlv\/","article_modified_time":"2025-10-07T13:24:49+00:00","og_image":[{"width":67,"height":4,"url":"https:\/\/www.drummondfirm.com\/wp-content\/uploads\/2019\/02\/bottom-border.jpeg","type":"image\/jpeg"}],"twitter_card":"summary_large_image","twitter_misc":{"Tiempo de lectura":"5 minutos"},"schema":{"@context":"https:\/\/schema.org","@graph":[{"@type":"WebPage","@id":"https:\/\/www.drummondfirm.com\/es\/videos\/","url":"https:\/\/www.drummondfirm.com\/es\/videos\/","name":"Asesoramiento legal y an\u00e1lisis de casos | V\u00eddeos del bufete Drummond","isPartOf":{"@id":"https:\/\/www.drummondfirm.com\/es\/#website"},"primaryImageOfPage":{"@id":"https:\/\/www.drummondfirm.com\/es\/videos\/#primaryimage"},"image":{"@id":"https:\/\/www.drummondfirm.com\/es\/videos\/#primaryimage"},"thumbnailUrl":"https:\/\/www.drummondfirm.com\/wp-content\/uploads\/2019\/02\/bottom-border.jpeg","datePublished":"2016-02-05T15:17:04+00:00","dateModified":"2025-10-07T13:24:49+00:00","description":"Mire nuestra extensa colecci\u00f3n de videos legales para obtener asesoramiento en profundidad, descripciones detalladas de casos y conocimientos de los expertos experimentados de Drummond Law Firm.","breadcrumb":{"@id":"https:\/\/www.drummondfirm.com\/es\/videos\/#breadcrumb"},"inLanguage":"es","potentialAction":[{"@type":"ReadAction","target":["https:\/\/www.drummondfirm.com\/es\/videos\/"]}]},{"@type":"ImageObject","inLanguage":"es","@id":"https:\/\/www.drummondfirm.com\/es\/videos\/#primaryimage","url":"https:\/\/www.drummondfirm.com\/wp-content\/uploads\/2019\/02\/bottom-border.jpeg","contentUrl":"https:\/\/www.drummondfirm.com\/wp-content\/uploads\/2019\/02\/bottom-border.jpeg"},{"@type":"BreadcrumbList","@id":"https:\/\/www.drummondfirm.com\/es\/videos\/#breadcrumb","itemListElement":[{"@type":"ListItem","position":1,"name":"Abogado de lesiones personales en Las Vegas","item":"https:\/\/www.drummondfirm.com\/es\/home-new-seo\/"},{"@type":"ListItem","position":2,"name":"V\u00eddeos"}]},{"@type":"WebSite","@id":"https:\/\/www.drummondfirm.com\/es\/#website","url":"https:\/\/www.drummondfirm.com\/es\/","name":"Drummond Law Firm","description":"Abogados de lesiones personales en Las Vegas","publisher":{"@id":"https:\/\/www.drummondfirm.com\/es\/#organization"},"potentialAction":[{"@type":"SearchAction","target":{"@type":"EntryPoint","urlTemplate":"https:\/\/www.drummondfirm.com\/es\/?s={search_term_string}"},"query-input":{"@type":"PropertyValueSpecification","valueRequired":true,"valueName":"search_term_string"}}],"inLanguage":"es"},{"@type":"Organization","@id":"https:\/\/www.drummondfirm.com\/es\/#organization","name":"Bufete de abogados Drummond","url":"https:\/\/www.drummondfirm.com\/es\/","logo":{"@type":"ImageObject","inLanguage":"es","@id":"https:\/\/www.drummondfirm.com\/es\/#\/schema\/logo\/image\/","url":"https:\/\/www.drummondfirm.com\/wp-content\/uploads\/2023\/06\/Favicon.png","contentUrl":"https:\/\/www.drummondfirm.com\/wp-content\/uploads\/2023\/06\/Favicon.png","width":150,"height":150,"caption":"Bufete de abogados Drummond"},"image":{"@id":"https:\/\/www.drummondfirm.com\/es\/#\/schema\/logo\/image\/"},"sameAs":["https:\/\/www.facebook.com\/drummondlawfirmlv\/","https:\/\/www.linkedin.com\/company\/drummond-law-firm","https:\/\/www.youtube.com\/channel\/UCx06adFjyj7LjlZuR3ROlPw","https:\/\/www.instagram.com\/callthecaptain_drummondlawfirm\/"],"description":"Nuestros abogados de lesiones personales de Las Vegas, con amplia experiencia y galardonados premios, le ayudar\u00e1n con su caso. Somos el \u00fanico bufete de abogados en NEVADA con la Garant\u00eda de Honorarios Reducidos\u00ae y no le cobraremos honorarios hasta que ganemos su caso. ","email":"office@drummondfirm.com","telephone":"702-357-9754","legalName":"Drummond Law Firm","numberOfEmployees":{"@type":"QuantitativeValue","minValue":"11","maxValue":"50"},"publishingPrinciples":"https:\/\/www.drummondfirm.com\/car-accident-lawyer-las-vegas\/","ownershipFundingInfo":"https:\/\/www.drummondfirm.com\/practice-areas\/"}]}},"_links":{"self":[{"href":"https:\/\/www.drummondfirm.com\/es\/wp-json\/wp\/v2\/pages\/32846","targetHints":{"allow":["GET"]}}],"collection":[{"href":"https:\/\/www.drummondfirm.com\/es\/wp-json\/wp\/v2\/pages"}],"about":[{"href":"https:\/\/www.drummondfirm.com\/es\/wp-json\/wp\/v2\/types\/page"}],"author":[{"embeddable":true,"href":"https:\/\/www.drummondfirm.com\/es\/wp-json\/wp\/v2\/users\/3"}],"replies":[{"embeddable":true,"href":"https:\/\/www.drummondfirm.com\/es\/wp-json\/wp\/v2\/comments?post=32846"}],"version-history":[{"count":0,"href":"https:\/\/www.drummondfirm.com\/es\/wp-json\/wp\/v2\/pages\/32846\/revisions"}],"wp:attachment":[{"href":"https:\/\/www.drummondfirm.com\/es\/wp-json\/wp\/v2\/media?parent=32846"}],"curies":[{"name":"wp","href":"https:\/\/api.w.org\/{rel}","templated":true}]}}