{"id":32952,"date":"2016-08-31T11:53:29","date_gmt":"2016-08-31T19:53:29","guid":{"rendered":"https:\/\/www.drummondfirm.com\/defensa-penal\/bateria\/"},"modified":"2026-02-27T13:27:15","modified_gmt":"2026-02-27T21:27:15","slug":"bateria","status":"publish","type":"page","link":"https:\/\/www.drummondfirm.com\/es\/bateria\/","title":{"rendered":"Bater\u00eda"},"content":{"rendered":"<div class=\"wpb-content-wrapper\">[vc_row css=\u00bb.vc_custom_1564437758341{margin-top: -50px !important;}\u00bb el_class=\u00bbrm-aboutPage\u00bb][vc_column][vc_raw_html css=\u00bb\u00bb]W3dwc2VvX2JyZWFkY3J1bWJd[\/vc_raw_html][vc_column_text]\n<h2 style=\"text-align: center;\"><span style=\"display: inline-block; color: #222222; letter-spacing: 0; line-height: 50px!important;\"><span style=\"color: #222222;\"><span style=\"color: #bb2325;\">Abogado de agresi\u00f3n<\/span> <span style=\"color: #bb2325;\"><span style=\"color: #222222; font-family: Montserrat UltraLight;\">en Las Vegas<\/span><\/span><\/span><\/span><\/h2>\n[\/vc_column_text][vc_column_text]\n<hr\/>\n[\/vc_column_text][vc_empty_space height=\u00bb20px\u00bb][vc_column_text]\n<p style=\"text-align: justify;\">Podr\u00eda necesitar un abogado especializado en casos de agresi\u00f3n si se le acusa de usar fuerza f\u00edsica intencionalmente en su contra. En Nevada, no es necesario que la otra persona presente lesiones f\u00edsicas para que se le condene por agresi\u00f3n. <\/p>\n<p style=\"text-align: justify;\">La agresi\u00f3n es una condena penal grave que permanecer\u00e1 en su registro, lo que har\u00e1 m\u00e1s dif\u00edcil encontrar empleo o alquilar una vivienda.<\/p>\n<p style=\"text-align: justify;\">Con su futuro en juego, necesita un abogado con experiencia en casos de agresi\u00f3n en Las Vegas a su lado. Un abogado experto puede ayudarle a construir un caso s\u00f3lido para su defensa, brind\u00e1ndole la mejor oportunidad de evitar una condena, recibir la pena m\u00e1s baja posible o incluso la desestimaci\u00f3n del caso. <\/p>\n[\/vc_column_text][vc_empty_space height=\u00bb20px\u00bb][vc_column_text]\n<h2 style=\"text-align: center;\"><span style=\"display: inline-block; color: #222222; letter-spacing: 0; line-height: 50px!important;\"><span style=\"color: #222222;\"><span style=\"color: #bb2325;\"><span style=\"color: #222222; font-family: Montserrat UltraLight;\">\u00bfQu\u00e9 es<\/span><\/span> <span style=\"color: #bb2325;\">la bater\u00eda?<\/span><\/span><\/span><\/h2>\n[\/vc_column_text][vc_column_text]\n<hr\/>\n[\/vc_column_text][vc_empty_space height=\u00bb20px\u00bb][vc_column_text]\n<p style=\"text-align: justify;\">Cuando se le acusa de agresi\u00f3n, se le acusa de lo siguiente:<\/p>\n<ul class=\"rm-aboutList\">\n<li>Tocar f\u00edsicamente o usar fuerza ilegal sobre alguien<\/li>\n<li>Con la intenci\u00f3n de hacerles da\u00f1o<\/li>\n<\/ul>\n[\/vc_column_text][vc_row_inner][vc_column_inner][rev_slider_vc alias=\u00bbdui-battery\u00bb][\/vc_column_inner][\/vc_row_inner][\/vc_column][\/vc_row][vc_row css=\u00bb.vc_custom_1472470732270{padding-top: 40px !important;}\u00bb el_class=\u00bbrm-aboutPage\u00bb][vc_column][vc_column_text]\n<h2 style=\"text-align: center;\"><span style=\"display: inline-block; color: #222222; letter-spacing: 0; line-height: 50px!important;\"><span style=\"color: #222222;\"><span style=\"color: #bb2325;\"><span style=\"color: #222222; font-family: Montserrat UltraLight;\">Derecho a<\/span><\/span> <span style=\"color: #bb2325;\">fianza<\/span><\/span><\/span><\/h2>\n[\/vc_column_text][vc_column_text]\n<hr\/>\n[\/vc_column_text][vc_empty_space height=\u00bb20px\u00bb][vc_column_text]\n<p style=\"text-align: justify;\">Salir bajo <span style=\"color: #c8404d;\"><a style=\"color: #c8404d;\" href=\"https:\/\/www.law.cornell.edu\/anncon\/html\/amdt8_user.html\" target=\"_blank\" rel=\"noopener noreferrer\"><span style=\"text-decoration: underline;\">fianza<\/span><\/a><\/span> es un derecho que le otorga la Constituci\u00f3n. Usted es inocente hasta que se demuestre su culpabilidad ante un tribunal. Por lo tanto, no puede ser tratado como un delincuente a menos que sea condenado, y solo despu\u00e9s. Esto significa que debe tener la oportunidad de pagar la fianza.   <\/p>\n<p style=\"text-align: justify;\">Un abogado con experiencia en casos de agresi\u00f3n en Las Vegas puede representarlo en la audiencia de fianza para garantizar que todo salga bien.<\/p>\n[\/vc_column_text][\/vc_column][\/vc_row][vc_row css=\u00bb.vc_custom_1472470732270{padding-top: 40px !important;}\u00bb el_class=\u00bbrm-aboutPage\u00bb][vc_column][vc_column_text]\n<h2 style=\"text-align: center;\"><span style=\"display: inline-block; color: #222222; letter-spacing: 0; line-height: 50px!important;\"><span style=\"color: #222222;\"><span style=\"color: #bb2325;\">Un abogado con experiencia en casos de agresi\u00f3n<\/span><\/span><\/span> <span style=\"display: inline-block; color: #222222; letter-spacing: 0; line-height: 50px!important;\"><span style=\"color: #222222;\"><span style=\"color: #bb2325;\"><span style=\"color: #222222; font-family: Montserrat UltraLight;\">en Las Vegas<\/span><\/span><\/span><\/span> <\/h2>\n[\/vc_column_text][vc_column_text]\n<hr\/>\n[\/vc_column_text][vc_empty_space height=\u00bb20px\u00bb][vc_column_text]\n<p style=\"text-align: justify;\">Al enfrentar cargos penales, es importante tomarse el tiempo necesario para crear una estrategia para su caso. En el <g id=\"gid_0\">Bufete de Abogados Drummond<\/g> , el abogado Craig Drummond se encargar\u00e1 personalmente de su caso, lo que le garantiza m\u00e1s de una d\u00e9cada de experiencia defendiendo a sus clientes ante cargos penales. Este conocimiento le brindar\u00e1 la mejor oportunidad posible de obtener un resultado exitoso en su caso de agresi\u00f3n.  <\/p>\n[\/vc_column_text][\/vc_column][\/vc_row][vc_row css=\u00bb.vc_custom_1472470732270{padding-top: 40px !important;}\u00bb el_class=\u00bbrm-aboutPage\u00bb][vc_column][vc_column_text]\n<h2 style=\"text-align: center;\"><span style=\"display: inline-block; color: #222222; letter-spacing: 0; line-height: 50px!important;\"><span style=\"color: #222222;\"><span style=\"color: #bb2325;\"><span style=\"color: #222222; font-family: Montserrat UltraLight;\">Ir a juicio<\/span><\/span> <span style=\"color: #bb2325;\">o aceptar un acuerdo con la fiscal\u00eda<\/span><\/span><\/span><\/h2>\n[\/vc_column_text][vc_column_text]\n<hr\/>\n[\/vc_column_text][vc_empty_space height=\u00bb20px\u00bb][vc_column_text]\n<p style=\"text-align: justify;\">La respuesta a esta pregunta nunca es sencilla; variar\u00e1 seg\u00fan las particularidades de su caso. Si la fiscal\u00eda ofrece un acuerdo justo, siempre vale la pena considerarlo. Su abogado evaluar\u00e1 el <span style=\"text-decoration: underline; color: #c8404d;\"><a style=\"color: #c8404d; text-decoration: underline;\" href=\"http:\/\/legal-dictionary.thefreedictionary.com\/plea+bargain\" target=\"_blank\" rel=\"noopener noreferrer\">acuerdo<\/a><\/span> con la solidez de su caso y le asesorar\u00e1 en consecuencia. Si es declarado culpable de agresi\u00f3n, podr\u00eda verse obligado a pagar miles de d\u00f3lares en multas y ser condenado a prisi\u00f3n.   <\/p>\n[\/vc_column_text][\/vc_column][\/vc_row][vc_row css=\u00bb.vc_custom_1472470732270{padding-top: 40px !important;}\u00bb el_class=\u00bbrm-aboutPage\u00bb][vc_column][vc_column_text]\n<h2 style=\"text-align: center;\"><span style=\"display: inline-block; color: #222222; letter-spacing: 0; line-height: 50px!important;\"><span style=\"color: #222222;\"><span style=\"color: #bb2325;\"><span style=\"color: #222222; font-family: Montserrat UltraLight;\">Prepar\u00e1ndose para<\/span><\/span> <span style=\"color: #bb2325;\">el juicio<\/span><\/span><\/span><\/h2>\n[\/vc_column_text][vc_column_text]\n<hr\/>\n[\/vc_column_text][vc_empty_space height=\u00bb20px\u00bb][vc_column_text]\n<p style=\"text-align: justify;\">Se celebrar\u00e1n varias audiencias antes de la fecha del juicio. Estas audiencias son cruciales para el resultado del juicio, ya que determinar\u00e1n si se admiten ciertas pruebas. Tambi\u00e9n determinar\u00e1n el grado de los cargos por agresi\u00f3n que enfrentar\u00e1.  <\/p>\n<p style=\"text-align: justify;\">Si lo arrestan y se recolectan pruebas sin orden judicial, se puede presentar una moci\u00f3n durante la audiencia previa al juicio para que se desestimen dichas pruebas y no se puedan usar en su contra. Toda prueba en posesi\u00f3n de la fiscal\u00eda deber\u00e1 ser revisada para presentar contraargumentos siempre que sea posible. <\/p>\n<p style=\"text-align: justify;\">Todo esto hace que sea esencial que usted contrate a un abogado experimentado desde el momento en que se encuentra bajo investigaci\u00f3n criminal o es acusado por primera vez de un delito.<\/p>\n[\/vc_column_text][\/vc_column][\/vc_row][vc_row css=\u00bb.vc_custom_1472470732270{padding-top: 40px !important;}\u00bb el_class=\u00bbrm-aboutPage\u00bb][vc_column][vc_column_text]\n<h2 style=\"text-align: center;\"><span style=\"display: inline-block; color: #222222; letter-spacing: 0; line-height: 50px!important;\"><span style=\"color: #222222;\"><span style=\"color: #bb2325;\"><span style=\"color: #222222; font-family: Montserrat UltraLight;\">Bater\u00eda<\/span><\/span> <span style=\"color: #bb2325;\">RECURSOS LEGALES<\/span><\/span><\/span><\/h2>\n[\/vc_column_text][vc_empty_space height=\u00bb20px\u00bb][vc_column_text]\n<p style=\"text-align: justify;\">Definici\u00f3n de agresi\u00f3n de Nevada &#8211; <strong><span style=\"color: #c8404d;\"><a style=\"color: #c8404d;\" href=\"http:\/\/law.justia.com\/codes\/nevada\/2010\/title15\/chapter200\/nrs200-481.html\" target=\"_blank\" rel=\"noopener noreferrer\"><span style=\"text-decoration: underline;\">NRS 200.481 C\u00f3digo de Nevada &#8211; Agresi\u00f3n<\/span><\/a><\/span><\/strong> : \u201ccualquier uso intencional e ilegal de fuerza o violencia sobre la persona de otra persona\u201d.<\/p>\n[\/vc_column_text][\/vc_column][\/vc_row][vc_section][vc_row content_placement=\u00bbmiddle\u00bb][vc_column width=\u00bb1\/2&#8243; css=\u00bb.vc_custom_1750755748191{padding-top: 0px !important;padding-right: 0px !important;padding-bottom: 0px !important;padding-left: 0px !important;}\u00bb][vc_single_image image=\u00bb33526&#8243; img_size=\u00bbfull\u00bb css=\u00bb.vc_custom_1750756330932{margin-top: 40px !important;margin-right: -40px !important;margin-bottom: 0px !important;margin-left: 0px !important;border-top-width: 10px !important;border-right-width: 10px !important;border-bottom-width: 10px !important;border-left-width: 10px !important;padding-top: 0px !important;padding-right: 0px !important;padding-bottom: 0px !important;padding-left: 0px !important;border-left-style: solid !important;border-right-style: solid !important;border-top-style: solid !important;border-bottom-style: solid !important;border-color: #4E5B31 !important;}\u00bb el_class=\u00bbmap-img\u00bb][\/vc_column][vc_column width=\u00bb1\/2&#8243; css=\u00bb.vc_custom_1750755756908{padding-top: 0px !important;padding-right: 0px !important;padding-bottom: 0px !important;padding-left: 0px !important;}\u00bb][vc_gmaps link=\u00bb#E-8_JTNDaWZyYW1lJTIwc3JjJTNEJTIyaHR0cHMlM0ElMkYlMkZ3d3cuZ29vZ2xlLmNvbSUyRm1hcHMlMkZlbWJlZCUzRnBiJTNEJTIxMW0xOCUyMTFtMTIlMjExbTMlMjExZDMyMjEuOTI3ODY5MzUwNzQ4NiUyMTJkLTExNS4xODYzODI3JTIxM2QzNi4xNDM5Njk1JTIxMm0zJTIxMWYwJTIxMmYwJTIxM2YwJTIxM20yJTIxMWkxMDI0JTIxMmk3NjglMjE0ZjEzLjElMjEzbTMlMjExbTIlMjExczB4ODBjOGMzOWU0Y2M4ZDc2NyUyNTNBMHg5ZjE0NDgyYTBhMDFjNDdkJTIxMnNEcnVtbW9uZCUyNTIwTGF3JTI1M0ElMjUyMENhciUyNTIwQWNjaWRlbnQlMjUyMGFuZCUyNTIwSW5qdXJ5JTI1MjBBdHRvcm5leSUyMTVlMCUyMTNtMiUyMTFzZW4lMjEyc2VjJTIxNHYxNzUwNjkzNDk5MzA5JTIxNW0yJTIxMXNlbiUyMTJzZWMlMjIlMjB3aWR0aCUzRCUyMjYwMCUyMiUyMGhlaWdodCUzRCUyMjM1MCUyMiUyMHN0eWxlJTNEJTIyYm9yZGVyJTNBMCUzQiUyMiUyMGFsbG93ZnVsbHNjcmVlbiUzRCUyMiUyMiUyMGxvYWRpbmclM0QlMjJsYXp5JTIyJTIwcmVmZXJyZXJwb2xpY3klM0QlMjJuby1yZWZlcnJlci13aGVuLWRvd25ncmFkZSUyMiUzRSUzQyUyRmlmcmFtZSUzRQ==\u00bb css=\u00bb.vc_custom_1750755925568{margin-top: 0px !important;margin-right: 0px !important;margin-bottom: 0px !important;margin-left: 0px !important;border-top-width: 0px !important;border-right-width: 0px !important;border-bottom-width: 0px !important;border-left-width: 0px !important;border-color: #FFFFFF !important;}\u00bb][\/vc_column][\/vc_row][\/vc_section]\n<\/div>","protected":false},"excerpt":{"rendered":"<p>[vc_row css=\u00bb.vc_custom_1564437758341{margin-top: -50px !important;}\u00bb el_class=\u00bbrm-aboutPage\u00bb][vc_column][vc_raw_html css=\u00bb\u00bb]W3dwc2VvX2JyZWFkY3J1bWJd[\/vc_raw_html][vc_column_text] Abogado de agresi\u00f3n en Las Vegas [\/vc_column_text][vc_column_text] [\/vc_column_text][vc_empty_space height=\u00bb20px\u00bb][vc_column_text] Podr\u00eda necesitar un abogado especializado&#8230;<\/p>\n","protected":false},"author":3,"featured_media":0,"parent":0,"menu_order":0,"comment_status":"closed","ping_status":"closed","template":"","meta":{"footnotes":""},"class_list":["post-32952","page","type-page","status-publish"],"yoast_head":"<!-- This site is optimized with the Yoast SEO Premium plugin v23.1 (Yoast SEO v24.9) - https:\/\/yoast.com\/wordpress\/plugins\/seo\/ -->\n<title>Abogado de agresi\u00f3n en Las Vegas | Abogados especializados en cargos de agresi\u00f3n en Las Vegas, NV | Abogado de agresi\u00f3n mejor calificado en Nevada<\/title>\n<meta name=\"description\" content=\"\u00bfAcusado de agresi\u00f3n en Las Vegas? Consulte hoy mismo con nuestro abogado especializado en agresi\u00f3n en Las Vegas para defender su libertad con los mejores abogados de defensa penal.\" \/>\n<meta name=\"robots\" content=\"index, follow, max-snippet:-1, max-image-preview:large, max-video-preview:-1\" \/>\n<link rel=\"canonical\" href=\"https:\/\/www.drummondfirm.com\/es\/bateria\/\" \/>\n<meta property=\"og:locale\" content=\"es_ES\" \/>\n<meta property=\"og:type\" content=\"article\" \/>\n<meta property=\"og:title\" content=\"Bater\u00eda\" \/>\n<meta property=\"og:description\" content=\"\u00bfAcusado de agresi\u00f3n en Las Vegas? Consulte hoy mismo con nuestro abogado especializado en agresi\u00f3n en Las Vegas para defender su libertad con los mejores abogados de defensa penal.\" \/>\n<meta property=\"og:url\" content=\"https:\/\/www.drummondfirm.com\/es\/bateria\/\" \/>\n<meta property=\"og:site_name\" content=\"Bufete de abogados Drummond\" \/>\n<meta property=\"article:publisher\" content=\"https:\/\/www.facebook.com\/drummondlawfirmlv\/\" \/>\n<meta property=\"article:modified_time\" content=\"2026-02-27T21:27:15+00:00\" \/>\n<meta name=\"twitter:card\" content=\"summary_large_image\" \/>\n<meta name=\"twitter:label1\" content=\"Tiempo de lectura\" \/>\n\t<meta name=\"twitter:data1\" content=\"5 minutos\" \/>\n<script type=\"application\/ld+json\" class=\"yoast-schema-graph\">{\"@context\":\"https:\/\/schema.org\",\"@graph\":[{\"@type\":\"WebPage\",\"@id\":\"https:\/\/www.drummondfirm.com\/es\/bateria\/\",\"url\":\"https:\/\/www.drummondfirm.com\/es\/bateria\/\",\"name\":\"Abogado de agresi\u00f3n en Las Vegas | Abogados especializados en cargos de agresi\u00f3n en Las Vegas, NV | Abogado de agresi\u00f3n mejor calificado en Nevada\",\"isPartOf\":{\"@id\":\"https:\/\/www.drummondfirm.com\/es\/#website\"},\"datePublished\":\"2016-08-31T19:53:29+00:00\",\"dateModified\":\"2026-02-27T21:27:15+00:00\",\"description\":\"\u00bfAcusado de agresi\u00f3n en Las Vegas? Consulte hoy mismo con nuestro abogado especializado en agresi\u00f3n en Las Vegas para defender su libertad con los mejores abogados de defensa penal.\",\"breadcrumb\":{\"@id\":\"https:\/\/www.drummondfirm.com\/es\/bateria\/#breadcrumb\"},\"inLanguage\":\"es\",\"potentialAction\":[{\"@type\":\"ReadAction\",\"target\":[\"https:\/\/www.drummondfirm.com\/es\/bateria\/\"]}]},{\"@type\":\"BreadcrumbList\",\"@id\":\"https:\/\/www.drummondfirm.com\/es\/bateria\/#breadcrumb\",\"itemListElement\":[{\"@type\":\"ListItem\",\"position\":1,\"name\":\"Abogado de lesiones personales en Las Vegas\",\"item\":\"https:\/\/www.drummondfirm.com\/es\/home-new-seo\/\"},{\"@type\":\"ListItem\",\"position\":2,\"name\":\"Abogado de lesiones en Las Vegas\"}]},{\"@type\":\"WebSite\",\"@id\":\"https:\/\/www.drummondfirm.com\/es\/#website\",\"url\":\"https:\/\/www.drummondfirm.com\/es\/\",\"name\":\"Drummond Law Firm\",\"description\":\"Abogados de lesiones personales en Las Vegas\",\"publisher\":{\"@id\":\"https:\/\/www.drummondfirm.com\/es\/#organization\"},\"potentialAction\":[{\"@type\":\"SearchAction\",\"target\":{\"@type\":\"EntryPoint\",\"urlTemplate\":\"https:\/\/www.drummondfirm.com\/es\/?s={search_term_string}\"},\"query-input\":{\"@type\":\"PropertyValueSpecification\",\"valueRequired\":true,\"valueName\":\"search_term_string\"}}],\"inLanguage\":\"es\"},{\"@type\":\"Organization\",\"@id\":\"https:\/\/www.drummondfirm.com\/es\/#organization\",\"name\":\"Bufete de abogados Drummond\",\"url\":\"https:\/\/www.drummondfirm.com\/es\/\",\"logo\":{\"@type\":\"ImageObject\",\"inLanguage\":\"es\",\"@id\":\"https:\/\/www.drummondfirm.com\/es\/#\/schema\/logo\/image\/\",\"url\":\"https:\/\/www.drummondfirm.com\/wp-content\/uploads\/2023\/06\/Favicon.png\",\"contentUrl\":\"https:\/\/www.drummondfirm.com\/wp-content\/uploads\/2023\/06\/Favicon.png\",\"width\":150,\"height\":150,\"caption\":\"Bufete de abogados Drummond\"},\"image\":{\"@id\":\"https:\/\/www.drummondfirm.com\/es\/#\/schema\/logo\/image\/\"},\"sameAs\":[\"https:\/\/www.facebook.com\/drummondlawfirmlv\/\",\"https:\/\/www.linkedin.com\/company\/drummond-law-firm\",\"https:\/\/www.youtube.com\/channel\/UCx06adFjyj7LjlZuR3ROlPw\",\"https:\/\/www.instagram.com\/callthecaptain_drummondlawfirm\/\"],\"description\":\"Nuestros abogados de lesiones personales de Las Vegas, con amplia experiencia y galardonados premios, le ayudar\u00e1n con su caso. Somos el \u00fanico bufete de abogados en NEVADA con la Garant\u00eda de Honorarios Reducidos\u00ae y no le cobraremos honorarios hasta que ganemos su caso. \",\"email\":\"office@drummondfirm.com\",\"telephone\":\"702-357-9754\",\"legalName\":\"Drummond Law Firm\",\"numberOfEmployees\":{\"@type\":\"QuantitativeValue\",\"minValue\":\"11\",\"maxValue\":\"50\"},\"publishingPrinciples\":\"https:\/\/www.drummondfirm.com\/car-accident-lawyer-las-vegas\/\",\"ownershipFundingInfo\":\"https:\/\/www.drummondfirm.com\/practice-areas\/\"}]}<\/script>\n<!-- \/ Yoast SEO Premium plugin. -->","yoast_head_json":{"title":"Abogado de agresi\u00f3n en Las Vegas | Abogados especializados en cargos de agresi\u00f3n en Las Vegas, NV | Abogado de agresi\u00f3n mejor calificado en Nevada","description":"\u00bfAcusado de agresi\u00f3n en Las Vegas? Consulte hoy mismo con nuestro abogado especializado en agresi\u00f3n en Las Vegas para defender su libertad con los mejores abogados de defensa penal.","robots":{"index":"index","follow":"follow","max-snippet":"max-snippet:-1","max-image-preview":"max-image-preview:large","max-video-preview":"max-video-preview:-1"},"canonical":"https:\/\/www.drummondfirm.com\/es\/bateria\/","og_locale":"es_ES","og_type":"article","og_title":"Bater\u00eda","og_description":"\u00bfAcusado de agresi\u00f3n en Las Vegas? Consulte hoy mismo con nuestro abogado especializado en agresi\u00f3n en Las Vegas para defender su libertad con los mejores abogados de defensa penal.","og_url":"https:\/\/www.drummondfirm.com\/es\/bateria\/","og_site_name":"Bufete de abogados Drummond","article_publisher":"https:\/\/www.facebook.com\/drummondlawfirmlv\/","article_modified_time":"2026-02-27T21:27:15+00:00","twitter_card":"summary_large_image","twitter_misc":{"Tiempo de lectura":"5 minutos"},"schema":{"@context":"https:\/\/schema.org","@graph":[{"@type":"WebPage","@id":"https:\/\/www.drummondfirm.com\/es\/bateria\/","url":"https:\/\/www.drummondfirm.com\/es\/bateria\/","name":"Abogado de agresi\u00f3n en Las Vegas | Abogados especializados en cargos de agresi\u00f3n en Las Vegas, NV | Abogado de agresi\u00f3n mejor calificado en Nevada","isPartOf":{"@id":"https:\/\/www.drummondfirm.com\/es\/#website"},"datePublished":"2016-08-31T19:53:29+00:00","dateModified":"2026-02-27T21:27:15+00:00","description":"\u00bfAcusado de agresi\u00f3n en Las Vegas? Consulte hoy mismo con nuestro abogado especializado en agresi\u00f3n en Las Vegas para defender su libertad con los mejores abogados de defensa penal.","breadcrumb":{"@id":"https:\/\/www.drummondfirm.com\/es\/bateria\/#breadcrumb"},"inLanguage":"es","potentialAction":[{"@type":"ReadAction","target":["https:\/\/www.drummondfirm.com\/es\/bateria\/"]}]},{"@type":"BreadcrumbList","@id":"https:\/\/www.drummondfirm.com\/es\/bateria\/#breadcrumb","itemListElement":[{"@type":"ListItem","position":1,"name":"Abogado de lesiones personales en Las Vegas","item":"https:\/\/www.drummondfirm.com\/es\/home-new-seo\/"},{"@type":"ListItem","position":2,"name":"Abogado de lesiones en Las Vegas"}]},{"@type":"WebSite","@id":"https:\/\/www.drummondfirm.com\/es\/#website","url":"https:\/\/www.drummondfirm.com\/es\/","name":"Drummond Law Firm","description":"Abogados de lesiones personales en Las Vegas","publisher":{"@id":"https:\/\/www.drummondfirm.com\/es\/#organization"},"potentialAction":[{"@type":"SearchAction","target":{"@type":"EntryPoint","urlTemplate":"https:\/\/www.drummondfirm.com\/es\/?s={search_term_string}"},"query-input":{"@type":"PropertyValueSpecification","valueRequired":true,"valueName":"search_term_string"}}],"inLanguage":"es"},{"@type":"Organization","@id":"https:\/\/www.drummondfirm.com\/es\/#organization","name":"Bufete de abogados Drummond","url":"https:\/\/www.drummondfirm.com\/es\/","logo":{"@type":"ImageObject","inLanguage":"es","@id":"https:\/\/www.drummondfirm.com\/es\/#\/schema\/logo\/image\/","url":"https:\/\/www.drummondfirm.com\/wp-content\/uploads\/2023\/06\/Favicon.png","contentUrl":"https:\/\/www.drummondfirm.com\/wp-content\/uploads\/2023\/06\/Favicon.png","width":150,"height":150,"caption":"Bufete de abogados Drummond"},"image":{"@id":"https:\/\/www.drummondfirm.com\/es\/#\/schema\/logo\/image\/"},"sameAs":["https:\/\/www.facebook.com\/drummondlawfirmlv\/","https:\/\/www.linkedin.com\/company\/drummond-law-firm","https:\/\/www.youtube.com\/channel\/UCx06adFjyj7LjlZuR3ROlPw","https:\/\/www.instagram.com\/callthecaptain_drummondlawfirm\/"],"description":"Nuestros abogados de lesiones personales de Las Vegas, con amplia experiencia y galardonados premios, le ayudar\u00e1n con su caso. Somos el \u00fanico bufete de abogados en NEVADA con la Garant\u00eda de Honorarios Reducidos\u00ae y no le cobraremos honorarios hasta que ganemos su caso. ","email":"office@drummondfirm.com","telephone":"702-357-9754","legalName":"Drummond Law Firm","numberOfEmployees":{"@type":"QuantitativeValue","minValue":"11","maxValue":"50"},"publishingPrinciples":"https:\/\/www.drummondfirm.com\/car-accident-lawyer-las-vegas\/","ownershipFundingInfo":"https:\/\/www.drummondfirm.com\/practice-areas\/"}]}},"_links":{"self":[{"href":"https:\/\/www.drummondfirm.com\/es\/wp-json\/wp\/v2\/pages\/32952","targetHints":{"allow":["GET"]}}],"collection":[{"href":"https:\/\/www.drummondfirm.com\/es\/wp-json\/wp\/v2\/pages"}],"about":[{"href":"https:\/\/www.drummondfirm.com\/es\/wp-json\/wp\/v2\/types\/page"}],"author":[{"embeddable":true,"href":"https:\/\/www.drummondfirm.com\/es\/wp-json\/wp\/v2\/users\/3"}],"replies":[{"embeddable":true,"href":"https:\/\/www.drummondfirm.com\/es\/wp-json\/wp\/v2\/comments?post=32952"}],"version-history":[{"count":0,"href":"https:\/\/www.drummondfirm.com\/es\/wp-json\/wp\/v2\/pages\/32952\/revisions"}],"wp:attachment":[{"href":"https:\/\/www.drummondfirm.com\/es\/wp-json\/wp\/v2\/media?parent=32952"}],"curies":[{"name":"wp","href":"https:\/\/api.w.org\/{rel}","templated":true}]}}