{"id":8029,"date":"2026-03-02T07:40:31","date_gmt":"2026-03-02T15:40:31","guid":{"rendered":"https:\/\/drummonddvp.wpenginepowered.com\/abogados-de-lesiones-cerca-del-hospital-mountain-view\/"},"modified":"2026-03-26T07:00:53","modified_gmt":"2026-03-26T15:00:53","slug":"abogados-de-lesiones-cerca-del-hospital-mountain-view","status":"publish","type":"page","link":"https:\/\/www.drummondfirm.com\/es\/abogados-de-lesiones-cerca-del-hospital-mountain-view\/","title":{"rendered":"Abogados de lesiones cerca del Hospital Mountain View"},"content":{"rendered":"<p>\u00a0\n<\/p>\n<h1>Abogados de lesiones cerca del Hospital Mountain View<\/h1>\n<p>\u00a0<\/p>\n<p><a href=\"https:\/\/www.drummondfirm.com\/wp-content\/uploads\/2018\/10\/10399.jpg\"><img fetchpriority=\"high\" decoding=\"async\" src=\"https:\/\/www.drummondfirm.com\/wp-content\/uploads\/2018\/10\/10399.jpg\" alt=\"\" width=\"586\" height=\"440\"><\/a>\u00bfUsted o un ser querido recibe tratamiento m\u00e9dico en <a href=\"https:\/\/mountainview-hospital.com\/\" target=\"_blank\" rel=\"noopener noreferrer\"><strong>el Hospital Mountain View<\/strong><\/a> ? \u00bfHa <a href=\"https:\/\/www.drummondfirm.com\/personal-injury\/car-accident-lawyer\/\" target=\"_blank\" rel=\"noopener noreferrer\">sufrido un accidente automovil\u00edstico<\/a> o <a href=\"https:\/\/www.drummondfirm.com\/es\/lesiones-personales\/\">lesiones personales<\/a> sin tener la culpa? <\/p>\n<p>Antes de contactar a un representante de una compa\u00f1\u00eda de seguros, llame a <a href=\"https:\/\/www.drummondfirm.com\/contact-us\/\" target=\"_blank\" rel=\"noopener noreferrer\">Drummond Law Firm<\/a> . \u00a1Tiene derecho a una consulta gratuita y a la tranquilidad que le ofrece nuestra <a href=\"https:\/\/www.drummondfirm.com\/fair-fee-guarantee\/\" target=\"_blank\" rel=\"noopener noreferrer\">Garant\u00eda de Tarifa Reducida\u00ae\ufe0f<\/a> ! <\/p>\n<p>\u00a0<\/p>\n<p><strong>Ubicaci\u00f3n<\/strong><\/p>\n<p>Mountain View Hospital est\u00e1 ubicado en 3100 N Tenaya Way, Las Vegas NV, 89128, a 10,5 millas de nuestra oficina en 810 S Casino Center Blvd #101, Las Vegas, NV 89101.<\/p>\n<p>\u00bfNecesitas indicaciones? \u00a1Haz clic <a href=\"https:\/\/www.google.com\/maps\/dir\/810+S+Casino+Center+Blvd+%23101,+Las+Vegas,+NV+89101\/3100+N+Tenaya+Way,+Las+Vegas,+NV+89128\/@36.1885857,-115.2356163,13z\/data=!3m1!4b1!4m13!4m12!1m5!1m1!1s0x80c8c39bb427396d:0x7fdba05044999864!2m2!1d-115.150008!2d36.1623394!1m5!1m1!1s0x80c8ea9ad0967e2f:0x42eccfb4dec8e827!2m2!1d-115.2489061!2d36.2156427\" target=\"_blank\" rel=\"noopener noreferrer\">aqu\u00ed<\/a> ! <\/p>\n<p>\u00a0<\/p>\n<p><strong>Registro de seguridad del Centro M\u00e9dico del Hospital Mountain View<\/strong><\/p>\n<p><a href=\"https:\/\/www.healthgrades.com\/hospital-directory\/nevada-nv\/mountainview-hospital-hgstc6f70596290039\" target=\"_blank\" rel=\"noopener noreferrer\">Registros proporcionados por Healthgrades.com<\/a><\/p>\n<ol>\n<li>Muerte en procedimientos donde la mortalidad suele ser muy baja, como se esperaba<\/li>\n<li>\u00dalceras por presi\u00f3n o escaras adquiridas en el hospital, como se espera<\/li>\n<li>Colapso pulmonar debido a un procedimiento o cirug\u00eda en el pecho o alrededor de \u00e9l, como se esperaba<\/li>\n<li>Infecciones del torrente sangu\u00edneo relacionadas con el cat\u00e9ter adquiridas en el hospital, como se esperaba<\/li>\n<li>Fractura de cadera despu\u00e9s de una cirug\u00eda, como se esperaba<\/li>\n<li>Hematomas o sangrado excesivos como consecuencia de un procedimiento o cirug\u00eda, como es de esperar<\/li>\n<li>Desequilibrio electrol\u00edtico y de l\u00edquidos despu\u00e9s de la cirug\u00eda, como se esperaba<\/li>\n<li>Co\u00e1gulos de sangre profundos en los pulmones o las piernas despu\u00e9s de la cirug\u00eda, como es de esperar<\/li>\n<li>Infecci\u00f3n del torrente sangu\u00edneo despu\u00e9s de una cirug\u00eda, como era de esperar<\/li>\n<li>Desglose del sitio de incisi\u00f3n abdominal, como se esperaba<\/li>\n<li>Corte, punci\u00f3n, perforaci\u00f3n o hemorragia accidental durante la atenci\u00f3n m\u00e9dica, como se espera<\/li>\n<li>Muerte tras una grave complicaci\u00f3n tras una cirug\u00eda: peor de lo esperado<\/li>\n<li>Insuficiencia respiratoria despu\u00e9s de la cirug\u00eda: peor de lo esperado<\/li>\n<\/ol>\n<p>\u00a0<\/p>\n<p>\u00a0<\/p>\n<p>\u00a0<\/p>\n<p><strong>Rese\u00f1as del Hospital Mountain View<\/strong><\/p>\n<p> Ga\u00f1ido<\/p>\n<p> <a href=\"https:\/\/www.yelp.com\/biz\/desert-springs-hospital-medical-center-las-vegas\" target=\"_blank\" rel=\"noopener noreferrer\">Los usuarios de Yelp<\/a> le dan a este hospital 3 de 5 estrellas<\/p>\n<p> Google<\/p>\n<p> <a href=\"https:\/\/www.google.com\/maps\/place\/MountainView+Hospital\/@36.2156427,-115.2511001,17z\/data=!3m1!4b1!4m7!3m6!1s0x80c8ea9abf10ef0b:0xd61e9b9737752cc3!8m2!3d36.2156427!4d-115.2489061!9m1!1b1\" target=\"_blank\" rel=\"noopener noreferrer\">Los usuarios de Google<\/a> le dan a este hospital 3,1 de 5 estrellas.<\/p>\n","protected":false},"excerpt":{"rendered":"<p>\u00a0 Abogados de lesiones cerca del Hospital Mountain View \u00a0 \u00bfUsted o un ser querido recibe tratamiento m\u00e9dico en el Hospital Mountain View ? \u00bfHa sufrido un accidente automovil\u00edstico o&hellip; <\/p>\n<p class=\"link-more\"><a href=\"https:\/\/www.drummondfirm.com\/es\/abogados-de-lesiones-cerca-del-hospital-mountain-view\/\" class=\"more-link\">Read More <span class=\"screen-reader-text\"> \u00abAbogados de lesiones cerca del Hospital Mountain View\u00bb<\/span><\/a><\/p>\n","protected":false},"author":2,"featured_media":0,"parent":0,"menu_order":0,"comment_status":"closed","ping_status":"closed","template":"","meta":{"footnotes":""},"class_list":["post-8029","page","type-page","status-publish","hentry"],"yoast_head":"<!-- This site is optimized with the Yoast SEO plugin v27.5 - https:\/\/yoast.com\/product\/yoast-seo-wordpress\/ -->\n<title>Abogados de lesiones cerca del Hospital Mountain View | Drummond Law Firm<\/title>\n<meta name=\"description\" content=\"\u00bfUsted o un ser querido recibe tratamiento m\u00e9dico en el Hospital Mountain View? \u00bfHa sido v\u00edctima de un accidente automovil\u00edstico?\" \/>\n<meta name=\"robots\" content=\"index, follow, max-snippet:-1, max-image-preview:large, max-video-preview:-1\" \/>\n<link rel=\"canonical\" href=\"https:\/\/www.drummondfirm.com\/es\/abogados-de-lesiones-cerca-del-hospital-mountain-view\/\" \/>\n<meta property=\"og:locale\" content=\"es_ES\" \/>\n<meta property=\"og:type\" content=\"article\" \/>\n<meta property=\"og:title\" content=\"Abogados de lesiones cerca del Hospital Mountain View | Drummond Law Firm\" \/>\n<meta property=\"og:description\" content=\"\u00bfUsted o un ser querido recibe tratamiento m\u00e9dico en el Hospital Mountain View? \u00bfHa sido v\u00edctima de un accidente automovil\u00edstico?\" \/>\n<meta property=\"og:url\" content=\"https:\/\/www.drummondfirm.com\/es\/abogados-de-lesiones-cerca-del-hospital-mountain-view\/\" \/>\n<meta property=\"og:site_name\" content=\"Drummond Law Firm\" \/>\n<meta property=\"article:publisher\" content=\"https:\/\/www.facebook.com\/drummondlawfirmlv\/\" \/>\n<meta property=\"article:modified_time\" content=\"2026-03-26T15:00:53+00:00\" \/>\n<meta property=\"og:image\" content=\"https:\/\/www.drummondfirm.com\/wp-content\/uploads\/2018\/10\/10399.jpg\" \/>\n<meta name=\"twitter:card\" content=\"summary_large_image\" \/>\n<meta name=\"twitter:label1\" content=\"Tiempo de lectura\" \/>\n\t<meta name=\"twitter:data1\" content=\"2 minutos\" \/>\n<!-- \/ Yoast SEO plugin. -->","yoast_head_json":{"title":"Abogados de lesiones cerca del Hospital Mountain View | Drummond Law Firm","description":"\u00bfUsted o un ser querido recibe tratamiento m\u00e9dico en el Hospital Mountain View? \u00bfHa sido v\u00edctima de un accidente automovil\u00edstico?","robots":{"index":"index","follow":"follow","max-snippet":"max-snippet:-1","max-image-preview":"max-image-preview:large","max-video-preview":"max-video-preview:-1"},"canonical":"https:\/\/www.drummondfirm.com\/es\/abogados-de-lesiones-cerca-del-hospital-mountain-view\/","og_locale":"es_ES","og_type":"article","og_title":"Abogados de lesiones cerca del Hospital Mountain View | Drummond Law Firm","og_description":"\u00bfUsted o un ser querido recibe tratamiento m\u00e9dico en el Hospital Mountain View? \u00bfHa sido v\u00edctima de un accidente automovil\u00edstico?","og_url":"https:\/\/www.drummondfirm.com\/es\/abogados-de-lesiones-cerca-del-hospital-mountain-view\/","og_site_name":"Drummond Law Firm","article_publisher":"https:\/\/www.facebook.com\/drummondlawfirmlv\/","article_modified_time":"2026-03-26T15:00:53+00:00","og_image":[{"url":"https:\/\/www.drummondfirm.com\/wp-content\/uploads\/2018\/10\/10399.jpg","type":"","width":"","height":""}],"twitter_card":"summary_large_image","twitter_misc":{"Tiempo de lectura":"2 minutos"},"schema":{"@context":"https:\/\/schema.org","@graph":[{"@type":"WebPage","@id":"https:\/\/www.drummondfirm.com\/es\/abogados-de-lesiones-cerca-del-hospital-mountain-view\/","url":"https:\/\/www.drummondfirm.com\/es\/abogados-de-lesiones-cerca-del-hospital-mountain-view\/","name":"Abogados de lesiones cerca del Hospital Mountain View | Drummond Law Firm","isPartOf":{"@id":"https:\/\/www.drummondfirm.com\/es\/#website"},"primaryImageOfPage":{"@id":"https:\/\/www.drummondfirm.com\/es\/abogados-de-lesiones-cerca-del-hospital-mountain-view\/#primaryimage"},"image":{"@id":"https:\/\/www.drummondfirm.com\/es\/abogados-de-lesiones-cerca-del-hospital-mountain-view\/#primaryimage"},"thumbnailUrl":"https:\/\/www.drummondfirm.com\/wp-content\/uploads\/2018\/10\/10399.jpg","datePublished":"2026-03-02T15:40:31+00:00","dateModified":"2026-03-26T15:00:53+00:00","description":"\u00bfUsted o un ser querido recibe tratamiento m\u00e9dico en el Hospital Mountain View? \u00bfHa sido v\u00edctima de un accidente automovil\u00edstico?","breadcrumb":{"@id":"https:\/\/www.drummondfirm.com\/es\/abogados-de-lesiones-cerca-del-hospital-mountain-view\/#breadcrumb"},"inLanguage":"es","potentialAction":[{"@type":"ReadAction","target":["https:\/\/www.drummondfirm.com\/es\/abogados-de-lesiones-cerca-del-hospital-mountain-view\/"]}]},{"@type":"ImageObject","inLanguage":"es","@id":"https:\/\/www.drummondfirm.com\/es\/abogados-de-lesiones-cerca-del-hospital-mountain-view\/#primaryimage","url":"https:\/\/www.drummondfirm.com\/wp-content\/uploads\/2018\/10\/10399.jpg","contentUrl":"https:\/\/www.drummondfirm.com\/wp-content\/uploads\/2018\/10\/10399.jpg"},{"@type":"BreadcrumbList","@id":"https:\/\/www.drummondfirm.com\/es\/abogados-de-lesiones-cerca-del-hospital-mountain-view\/#breadcrumb","itemListElement":[{"@type":"ListItem","position":1,"name":"Abogado de lesiones personales","item":"https:\/\/www.drummondfirm.com\/es\/inicio-actualizacion-de-seo\/"},{"@type":"ListItem","position":2,"name":"Abogados de lesiones cerca del Hospital Mountain View"}]},{"@type":"WebSite","@id":"https:\/\/www.drummondfirm.com\/es\/#website","url":"https:\/\/www.drummondfirm.com\/es\/","name":"Drummond Law Firm","description":"Llama al capit\u00e1n","publisher":{"@id":"https:\/\/www.drummondfirm.com\/es\/#organization"},"potentialAction":[{"@type":"SearchAction","target":{"@type":"EntryPoint","urlTemplate":"https:\/\/www.drummondfirm.com\/es\/?s={search_term_string}"},"query-input":{"@type":"PropertyValueSpecification","valueRequired":true,"valueName":"search_term_string"}}],"inLanguage":"es"},{"@type":"Organization","@id":"https:\/\/www.drummondfirm.com\/es\/#organization","name":"Drummond Law Firm","url":"https:\/\/www.drummondfirm.com\/es\/","logo":{"@type":"ImageObject","inLanguage":"es","@id":"https:\/\/www.drummondfirm.com\/es\/#\/schema\/logo\/image\/","url":"","contentUrl":"","caption":"Drummond Law Firm"},"image":{"@id":"https:\/\/www.drummondfirm.com\/es\/#\/schema\/logo\/image\/"},"sameAs":["https:\/\/www.facebook.com\/drummondlawfirmlv\/","https:\/\/www.linkedin.com\/company\/drummond-law-firm","https:\/\/www.youtube.com\/channel\/UCx06adFjyj7LjlZuR3ROlPw","https:\/\/www.instagram.com\/callthecaptain_drummondlawfirm\/"]}]}},"featured_image_src":null,"featured_image_src_square":null,"_links":{"self":[{"href":"https:\/\/www.drummondfirm.com\/es\/wp-json\/wp\/v2\/pages\/8029","targetHints":{"allow":["GET"]}}],"collection":[{"href":"https:\/\/www.drummondfirm.com\/es\/wp-json\/wp\/v2\/pages"}],"about":[{"href":"https:\/\/www.drummondfirm.com\/es\/wp-json\/wp\/v2\/types\/page"}],"author":[{"embeddable":true,"href":"https:\/\/www.drummondfirm.com\/es\/wp-json\/wp\/v2\/users\/2"}],"replies":[{"embeddable":true,"href":"https:\/\/www.drummondfirm.com\/es\/wp-json\/wp\/v2\/comments?post=8029"}],"version-history":[{"count":0,"href":"https:\/\/www.drummondfirm.com\/es\/wp-json\/wp\/v2\/pages\/8029\/revisions"}],"wp:attachment":[{"href":"https:\/\/www.drummondfirm.com\/es\/wp-json\/wp\/v2\/media?parent=8029"}],"curies":[{"name":"wp","href":"https:\/\/api.w.org\/{rel}","templated":true}]}}