{"id":8032,"date":"2026-03-02T07:40:31","date_gmt":"2026-03-02T15:40:31","guid":{"rendered":"https:\/\/drummonddvp.wpenginepowered.com\/abogados-de-lesiones-cerca-de-st-rose-siena\/"},"modified":"2026-03-26T07:00:53","modified_gmt":"2026-03-26T15:00:53","slug":"abogados-de-lesiones-cerca-de-st-rose-siena","status":"publish","type":"page","link":"https:\/\/www.drummondfirm.com\/es\/abogados-de-lesiones-cerca-de-st-rose-siena\/","title":{"rendered":"Abogados de lesiones cerca de St. Rose Siena"},"content":{"rendered":"<p>\u00a0\n<\/p>\n<h1>Abogados de lesiones cerca del Hospital St. Rose de Siena<\/h1>\n<p>\u00a0<\/p>\n<p><img fetchpriority=\"high\" decoding=\"async\" src=\"https:\/\/www.drummondfirm.com\/wp-content\/uploads\/2018\/10\/st-rose-office-1.jpg\" alt=\"\" width=\"580\" height=\"372\">\u00bfUsted o un ser querido recibe tratamiento m\u00e9dico en <a href=\"https:\/\/www.dignityhealth.org\/las-vegas\/locations\/siena\" target=\"_blank\" rel=\"noopener noreferrer\"><strong>el Hospital Dominico Santa Rosa de Siena<\/strong><\/a> ? \u00bfHa <a href=\"https:\/\/www.drummondfirm.com\/personal-injury\/car-accident-lawyer\/\" target=\"_blank\" rel=\"noopener noreferrer\">sufrido un accidente automovil\u00edstico<\/a> o <a href=\"https:\/\/www.drummondfirm.com\/es\/lesiones-personales\/\" target=\"_blank\" rel=\"noopener noreferrer\">lesiones personales<\/a> sin tener la culpa? <\/p>\n<p>Antes de contactar a un representante de una compa\u00f1\u00eda de seguros, llame a <a href=\"https:\/\/www.drummondfirm.com\/contact-us\/\" target=\"_blank\" rel=\"noopener noreferrer\">Drummond Law Firm<\/a> . \u00a1Tiene derecho a una consulta gratuita y a la tranquilidad que le ofrece nuestra <a href=\"https:\/\/www.drummondfirm.com\/fair-fee-guarantee\/\" target=\"_blank\" rel=\"noopener noreferrer\">Garant\u00eda de Tarifa Reducida\u00ae\ufe0f<\/a> ! <\/p>\n<p><strong>Ubicaci\u00f3n<\/strong><\/p>\n<p>St. Rose Hospital Siena est\u00e1 ubicado en 3001 Saint Rose Pkwy, Henderson NV, 89052, a 14.5 millas de nuestra oficina en 810 S Casino Center Blvd #101, Las Vegas, NV 89101.<\/p>\n<p>\u00bfNecesitas indicaciones? \u00a1Haz clic <a href=\"https:\/\/www.google.com\/maps\/dir\/Dignity+Health+-+St.+Rose+Dominican,+Siena+Campus,+3001+St+Rose+Pkwy,+Henderson,+NV+89052\/Drummond+Law+Firm,+South+Casino+Center+Boulevard+%23101,+Las+Vegas,+NV\/@36.0891317,-115.1685803,12z\/data=!3m1!4b1!4m14!4m13!1m5!1m1!1s0x80c8ce128c7f2521:0x1bbed9b0699f6a3f!2m2!1d-115.1150318!2d36.0042484!1m5!1m1!1s0x80c8c39e4cc8d767:0x9f14482a0a01c47d!2m2!1d-115.1500236!2d36.1623832!3e0\" target=\"_blank\" rel=\"noopener noreferrer\">aqu\u00ed<\/a> !<\/p>\n<h4><strong>Hospital St. Rose Siena &#8211; Registro de seguridad del campus<\/strong><\/h4>\n<p><a href=\"https:\/\/www.healthgrades.com\/hospital-directory\/nevada-nv\/st-rose-dominican-siena-campus-hgstb0e68041290045\" target=\"_blank\" rel=\"noopener noreferrer\">Registros proporcionados por Healthgrades.com<\/a><\/p>\n<ol>\n<li>Hematomas o sangrado excesivos como consecuencia de un procedimiento o cirug\u00eda: mejor de lo esperado<\/li>\n<li>Infecci\u00f3n del torrente sangu\u00edneo despu\u00e9s de una cirug\u00eda: mejor de lo esperado<\/li>\n<li>Corte, punci\u00f3n, perforaci\u00f3n o hemorragia accidental durante la atenci\u00f3n m\u00e9dica: mejor de lo esperado<\/li>\n<li>Muerte en procedimientos donde la mortalidad suele ser muy baja, como se esperaba<\/li>\n<li>\u00dalceras por presi\u00f3n o escaras adquiridas en el hospital, como se espera<\/li>\n<li>Muerte tras una grave complicaci\u00f3n tras una cirug\u00eda, como se esperaba<\/li>\n<li>Colapso pulmonar debido a un procedimiento o cirug\u00eda en el pecho o alrededor de \u00e9l, como se esperaba<\/li>\n<li>Fractura de cadera despu\u00e9s de una cirug\u00eda, como se esperaba<\/li>\n<li>Insuficiencia respiratoria despu\u00e9s de la cirug\u00eda, como era de esperar<\/li>\n<li>Desglose del sitio de incisi\u00f3n abdominal, como se esperaba<\/li>\n<li>Infecciones del torrente sangu\u00edneo relacionadas con el cat\u00e9ter adquiridas en el hospital: peores de lo esperado<\/li>\n<li>Desequilibrio electrol\u00edtico y de l\u00edquidos despu\u00e9s de la cirug\u00eda: peor de lo esperado<\/li>\n<li>Co\u00e1gulos de sangre profundos en los pulmones o las piernas despu\u00e9s de una cirug\u00eda: peores de lo esperado<\/li>\n<\/ol>\n<p>\u00a0<\/p>\n<p>\u00a0<\/p>\n<p>\u00a0<\/p>\n<h3><strong>Rese\u00f1as del Hospital Santa Rosa de Siena &#8211; Campus de Siena<\/strong><\/h3>\n<p>Ga\u00f1ido<\/p>\n<p><a href=\"https:\/\/www.yelp.com\/biz\/st-rose-dominican-hospital-siena-campus-henderson\" target=\"_blank\" rel=\"noopener noreferrer\">Los usuarios de Yelp<\/a> le dan a este hospital 3 de 5 estrellas<\/p>\n<p>Google<\/p>\n<p><a href=\"https:\/\/www.google.com\/maps\/place\/Dignity+Health+-+St.+Rose+Dominican,+Siena+Campus\/@36.0042484,-115.1172258,17z\/data=!4m7!3m6!1s0x80c8ce128c7f2521:0x1bbed9b0699f6a3f!8m2!3d36.0042482!4d-115.1150317!9m1!1b1\" target=\"_blank\" rel=\"noopener noreferrer\">Los usuarios de Google<\/a> le dan a este hospital 3,1 de 5 estrellas.<\/p>\n","protected":false},"excerpt":{"rendered":"<p>\u00a0 Abogados de lesiones cerca del Hospital St. Rose de Siena \u00a0 \u00bfUsted o un ser querido recibe tratamiento m\u00e9dico en el Hospital Dominico Santa Rosa de Siena ? \u00bfHa&hellip; <\/p>\n<p class=\"link-more\"><a href=\"https:\/\/www.drummondfirm.com\/es\/abogados-de-lesiones-cerca-de-st-rose-siena\/\" class=\"more-link\">Read More <span class=\"screen-reader-text\"> \u00abAbogados de lesiones cerca de St. Rose Siena\u00bb<\/span><\/a><\/p>\n","protected":false},"author":2,"featured_media":0,"parent":0,"menu_order":0,"comment_status":"closed","ping_status":"closed","template":"","meta":{"footnotes":""},"class_list":["post-8032","page","type-page","status-publish","hentry"],"yoast_head":"<!-- This site is optimized with the Yoast SEO plugin v27.6 - https:\/\/yoast.com\/product\/yoast-seo-wordpress\/ -->\n<title>Abogados de lesiones cerca del Hospital St. Rose de Siena | Bufete de Abogados Drummond<\/title>\n<meta name=\"description\" content=\"\u00bfBusca un abogado especializado en lesiones personales para el Hospital St. Rose de Siena? Llame hoy mismo al Bufete de Abogados Drummond para una consulta gratuita. 702-366-9966.\" \/>\n<meta name=\"robots\" content=\"index, follow, max-snippet:-1, max-image-preview:large, max-video-preview:-1\" \/>\n<link rel=\"canonical\" href=\"https:\/\/www.drummondfirm.com\/es\/abogados-de-lesiones-cerca-de-st-rose-siena\/\" \/>\n<meta property=\"og:locale\" content=\"es_ES\" \/>\n<meta property=\"og:type\" content=\"article\" \/>\n<meta property=\"og:title\" content=\"Abogados de lesiones cerca del Hospital St. Rose de Siena | Bufete de Abogados Drummond\" \/>\n<meta property=\"og:description\" content=\"\u00bfBusca un abogado especializado en lesiones personales para el Hospital St. Rose de Siena? Llame hoy mismo al Bufete de Abogados Drummond para una consulta gratuita. 702-366-9966.\" \/>\n<meta property=\"og:url\" content=\"https:\/\/www.drummondfirm.com\/es\/abogados-de-lesiones-cerca-de-st-rose-siena\/\" \/>\n<meta property=\"og:site_name\" content=\"Drummond Law Firm\" \/>\n<meta property=\"article:publisher\" content=\"https:\/\/www.facebook.com\/drummondlawfirmlv\/\" \/>\n<meta property=\"article:modified_time\" content=\"2026-03-26T15:00:53+00:00\" \/>\n<meta property=\"og:image\" content=\"https:\/\/www.drummondfirm.com\/wp-content\/uploads\/2018\/10\/st-rose-office-1.jpg\" \/>\n<meta name=\"twitter:card\" content=\"summary_large_image\" \/>\n<meta name=\"twitter:label1\" content=\"Tiempo de lectura\" \/>\n\t<meta name=\"twitter:data1\" content=\"2 minutos\" \/>\n<!-- \/ Yoast SEO plugin. -->","yoast_head_json":{"title":"Abogados de lesiones cerca del Hospital St. Rose de Siena | Bufete de Abogados Drummond","description":"\u00bfBusca un abogado especializado en lesiones personales para el Hospital St. Rose de Siena? Llame hoy mismo al Bufete de Abogados Drummond para una consulta gratuita. 702-366-9966.","robots":{"index":"index","follow":"follow","max-snippet":"max-snippet:-1","max-image-preview":"max-image-preview:large","max-video-preview":"max-video-preview:-1"},"canonical":"https:\/\/www.drummondfirm.com\/es\/abogados-de-lesiones-cerca-de-st-rose-siena\/","og_locale":"es_ES","og_type":"article","og_title":"Abogados de lesiones cerca del Hospital St. Rose de Siena | Bufete de Abogados Drummond","og_description":"\u00bfBusca un abogado especializado en lesiones personales para el Hospital St. Rose de Siena? Llame hoy mismo al Bufete de Abogados Drummond para una consulta gratuita. 702-366-9966.","og_url":"https:\/\/www.drummondfirm.com\/es\/abogados-de-lesiones-cerca-de-st-rose-siena\/","og_site_name":"Drummond Law Firm","article_publisher":"https:\/\/www.facebook.com\/drummondlawfirmlv\/","article_modified_time":"2026-03-26T15:00:53+00:00","og_image":[{"url":"https:\/\/www.drummondfirm.com\/wp-content\/uploads\/2018\/10\/st-rose-office-1.jpg","type":"","width":"","height":""}],"twitter_card":"summary_large_image","twitter_misc":{"Tiempo de lectura":"2 minutos"},"schema":{"@context":"https:\/\/schema.org","@graph":[{"@type":"WebPage","@id":"https:\/\/www.drummondfirm.com\/es\/abogados-de-lesiones-cerca-de-st-rose-siena\/","url":"https:\/\/www.drummondfirm.com\/es\/abogados-de-lesiones-cerca-de-st-rose-siena\/","name":"Abogados de lesiones cerca del Hospital St. Rose de Siena | Bufete de Abogados Drummond","isPartOf":{"@id":"https:\/\/www.drummondfirm.com\/es\/#website"},"primaryImageOfPage":{"@id":"https:\/\/www.drummondfirm.com\/es\/abogados-de-lesiones-cerca-de-st-rose-siena\/#primaryimage"},"image":{"@id":"https:\/\/www.drummondfirm.com\/es\/abogados-de-lesiones-cerca-de-st-rose-siena\/#primaryimage"},"thumbnailUrl":"https:\/\/www.drummondfirm.com\/wp-content\/uploads\/2018\/10\/st-rose-office-1.jpg","datePublished":"2026-03-02T15:40:31+00:00","dateModified":"2026-03-26T15:00:53+00:00","description":"\u00bfBusca un abogado especializado en lesiones personales para el Hospital St. Rose de Siena? Llame hoy mismo al Bufete de Abogados Drummond para una consulta gratuita. 702-366-9966.","breadcrumb":{"@id":"https:\/\/www.drummondfirm.com\/es\/abogados-de-lesiones-cerca-de-st-rose-siena\/#breadcrumb"},"inLanguage":"es","potentialAction":[{"@type":"ReadAction","target":["https:\/\/www.drummondfirm.com\/es\/abogados-de-lesiones-cerca-de-st-rose-siena\/"]}]},{"@type":"ImageObject","inLanguage":"es","@id":"https:\/\/www.drummondfirm.com\/es\/abogados-de-lesiones-cerca-de-st-rose-siena\/#primaryimage","url":"https:\/\/www.drummondfirm.com\/wp-content\/uploads\/2018\/10\/st-rose-office-1.jpg","contentUrl":"https:\/\/www.drummondfirm.com\/wp-content\/uploads\/2018\/10\/st-rose-office-1.jpg"},{"@type":"BreadcrumbList","@id":"https:\/\/www.drummondfirm.com\/es\/abogados-de-lesiones-cerca-de-st-rose-siena\/#breadcrumb","itemListElement":[{"@type":"ListItem","position":1,"name":"Abogado de lesiones personales","item":"https:\/\/www.drummondfirm.com\/es\/inicio-actualizacion-de-seo\/"},{"@type":"ListItem","position":2,"name":"Abogados de lesiones cerca de St. Rose Siena"}]},{"@type":"WebSite","@id":"https:\/\/www.drummondfirm.com\/es\/#website","url":"https:\/\/www.drummondfirm.com\/es\/","name":"Drummond Law Firm","description":"Llama al capit\u00e1n","publisher":{"@id":"https:\/\/www.drummondfirm.com\/es\/#organization"},"potentialAction":[{"@type":"SearchAction","target":{"@type":"EntryPoint","urlTemplate":"https:\/\/www.drummondfirm.com\/es\/?s={search_term_string}"},"query-input":{"@type":"PropertyValueSpecification","valueRequired":true,"valueName":"search_term_string"}}],"inLanguage":"es"},{"@type":"Organization","@id":"https:\/\/www.drummondfirm.com\/es\/#organization","name":"Drummond Law Firm","url":"https:\/\/www.drummondfirm.com\/es\/","logo":{"@type":"ImageObject","inLanguage":"es","@id":"https:\/\/www.drummondfirm.com\/es\/#\/schema\/logo\/image\/","url":"","contentUrl":"","caption":"Drummond Law Firm"},"image":{"@id":"https:\/\/www.drummondfirm.com\/es\/#\/schema\/logo\/image\/"},"sameAs":["https:\/\/www.facebook.com\/drummondlawfirmlv\/","https:\/\/www.linkedin.com\/company\/drummond-law-firm","https:\/\/www.youtube.com\/channel\/UCx06adFjyj7LjlZuR3ROlPw","https:\/\/www.instagram.com\/callthecaptain_drummondlawfirm\/"]}]}},"featured_image_src":null,"featured_image_src_square":null,"_links":{"self":[{"href":"https:\/\/www.drummondfirm.com\/es\/wp-json\/wp\/v2\/pages\/8032","targetHints":{"allow":["GET"]}}],"collection":[{"href":"https:\/\/www.drummondfirm.com\/es\/wp-json\/wp\/v2\/pages"}],"about":[{"href":"https:\/\/www.drummondfirm.com\/es\/wp-json\/wp\/v2\/types\/page"}],"author":[{"embeddable":true,"href":"https:\/\/www.drummondfirm.com\/es\/wp-json\/wp\/v2\/users\/2"}],"replies":[{"embeddable":true,"href":"https:\/\/www.drummondfirm.com\/es\/wp-json\/wp\/v2\/comments?post=8032"}],"version-history":[{"count":0,"href":"https:\/\/www.drummondfirm.com\/es\/wp-json\/wp\/v2\/pages\/8032\/revisions"}],"wp:attachment":[{"href":"https:\/\/www.drummondfirm.com\/es\/wp-json\/wp\/v2\/media?parent=8032"}],"curies":[{"name":"wp","href":"https:\/\/api.w.org\/{rel}","templated":true}]}}