{"id":8035,"date":"2026-03-02T07:40:31","date_gmt":"2026-03-02T15:40:31","guid":{"rendered":"https:\/\/drummonddvp.wpenginepowered.com\/accidentes-de-lyft\/"},"modified":"2026-03-26T07:00:54","modified_gmt":"2026-03-26T15:00:54","slug":"accidentes-de-lyft","status":"publish","type":"page","link":"https:\/\/www.drummondfirm.com\/es\/accidentes-de-lyft\/","title":{"rendered":"Accidentes de Lyft"},"content":{"rendered":"<\/p>\n<h2>Abogado de accidentes de Lyft <strong>en Las Vegas<\/strong><\/h2>\n<hr>\n<p>Sin la ayuda de un abogado experto en accidentes de Lyft en Las Vegas, muchos conductores y peatones lesionados nunca reciben una compensaci\u00f3n justa. A diferencia de la mayor\u00eda de los accidentes automovil\u00edsticos, los conductores negligentes de Lyft pueden tener p\u00f3lizas de seguro personales y de la compa\u00f1\u00eda. Si bien estas p\u00f3lizas brindan mayor protecci\u00f3n a los clientes de Lyft, pueden causar confusi\u00f3n y disputas despu\u00e9s de un accidente grave.<\/p>\n<p>\u00a0<\/p>\n<h2><strong>\u00bfQu\u00e9 es<\/strong> Lyft?<\/h2>\n<hr>\n<p>Desde la legalizaci\u00f3n de los viajes compartidos en 2015, un n\u00famero cada vez mayor de residentes, visitantes y turistas de Las Vegas utilizan Lyft (y su principal competidor, Uber). A diferencia de un taxi tradicional, los conductores de Lyft utilizan sus propios veh\u00edculos y trabajan como aut\u00f3nomos o por contrato. En lugar de parar un taxi o usar una parada de taxis, tanto clientes como conductores utilizan una aplicaci\u00f3n para coordinar viajes y gestionar los pagos. Muchas personas consideran que Lyft es una opci\u00f3n de transporte f\u00e1cil y econ\u00f3mica.<\/p>\n<p>Sin embargo, el uso de Lyft en Las Vegas difiere de otros lugares en varios aspectos:<\/p>\n<ul>\n<li>El aeropuerto y la mayor\u00eda de los hoteles tienen zonas de recogida espec\u00edficas para Lyft. Es posible que te dirijan a un estacionamiento u otra zona para encontrar tu veh\u00edculo de Lyft.<\/li>\n<li>Durante las horas punta, las tarifas de Lyft se multiplican por un multiplicador. En Las Vegas, esto puede ocurrir tanto de d\u00eda como de noche, especialmente durante ferias comerciales con mucha afluencia.<\/li>\n<\/ul>\n<p>Adem\u00e1s, las leyes de Nevada y las pol\u00edticas de Lyft pueden complicar los accidentes automovil\u00edsticos que involucran a un conductor de Lyft. Muchos conductores, pasajeros y peatones lesionados necesitan la ayuda de un abogado especializado en accidentes de Lyft en Las Vegas con sus reclamos.<\/p>\n<p>Desafortunadamente, los accidentes en viajes compartidos son inevitables. Algunos conductores de Lyft se distraen con la aplicaci\u00f3n y desconocen la ruta que les indica, lo que aumenta la probabilidad de colisiones y accidentes graves. Inicialmente, Lyft y otras compa\u00f1\u00edas de viajes compartidos negaron su responsabilidad por los accidentes de sus conductores.<\/p>\n<p>En 2013, una ni\u00f1a peatona de seis a\u00f1os en California muri\u00f3 tr\u00e1gicamente a manos de un conductor de Uber distra\u00eddo. Sus padres presentaron una demanda por homicidio culposo contra Uber y presionaron para una mayor regulaci\u00f3n estatal. En respuesta a estas acciones, tanto Lyft como Uber comenzaron a ofrecer p\u00f3lizas de responsabilidad civil de un mill\u00f3n de d\u00f3lares a sus conductores.<\/p>\n<h2><strong>SI RESULTO LESIONADO EN UN ACCIDENTE DE LYFT, \u00bf<\/strong> QUI\u00c9N PAGA MIS LESIONES?<\/h2>\n<p>En otras palabras, la compa\u00f1\u00eda de seguros del conductor negligente es financieramente responsable de las lesiones y p\u00e9rdidas causadas por el accidente. Con la ayuda de un abogado especializado en accidentes de Lyft en Las Vegas, podr\u00eda recibir una compensaci\u00f3n por:<\/p>\n<ul>\n<li>Sus facturas m\u00e9dicas,<\/li>\n<li>Su salario perdido,<\/li>\n<li>La reparaci\u00f3n y sustituci\u00f3n de los bienes da\u00f1ados, y<\/li>\n<li>Otros da\u00f1os (como el dolor y el sufrimiento).<\/li>\n<\/ul>\n<p>Las p\u00f3lizas comerciales de Lyft, con un valor de $1 mill\u00f3n, superan ampliamente los requisitos m\u00ednimos de seguro de auto de Nevada. Sin embargo, no todos los accidentes est\u00e1n cubiertos por las p\u00f3lizas de responsabilidad civil y para conductores sin seguro o con seguro insuficiente de Lyft.<\/p>\n<p>A diferencia de un servicio de taxi o limusina, Lyft no posee su propia flota de veh\u00edculos. Cada conductor aut\u00f3nomo opera su propio veh\u00edculo y debe tener una p\u00f3liza de seguro personal. Dependiendo del momento del accidente, la cobertura del seguro puede variar.<\/p>\n<ul>\n<li>Cuando el conductor de Lyft est\u00e1 fuera de servicio, sus p\u00f3lizas de seguro personales brindan cobertura.<\/li>\n<li>Cuando el conductor inicia sesi\u00f3n y espera una solicitud de viaje, su seguro personal es el principal responsable. Sin embargo, Lyft tambi\u00e9n ofrece una cobertura de seguro de exceso moderada.<\/li>\n<li>Finalmente, cuando el conductor se dirige a una recogida o tiene un pasajero, las p\u00f3lizas de responsabilidad civil y de seguro insuficiente o sin seguro de Lyft por un mill\u00f3n de d\u00f3lares entran en vigencia.<\/li>\n<\/ul>\n<p>Desafortunadamente, estas p\u00f3lizas de seguro competidoras podr\u00edan intentar eludir la responsabilidad de su reclamo. Un abogado con experiencia en accidentes de Lyft en Las Vegas puede ayudarle a navegar el proceso de reclamo y proteger sus derechos.<\/p>\n<h2><strong>RECLAMACIONES POR<\/strong> CONDUCTORES DE LYFT LESIONADOS<\/h2>\n<hr>\n<p>Los conductores de Lyft son contratistas independientes y no reciben compensaci\u00f3n laboral en Nevada. En primer lugar, si otro conductor tiene la culpa del accidente, su seguro suele ser responsable de cubrir sus p\u00e9rdidas.<\/p>\n<p>Sin embargo, si usted es culpable del accidente, su cobertura de seguro variar\u00e1 dependiendo de los hechos de su caso.<\/p>\n<ul>\n<li>Si est\u00e1 desconectado, se aplica su p\u00f3liza de seguro de autom\u00f3vil personal.<\/li>\n<li>Si est\u00e1 conectado a internet, pero no ha aceptado una solicitud de viaje, su seguro personal es el principal responsable. Lyft ofrece cierta cobertura de responsabilidad civil adicional durante esta fase.<\/li>\n<\/ul>\n<p>Lyft tambi\u00e9n ofrece cobertura de colisi\u00f3n contingente, que ayuda a cubrir los da\u00f1os a su veh\u00edculo. Si necesita ayuda para determinar qu\u00e9 compa\u00f1\u00eda de seguros es responsable, contacte con un abogado especializado en accidentes de Lyft en Las Vegas.<\/p>\n<p>Desglose de la cobertura del seguro del <a href=\"https:\/\/www.lyft.com\/driver\/insurance\">sitio web de Lyft<\/a><\/p>\n<section id=\"what-lyft-covers\" data-tracking-action=\"view\" data-tracking-category=\"Paragraph\" data-tracking-label=\"Insurance &gt; What Lyft covers\">\n<div>\n<div>\n<div>\n<div>\n<div>\n<div>\n<h2>Qu\u00e9 cubre Lyft<\/h2>\n<\/div>\n<div>\n<p>Hay tres per\u00edodos distintos que determinan su cobertura de seguro mientras conduce.<\/p>\n<\/div>\n<\/div>\n<\/div>\n<\/div>\n<\/div>\n<\/div>\n<\/section>\n<section data-tracking-action=\"view\" data-tracking-category=\"ContentList\" data-tracking-label=\"Insurance &gt; App directions\">\n<div>\n<div>\n<div>\n<div>\n<h3>La aplicaci\u00f3n est\u00e1 desactivada<\/h3>\n<div>\n<div>\n<div>\n<p>Se aplica su cobertura de seguro de autom\u00f3vil personal.<\/p>\n<\/div>\n<\/div>\n<\/div>\n<\/div>\n<\/div>\n<\/div>\n<\/div>\n<div>\n<div>\n<div>\n<div>\n<h3>La aplicaci\u00f3n est\u00e1 encendida, esperando una solicitud de viaje.<\/h3>\n<div>\n<div>\n<div>\n<p>Lyft ofrece un seguro de responsabilidad civil ante terceros para accidentes cubiertos si su seguro personal no aplica. <sup>1<\/sup><\/p>\n<\/div>\n<ul>\n<li>$50,000 por persona por lesiones corporales<\/li>\n<li>$100,000\/accidente por lesiones corporales<\/li>\n<li>$25,000\/accidente por da\u00f1os a la propiedad<\/li>\n<\/ul>\n<\/div>\n<\/div>\n<\/div>\n<\/div>\n<\/div>\n<div>La aplicaci\u00f3n est\u00e1 activada, recogiendo pasajeros o durante los viajes.<\/div>\n<\/div>\n<div>\n<div>\n<div>\n<div>\n<div>\n<div><\/div>\n<div>\n<div>\n<p>Lyft ofrece el siguiente seguro para accidentes cubiertos:<\/p>\n<\/div>\n<ul>\n<li>$1,000,000 por responsabilidad civil de terceros <sup>1<\/sup><\/li>\n<li>Lesiones corporales causadas por conductores sin seguro o con seguro insuficiente <sup>2<\/sup><\/li>\n<li>Cobertura integral y de colisi\u00f3n contingente hasta el valor real en efectivo del veh\u00edculo (deducible de $2,500) <sup>3<\/sup><\/li>\n<\/ul>\n<\/div>\n<\/div>\n<\/div>\n<\/div>\n<\/div>\n<\/div>\n<\/section>\n<section data-tracking-action=\"view\" data-tracking-category=\"LegalText\" data-tracking-label=\"Insurance &gt; Legal notes\">\n<div>\n<div>\n<div>\n<div>\n<p><em>1 Las p\u00f3lizas pueden modificarse para cumplir con los requisitos de seguro estatales o de la ciudad.<br \/>\n2 La cobertura, cuando se proporcione, podr\u00e1 modificarse en la medida que lo permita la ley.<br \/>\n3 Se aplica si un conductor ha obtenido cobertura contra todo riesgo y colisi\u00f3n en su p\u00f3liza de seguro de autom\u00f3vil personal.<\/em><\/p>\n<p>Tambi\u00e9n es importante entender que la mayor\u00eda de las p\u00f3lizas de seguro personal no cubren accidentes que ocurran mientras realizas una actividad comercial. Si eres conductor de Lyft, deber\u00edas considerar seriamente adquirir una p\u00f3liza de seguro adicional para TNC\/viajes compartidos, que cubra espec\u00edficamente los accidentes que ocurran mientras est\u00e1s conectado a Lyft. <\/p>\n<\/div>\n<\/div>\n<\/div>\n<\/div>\n<\/section>\n<h2><strong>\u00bfQU\u00c9 HACER CUANDO SE VE<\/strong> INVOLUCRADO EN UN ACCIDENTE DE LYFT?<\/h2>\n<p>Si sufre lesiones en un accidente de auto en Las Vegas, es importante documentar adecuadamente el accidente y sus lesiones. Si se ve involucrado en un accidente de Lyft, debe:<\/p>\n<ul>\n<li>Comun\u00edquese con la polic\u00eda y presente un informe de accidente.<\/li>\n<li>Busque atenci\u00f3n m\u00e9dica, si es necesario,<\/li>\n<li>Tome fotograf\u00edas de la escena del accidente y de sus lesiones,<\/li>\n<li>Obtenga los nombres y la informaci\u00f3n de contacto de cualquier testigo,<\/li>\n<li>Obtenga informaci\u00f3n del seguro del conductor, incluida informaci\u00f3n sobre las pol\u00edticas comerciales de Lyft,<\/li>\n<\/ul>\n<p>Este proceso puede resultar abrumador. Un abogado especializado en accidentes de Lyft en Las Vegas puede ayudarle a reunir las pruebas necesarias, construir un caso s\u00f3lido para obtener una indemnizaci\u00f3n y determinar qu\u00e9 compa\u00f1\u00eda de seguros es responsable financieramente de sus p\u00e9rdidas.<\/p>\n<div><strong>HABLE CON UN<\/strong> ABOGADO DE ACCIDENTES DE LYFT EN LAS VEGAS<\/div>\n<div>\n<hr>\n<\/div>\n<hr>\n<p>Un abogado con experiencia en accidentes de Lyft en Las Vegas puede ayudarle a recibir una compensaci\u00f3n justa por sus lesiones graves. En el Bufete Drummond, representamos incansablemente a conductores, pasajeros y peatones lesionados. Cont\u00e1ctenos hoy mismo para una evaluaci\u00f3n gratuita de su caso.<\/p>\n<p>\u00a0<\/p>\n<p><center><iframe src=\"https:\/\/www.youtube.com\/embed\/iy-9YV_iMzw?feature=oembed\" width=\"700\" height=\"394\" frameborder=\"0\" allowfullscreen=\"allowfullscreen\" data-mce-fragment=\"1\"><\/iframe><\/center><\/p>\n","protected":false},"excerpt":{"rendered":"<p>Abogado de accidentes de Lyft en Las Vegas Sin la ayuda de un abogado experto en accidentes de Lyft en Las Vegas, muchos conductores y peatones lesionados nunca reciben una&hellip; <\/p>\n<p class=\"link-more\"><a href=\"https:\/\/www.drummondfirm.com\/es\/accidentes-de-lyft\/\" class=\"more-link\">Read More <span class=\"screen-reader-text\"> \u00abAccidentes de Lyft\u00bb<\/span><\/a><\/p>\n","protected":false},"author":2,"featured_media":0,"parent":0,"menu_order":0,"comment_status":"closed","ping_status":"closed","template":"","meta":{"footnotes":""},"class_list":["post-8035","page","type-page","status-publish","hentry"],"yoast_head":"<!-- This site is optimized with the Yoast SEO plugin v27.5 - https:\/\/yoast.com\/product\/yoast-seo-wordpress\/ -->\n<title>Abogado de accidentes de Lyft en Las Vegas | Abogado de accidentes de viajes compartidos<\/title>\n<meta name=\"description\" content=\"Un abogado con experiencia en accidentes de Lyft en Las Vegas puede ayudarle a recibir una compensaci\u00f3n justa por sus lesiones graves. Cont\u00e1ctenos hoy mismo.\" \/>\n<meta name=\"robots\" content=\"index, follow, max-snippet:-1, max-image-preview:large, max-video-preview:-1\" \/>\n<link rel=\"canonical\" href=\"https:\/\/www.drummondfirm.com\/es\/accidentes-de-lyft\/\" \/>\n<meta property=\"og:locale\" content=\"es_ES\" \/>\n<meta property=\"og:type\" content=\"article\" \/>\n<meta property=\"og:title\" content=\"Abogado de accidentes de Lyft en Las Vegas | Abogado de accidentes de viajes compartidos\" \/>\n<meta property=\"og:description\" content=\"Un abogado con experiencia en accidentes de Lyft en Las Vegas puede ayudarle a recibir una compensaci\u00f3n justa por sus lesiones graves. Cont\u00e1ctenos hoy mismo.\" \/>\n<meta property=\"og:url\" content=\"https:\/\/www.drummondfirm.com\/es\/accidentes-de-lyft\/\" \/>\n<meta property=\"og:site_name\" content=\"Drummond Law Firm\" \/>\n<meta property=\"article:publisher\" content=\"https:\/\/www.facebook.com\/drummondlawfirmlv\/\" \/>\n<meta property=\"article:modified_time\" content=\"2026-03-26T15:00:54+00:00\" \/>\n<meta name=\"twitter:card\" content=\"summary_large_image\" \/>\n<meta name=\"twitter:label1\" content=\"Tiempo de lectura\" \/>\n\t<meta name=\"twitter:data1\" content=\"7 minutos\" \/>\n<!-- \/ Yoast SEO plugin. -->","yoast_head_json":{"title":"Abogado de accidentes de Lyft en Las Vegas | Abogado de accidentes de viajes compartidos","description":"Un abogado con experiencia en accidentes de Lyft en Las Vegas puede ayudarle a recibir una compensaci\u00f3n justa por sus lesiones graves. Cont\u00e1ctenos hoy mismo.","robots":{"index":"index","follow":"follow","max-snippet":"max-snippet:-1","max-image-preview":"max-image-preview:large","max-video-preview":"max-video-preview:-1"},"canonical":"https:\/\/www.drummondfirm.com\/es\/accidentes-de-lyft\/","og_locale":"es_ES","og_type":"article","og_title":"Abogado de accidentes de Lyft en Las Vegas | Abogado de accidentes de viajes compartidos","og_description":"Un abogado con experiencia en accidentes de Lyft en Las Vegas puede ayudarle a recibir una compensaci\u00f3n justa por sus lesiones graves. Cont\u00e1ctenos hoy mismo.","og_url":"https:\/\/www.drummondfirm.com\/es\/accidentes-de-lyft\/","og_site_name":"Drummond Law Firm","article_publisher":"https:\/\/www.facebook.com\/drummondlawfirmlv\/","article_modified_time":"2026-03-26T15:00:54+00:00","twitter_card":"summary_large_image","twitter_misc":{"Tiempo de lectura":"7 minutos"},"schema":{"@context":"https:\/\/schema.org","@graph":[{"@type":"WebPage","@id":"https:\/\/www.drummondfirm.com\/es\/accidentes-de-lyft\/","url":"https:\/\/www.drummondfirm.com\/es\/accidentes-de-lyft\/","name":"Abogado de accidentes de Lyft en Las Vegas | Abogado de accidentes de viajes compartidos","isPartOf":{"@id":"https:\/\/www.drummondfirm.com\/es\/#website"},"datePublished":"2026-03-02T15:40:31+00:00","dateModified":"2026-03-26T15:00:54+00:00","description":"Un abogado con experiencia en accidentes de Lyft en Las Vegas puede ayudarle a recibir una compensaci\u00f3n justa por sus lesiones graves. Cont\u00e1ctenos hoy mismo.","breadcrumb":{"@id":"https:\/\/www.drummondfirm.com\/es\/accidentes-de-lyft\/#breadcrumb"},"inLanguage":"es","potentialAction":[{"@type":"ReadAction","target":["https:\/\/www.drummondfirm.com\/es\/accidentes-de-lyft\/"]}]},{"@type":"BreadcrumbList","@id":"https:\/\/www.drummondfirm.com\/es\/accidentes-de-lyft\/#breadcrumb","itemListElement":[{"@type":"ListItem","position":1,"name":"Personal Injury Lawyer","item":"https:\/\/www.drummondfirm.com\/es\/"},{"@type":"ListItem","position":2,"name":"Accidentes de Lyft"}]},{"@type":"WebSite","@id":"https:\/\/www.drummondfirm.com\/es\/#website","url":"https:\/\/www.drummondfirm.com\/es\/","name":"Drummond Law Firm","description":"Llama al capit\u00e1n","publisher":{"@id":"https:\/\/www.drummondfirm.com\/es\/#organization"},"potentialAction":[{"@type":"SearchAction","target":{"@type":"EntryPoint","urlTemplate":"https:\/\/www.drummondfirm.com\/es\/?s={search_term_string}"},"query-input":{"@type":"PropertyValueSpecification","valueRequired":true,"valueName":"search_term_string"}}],"inLanguage":"es"},{"@type":"Organization","@id":"https:\/\/www.drummondfirm.com\/es\/#organization","name":"Drummond Law Firm","url":"https:\/\/www.drummondfirm.com\/es\/","logo":{"@type":"ImageObject","inLanguage":"es","@id":"https:\/\/www.drummondfirm.com\/es\/#\/schema\/logo\/image\/","url":"","contentUrl":"","caption":"Drummond Law Firm"},"image":{"@id":"https:\/\/www.drummondfirm.com\/es\/#\/schema\/logo\/image\/"},"sameAs":["https:\/\/www.facebook.com\/drummondlawfirmlv\/","https:\/\/www.linkedin.com\/company\/drummond-law-firm","https:\/\/www.youtube.com\/channel\/UCx06adFjyj7LjlZuR3ROlPw","https:\/\/www.instagram.com\/callthecaptain_drummondlawfirm\/"]}]}},"featured_image_src":null,"featured_image_src_square":null,"_links":{"self":[{"href":"https:\/\/www.drummondfirm.com\/es\/wp-json\/wp\/v2\/pages\/8035","targetHints":{"allow":["GET"]}}],"collection":[{"href":"https:\/\/www.drummondfirm.com\/es\/wp-json\/wp\/v2\/pages"}],"about":[{"href":"https:\/\/www.drummondfirm.com\/es\/wp-json\/wp\/v2\/types\/page"}],"author":[{"embeddable":true,"href":"https:\/\/www.drummondfirm.com\/es\/wp-json\/wp\/v2\/users\/2"}],"replies":[{"embeddable":true,"href":"https:\/\/www.drummondfirm.com\/es\/wp-json\/wp\/v2\/comments?post=8035"}],"version-history":[{"count":0,"href":"https:\/\/www.drummondfirm.com\/es\/wp-json\/wp\/v2\/pages\/8035\/revisions"}],"wp:attachment":[{"href":"https:\/\/www.drummondfirm.com\/es\/wp-json\/wp\/v2\/media?parent=8035"}],"curies":[{"name":"wp","href":"https:\/\/api.w.org\/{rel}","templated":true}]}}