{"id":8038,"date":"2026-03-02T07:40:31","date_gmt":"2026-03-02T15:40:31","guid":{"rendered":"https:\/\/drummonddvp.wpenginepowered.com\/abogados-de-lesiones-cerca-del-valley-hospital\/"},"modified":"2026-03-26T07:00:54","modified_gmt":"2026-03-26T15:00:54","slug":"abogados-de-lesiones-cerca-del-valley-hospital","status":"publish","type":"page","link":"https:\/\/www.drummondfirm.com\/es\/abogados-de-lesiones-cerca-del-valley-hospital\/","title":{"rendered":"Abogados de lesiones cerca del Valley Hospital"},"content":{"rendered":"<p>\u00a0\n<\/p>\n<h1>Abogados de lesiones cerca del Valley Hospital<\/h1>\n<p>\u00a0<\/p>\n<p><a href=\"https:\/\/www.drummondfirm.com\/wp-content\/uploads\/2018\/10\/Valley-Hospital-Powerline-FOR-WEB.jpg\"><img fetchpriority=\"high\" decoding=\"async\" src=\"https:\/\/www.drummondfirm.com\/wp-content\/uploads\/2018\/10\/Valley-Hospital-Powerline-FOR-WEB.jpg\" alt=\"\" width=\"585\" height=\"317\"><\/a>\u00bfUsted o un ser querido recibe tratamiento m\u00e9dico en <a href=\"https:\/\/www.valleyhospital.net\/\" target=\"_blank\" rel=\"noopener noreferrer\"><strong>el Centro M\u00e9dico Valley Hospital<\/strong><\/a> ? \u00bfHa <a href=\"https:\/\/www.drummondfirm.com\/personal-injury\/car-accident-lawyer\/\" target=\"_blank\" rel=\"noopener noreferrer\">sufrido un accidente automovil\u00edstico<\/a> o <a href=\"https:\/\/www.drummondfirm.com\/es\/lesiones-personales\/\" target=\"_blank\" rel=\"noopener noreferrer\">lesiones personales<\/a> sin tener la culpa? <\/p>\n<p>Antes de contactar a un representante de una compa\u00f1\u00eda de seguros, llame a <a href=\"https:\/\/www.drummondfirm.com\/contact-us\/\" target=\"_blank\" rel=\"noopener noreferrer\">Drummond Law Firm<\/a> . \u00a1Tiene derecho a una consulta gratuita y a la tranquilidad que le ofrece nuestra <a href=\"https:\/\/www.drummondfirm.com\/fair-fee-guarantee\/\" target=\"_blank\" rel=\"noopener noreferrer\">Garant\u00eda de Tarifa Reducida\u00ae\ufe0f<\/a> ! <\/p>\n<p>\u00a0<\/p>\n<p><strong>Ubicaci\u00f3n<\/strong><\/p>\n<p>Valley Hospital Medical Center est\u00e1 ubicado en 620 Shadow Ln, Las Vegas NV, 89106, a 1,4 millas de nuestra oficina en 810 S Casino Center Blvd #101, Las Vegas, NV 89101.<\/p>\n<p>\u00bfNecesitas indicaciones? \u00a1Haz clic <a href=\"https:\/\/www.google.com\/maps\/dir\/810+S+Casino+Center+Blvd+%23101,+Las+Vegas,+NV+89101\/3100+N+Tenaya+Way,+Las+Vegas,+NV+89128\/@36.1885857,-115.2356163,13z\/data=!3m1!4b1!4m13!4m12!1m5!1m1!1s0x80c8c39bb427396d:0x7fdba05044999864!2m2!1d-115.150008!2d36.1623394!1m5!1m1!1s0x80c8ea9ad0967e2f:0x42eccfb4dec8e827!2m2!1d-115.2489061!2d36.2156427\" target=\"_blank\" rel=\"noopener noreferrer\">aqu\u00ed<\/a> ! <\/p>\n<p>\u00a0<\/p>\n<p><strong>Historial de seguridad del Valley Hospital Medical Center<\/strong><\/p>\n<p><a href=\"https:\/\/www.healthgrades.com\/hospital-directory\/nevada-nv\/valley-hospital-medical-center-hgstf5f70596290021\" target=\"_blank\" rel=\"noopener noreferrer\">Registros proporcionados por Healthgrades.com<\/a><\/p>\n<ol>\n<li>Muerte en procedimientos donde la mortalidad suele ser muy baja, como se esperaba<\/li>\n<li>\u00dalceras por presi\u00f3n o escaras adquiridas en el hospital, como se espera<\/li>\n<li>Colapso pulmonar debido a un procedimiento o cirug\u00eda en el pecho o alrededor de \u00e9l, como se esperaba<\/li>\n<li>Infecciones del torrente sangu\u00edneo relacionadas con el cat\u00e9ter adquiridas en el hospital, como se esperaba<\/li>\n<li>Fractura de cadera despu\u00e9s de una cirug\u00eda, como se esperaba<\/li>\n<li>Hematomas o sangrado excesivos como consecuencia de un procedimiento o cirug\u00eda, como es de esperar<\/li>\n<li>Desequilibrio electrol\u00edtico y de l\u00edquidos despu\u00e9s de la cirug\u00eda, como se esperaba<\/li>\n<li>Co\u00e1gulos de sangre profundos en los pulmones o las piernas despu\u00e9s de la cirug\u00eda, como es de esperar<\/li>\n<li>Infecci\u00f3n del torrente sangu\u00edneo despu\u00e9s de una cirug\u00eda, como era de esperar<\/li>\n<li>Desglose del sitio de incisi\u00f3n abdominal, como se esperaba<\/li>\n<li>Corte, punci\u00f3n, perforaci\u00f3n o hemorragia accidental durante la atenci\u00f3n m\u00e9dica, como se espera<\/li>\n<li>Muerte tras una grave complicaci\u00f3n tras una cirug\u00eda: peor de lo esperado<\/li>\n<li>Insuficiencia respiratoria despu\u00e9s de la cirug\u00eda: peor de lo esperado<\/li>\n<\/ol>\n<p>\u00a0<\/p>\n<p>\u00a0<\/p>\n<p><strong>Rese\u00f1as del Hospital Centennial Hills<\/strong><\/p>\n<p> Ga\u00f1ido<\/p>\n<p> <a href=\"https:\/\/www.yelp.com\/biz\/valley-hospital-medical-center-las-vegas\" target=\"_blank\" rel=\"noopener noreferrer\">Los usuarios de Yelp<\/a> le dan a este hospital 2,5 de 5 estrellas.<\/p>\n<p> Google<\/p>\n<p> <a href=\"https:\/\/www.google.com\/maps\/place\/Valley+Hospital+Medical+Center\/@36.1632682,-115.1685934,17z\/data=!4m24!1m16!4m15!1m6!1m2!1s0x80c8c3eacc744b93:0xcaa9f3a841bf8b78!2sValley+Hospital+Medical+Center,+620+Shadow+Ln,+Las+Vegas,+NV+89106!2m2!1d-115.1663994!2d36.1632682!1m6!1m2!1s0x80c8c39e4cc8d767:0x9f14482a0a01c47d!2sDrummond+Law+Firm,+South+Casino+Center+Boulevard+%23101,+Las+Vegas,+NV!2m2!1d-115.1500236!2d36.1623832!3e0!3m6!1s0x80c8c3eacc744b93:0xcaa9f3a841bf8b78!8m2!3d36.1632682!4d-115.1663994!9m1!1b1\" target=\"_blank\" rel=\"noopener noreferrer\">Los usuarios de Google<\/a> le dan a este hospital 2,8 de 5 estrellas.<\/p>\n","protected":false},"excerpt":{"rendered":"<p>\u00a0 Abogados de lesiones cerca del Valley Hospital \u00a0 \u00bfUsted o un ser querido recibe tratamiento m\u00e9dico en el Centro M\u00e9dico Valley Hospital ? \u00bfHa sufrido un accidente automovil\u00edstico o&hellip; <\/p>\n<p class=\"link-more\"><a href=\"https:\/\/www.drummondfirm.com\/es\/abogados-de-lesiones-cerca-del-valley-hospital\/\" class=\"more-link\">Read More <span class=\"screen-reader-text\"> \u00abAbogados de lesiones cerca del Valley Hospital\u00bb<\/span><\/a><\/p>\n","protected":false},"author":2,"featured_media":0,"parent":0,"menu_order":0,"comment_status":"closed","ping_status":"closed","template":"","meta":{"footnotes":""},"class_list":["post-8038","page","type-page","status-publish","hentry"],"yoast_head":"<!-- This site is optimized with the Yoast SEO plugin v27.5 - https:\/\/yoast.com\/product\/yoast-seo-wordpress\/ -->\n<title>Abogados de lesiones cerca del Valley Hospital | Drummond Law Firm<\/title>\n<meta name=\"description\" content=\"\u00bfUsted o un ser querido recibe tratamiento m\u00e9dico en el Centro M\u00e9dico del Hospital Valley? \u00bfHa sido v\u00edctima de un accidente automovil\u00edstico o...?\" \/>\n<meta name=\"robots\" content=\"index, follow, max-snippet:-1, max-image-preview:large, max-video-preview:-1\" \/>\n<link rel=\"canonical\" href=\"https:\/\/www.drummondfirm.com\/es\/abogados-de-lesiones-cerca-del-valley-hospital\/\" \/>\n<meta property=\"og:locale\" content=\"es_ES\" \/>\n<meta property=\"og:type\" content=\"article\" \/>\n<meta property=\"og:title\" content=\"Abogados de lesiones cerca del Valley Hospital | Drummond Law Firm\" \/>\n<meta property=\"og:description\" content=\"\u00bfUsted o un ser querido recibe tratamiento m\u00e9dico en el Centro M\u00e9dico del Hospital Valley? \u00bfHa sido v\u00edctima de un accidente automovil\u00edstico o...?\" \/>\n<meta property=\"og:url\" content=\"https:\/\/www.drummondfirm.com\/es\/abogados-de-lesiones-cerca-del-valley-hospital\/\" \/>\n<meta property=\"og:site_name\" content=\"Drummond Law Firm\" \/>\n<meta property=\"article:publisher\" content=\"https:\/\/www.facebook.com\/drummondlawfirmlv\/\" \/>\n<meta property=\"article:modified_time\" content=\"2026-03-26T15:00:54+00:00\" \/>\n<meta property=\"og:image\" content=\"https:\/\/www.drummondfirm.com\/wp-content\/uploads\/2018\/10\/Valley-Hospital-Powerline-FOR-WEB.jpg\" \/>\n<meta name=\"twitter:card\" content=\"summary_large_image\" \/>\n<meta name=\"twitter:label1\" content=\"Tiempo de lectura\" \/>\n\t<meta name=\"twitter:data1\" content=\"2 minutos\" \/>\n<!-- \/ Yoast SEO plugin. -->","yoast_head_json":{"title":"Abogados de lesiones cerca del Valley Hospital | Drummond Law Firm","description":"\u00bfUsted o un ser querido recibe tratamiento m\u00e9dico en el Centro M\u00e9dico del Hospital Valley? \u00bfHa sido v\u00edctima de un accidente automovil\u00edstico o...?","robots":{"index":"index","follow":"follow","max-snippet":"max-snippet:-1","max-image-preview":"max-image-preview:large","max-video-preview":"max-video-preview:-1"},"canonical":"https:\/\/www.drummondfirm.com\/es\/abogados-de-lesiones-cerca-del-valley-hospital\/","og_locale":"es_ES","og_type":"article","og_title":"Abogados de lesiones cerca del Valley Hospital | Drummond Law Firm","og_description":"\u00bfUsted o un ser querido recibe tratamiento m\u00e9dico en el Centro M\u00e9dico del Hospital Valley? \u00bfHa sido v\u00edctima de un accidente automovil\u00edstico o...?","og_url":"https:\/\/www.drummondfirm.com\/es\/abogados-de-lesiones-cerca-del-valley-hospital\/","og_site_name":"Drummond Law Firm","article_publisher":"https:\/\/www.facebook.com\/drummondlawfirmlv\/","article_modified_time":"2026-03-26T15:00:54+00:00","og_image":[{"url":"https:\/\/www.drummondfirm.com\/wp-content\/uploads\/2018\/10\/Valley-Hospital-Powerline-FOR-WEB.jpg","type":"","width":"","height":""}],"twitter_card":"summary_large_image","twitter_misc":{"Tiempo de lectura":"2 minutos"},"schema":{"@context":"https:\/\/schema.org","@graph":[{"@type":"WebPage","@id":"https:\/\/www.drummondfirm.com\/es\/abogados-de-lesiones-cerca-del-valley-hospital\/","url":"https:\/\/www.drummondfirm.com\/es\/abogados-de-lesiones-cerca-del-valley-hospital\/","name":"Abogados de lesiones cerca del Valley Hospital | Drummond Law Firm","isPartOf":{"@id":"https:\/\/www.drummondfirm.com\/es\/#website"},"primaryImageOfPage":{"@id":"https:\/\/www.drummondfirm.com\/es\/abogados-de-lesiones-cerca-del-valley-hospital\/#primaryimage"},"image":{"@id":"https:\/\/www.drummondfirm.com\/es\/abogados-de-lesiones-cerca-del-valley-hospital\/#primaryimage"},"thumbnailUrl":"https:\/\/www.drummondfirm.com\/wp-content\/uploads\/2018\/10\/Valley-Hospital-Powerline-FOR-WEB.jpg","datePublished":"2026-03-02T15:40:31+00:00","dateModified":"2026-03-26T15:00:54+00:00","description":"\u00bfUsted o un ser querido recibe tratamiento m\u00e9dico en el Centro M\u00e9dico del Hospital Valley? \u00bfHa sido v\u00edctima de un accidente automovil\u00edstico o...?","breadcrumb":{"@id":"https:\/\/www.drummondfirm.com\/es\/abogados-de-lesiones-cerca-del-valley-hospital\/#breadcrumb"},"inLanguage":"es","potentialAction":[{"@type":"ReadAction","target":["https:\/\/www.drummondfirm.com\/es\/abogados-de-lesiones-cerca-del-valley-hospital\/"]}]},{"@type":"ImageObject","inLanguage":"es","@id":"https:\/\/www.drummondfirm.com\/es\/abogados-de-lesiones-cerca-del-valley-hospital\/#primaryimage","url":"https:\/\/www.drummondfirm.com\/wp-content\/uploads\/2018\/10\/Valley-Hospital-Powerline-FOR-WEB.jpg","contentUrl":"https:\/\/www.drummondfirm.com\/wp-content\/uploads\/2018\/10\/Valley-Hospital-Powerline-FOR-WEB.jpg"},{"@type":"BreadcrumbList","@id":"https:\/\/www.drummondfirm.com\/es\/abogados-de-lesiones-cerca-del-valley-hospital\/#breadcrumb","itemListElement":[{"@type":"ListItem","position":1,"name":"Personal Injury Lawyer","item":"https:\/\/www.drummondfirm.com\/es\/"},{"@type":"ListItem","position":2,"name":"Abogados de lesiones cerca del Valley Hospital"}]},{"@type":"WebSite","@id":"https:\/\/www.drummondfirm.com\/es\/#website","url":"https:\/\/www.drummondfirm.com\/es\/","name":"Drummond Law Firm","description":"Llama al capit\u00e1n","publisher":{"@id":"https:\/\/www.drummondfirm.com\/es\/#organization"},"potentialAction":[{"@type":"SearchAction","target":{"@type":"EntryPoint","urlTemplate":"https:\/\/www.drummondfirm.com\/es\/?s={search_term_string}"},"query-input":{"@type":"PropertyValueSpecification","valueRequired":true,"valueName":"search_term_string"}}],"inLanguage":"es"},{"@type":"Organization","@id":"https:\/\/www.drummondfirm.com\/es\/#organization","name":"Drummond Law Firm","url":"https:\/\/www.drummondfirm.com\/es\/","logo":{"@type":"ImageObject","inLanguage":"es","@id":"https:\/\/www.drummondfirm.com\/es\/#\/schema\/logo\/image\/","url":"","contentUrl":"","caption":"Drummond Law Firm"},"image":{"@id":"https:\/\/www.drummondfirm.com\/es\/#\/schema\/logo\/image\/"},"sameAs":["https:\/\/www.facebook.com\/drummondlawfirmlv\/","https:\/\/www.linkedin.com\/company\/drummond-law-firm","https:\/\/www.youtube.com\/channel\/UCx06adFjyj7LjlZuR3ROlPw","https:\/\/www.instagram.com\/callthecaptain_drummondlawfirm\/"]}]}},"featured_image_src":null,"featured_image_src_square":null,"_links":{"self":[{"href":"https:\/\/www.drummondfirm.com\/es\/wp-json\/wp\/v2\/pages\/8038","targetHints":{"allow":["GET"]}}],"collection":[{"href":"https:\/\/www.drummondfirm.com\/es\/wp-json\/wp\/v2\/pages"}],"about":[{"href":"https:\/\/www.drummondfirm.com\/es\/wp-json\/wp\/v2\/types\/page"}],"author":[{"embeddable":true,"href":"https:\/\/www.drummondfirm.com\/es\/wp-json\/wp\/v2\/users\/2"}],"replies":[{"embeddable":true,"href":"https:\/\/www.drummondfirm.com\/es\/wp-json\/wp\/v2\/comments?post=8038"}],"version-history":[{"count":0,"href":"https:\/\/www.drummondfirm.com\/es\/wp-json\/wp\/v2\/pages\/8038\/revisions"}],"wp:attachment":[{"href":"https:\/\/www.drummondfirm.com\/es\/wp-json\/wp\/v2\/media?parent=8038"}],"curies":[{"name":"wp","href":"https:\/\/api.w.org\/{rel}","templated":true}]}}