{"id":8039,"date":"2026-03-02T07:40:38","date_gmt":"2026-03-02T15:40:38","guid":{"rendered":"https:\/\/drummonddvp.wpenginepowered.com\/premios-y-logros\/"},"modified":"2026-03-26T06:57:24","modified_gmt":"2026-03-26T14:57:24","slug":"premios-y-logros","status":"publish","type":"page","link":"https:\/\/www.drummondfirm.com\/es\/premios-y-logros\/","title":{"rendered":"Premios y logros"},"content":{"rendered":"<h2><strong>Nuestra firma ha sido premiada<\/strong><\/h2>\n<p>A nivel nacional y local por su defensa en juicios de lesiones personales y defensa penal y es considerado uno de \u201clos mejores entre los mejores\u201d en la lucha arduamente por nuestros clientes.<\/p>\n<p>El <a href=\"http:\/\/www.aiopia.org\/\" target=\"_blank\" rel=\"noopener noreferrer\">Instituto Americano de Abogados de Lesiones Personales<\/a> es una organizaci\u00f3n independiente e imparcial que califica a los abogados y est\u00e1 compuesta por 13 divisiones: Bancarrota, Penal, DUI\/DWI, Lesiones Personales, Derecho Familiar, Litigios, Demandas y Disputas, Inmigraci\u00f3n, Compensaci\u00f3n Laboral, Derecho Laboral, Planificaci\u00f3n Patrimonial, Derecho Militar, Derecho de la Tercera Edad y Derecho de la Seguridad Social y Discapacidad. La Divisi\u00f3n de Lesiones Personales del Instituto Americano elabora una lista exclusiva de los \u00ab10 Mejores Abogados\u00bb de cada estado.<\/p>\n<p><a href=\"http:\/\/www.americanregistry.com\/recognition\/top-attorneys--the-mountain-states-outstanding-young-lawyers\/176220\" target=\"_blank\" rel=\"noopener noreferrer\">Los Abogados J\u00f3venes Destacados de Mountain States<\/a> resaltan los logros \u00fanicos alcanzados por los abogados j\u00f3venes y los reconocen por sus logros profesionales y est\u00e1ndares \u00e9ticos.<\/p>\n<p>La <a href=\"http:\/\/www.national-academy.net\/attorney-members\/craig-w-drummond?A=SearchResult&amp;SearchID=31789895&amp;ObjectID=8295300&amp;ObjectType=35\" target=\"_blank\" rel=\"noopener noreferrer\">Academia Nacional de Abogados de Defensa Penal<\/a> es una organizaci\u00f3n profesional que defiende a quienes luchan por los derechos de los acusados. Al brindar a abogados de defensa penal altamente calificados las oportunidades de educaci\u00f3n continua m\u00e1s actualizadas y proporcionar al p\u00fablico las <a href=\"http:\/\/www.national-academy.net\/find-criminal-defense-attorney\" target=\"_blank\" rel=\"noopener noreferrer\">listas m\u00e1s precisas y actualizadas de los abogados mejor calificados en sus estados<\/a> , la NACDA ayuda a garantizar una representaci\u00f3n de calidad para las personas que enfrentan cargos.<\/p>\n<p><a href=\"https:\/\/knpr.org\/desert-companion\" target=\"_blank\" rel=\"noopener noreferrer\">Revista Desert Companion: Abogado Destacado.<\/a> La revista urbana m\u00e1s importante del sur de Nevada, con rese\u00f1as anuales de los mejores abogados y mucho m\u00e1s. Con un periodismo de estilo de vida y un dise\u00f1o galardonados, Desert Companion ofrece una perspectiva \u00fanica del entorno empresarial local de Las Vegas.<\/p>\n<p><a href=\"https:\/\/www.thenationaltriallawyers.org\/\" target=\"_blank\" rel=\"noopener noreferrer\">National Trial Lawyers<\/a> es una organizaci\u00f3n profesional compuesta por abogados litigantes de todo el pa\u00eds que ejemplifican calificaciones superiores como abogados litigantes de defensa civil o penal.<\/p>\n<p><a href=\"https:\/\/www.avvo.com\/attorneys\/89101-nv-craig-drummond-1858535.html\" target=\"_blank\" rel=\"noopener noreferrer\">Avvo<\/a> cuenta con calificaciones, rese\u00f1as y registros disciplinarios de abogados en todos los estados. Obtenga asesor\u00eda legal gratuita, encuentre al abogado ideal y tome decisiones legales informadas. Los abogados de Avvo atienden casos en m\u00e1s de 120 \u00e1reas de pr\u00e1ctica, incluyendo divorcios, defensa penal y bancarrota.<\/p>\n<p><a href=\"https:\/\/societyoflegaladvocates.org\/\">La Sociedad Americana de Defensores Legales<\/a> (ASLA) es una organizaci\u00f3n nacional, a la que solo se puede acceder por invitaci\u00f3n, compuesta por abogados de \u00e9lite que ejercen actualmente. La ASLA cuenta con abogados que combinan excelentes credenciales legales con un compromiso demostrado con la participaci\u00f3n comunitaria y los m\u00e1s altos est\u00e1ndares profesionales.<\/p>\n<p><a href=\"http:\/\/MartinDale.com\">MartinDale<\/a> le permite localizar y conectarse con abogados, leer opiniones de colegas y clientes, y encontrar compa\u00f1eros graduados y ex alumnos de su facultad de derecho.<\/p>\n<p><a href=\"https:\/\/www.superlawyers.com\/\">SuperLawyers<\/a> presenta perfiles detallados de abogados en todo Estados Unidos que demuestran excelencia en su pr\u00e1ctica. SuperLawyers no puede elegir un abogado por usted, pero sus listas pueden ayudarle a comenzar y afinar su b\u00fasqueda de un abogado con experiencia.<\/p>\n<p><a href=\"https:\/\/vegasinc.lasvegassun.com\/news\/2020\/oct\/08\/introducing-vegas-incs-2020-top-lawyers\/\">Los Mejores Abogados de 2020 de Las Vegas Inc.<\/a> enviaron una encuesta a m\u00e1s de 2900 abogados del condado de Clark para solicitarles recomendaciones de abogados en 20 \u00e1reas generales del derecho. Quienes recibieron m\u00faltiples nominaciones de sus colegas del derecho aparecen en nuestra lista de abogados de pares.<\/p>\n","protected":false},"excerpt":{"rendered":"<p>Nuestra firma ha sido premiada A nivel nacional y local por su defensa en juicios de lesiones personales y defensa penal y es considerado uno de \u201clos mejores entre los&hellip; <\/p>\n<p class=\"link-more\"><a href=\"https:\/\/www.drummondfirm.com\/es\/premios-y-logros\/\" class=\"more-link\">Read More <span class=\"screen-reader-text\"> \u00abPremios y logros\u00bb<\/span><\/a><\/p>\n","protected":false},"author":2,"featured_media":0,"parent":0,"menu_order":0,"comment_status":"closed","ping_status":"closed","template":"","meta":{"footnotes":""},"class_list":["post-8039","page","type-page","status-publish","hentry"],"yoast_head":"<!-- This site is optimized with the Yoast SEO plugin v27.6 - https:\/\/yoast.com\/product\/yoast-seo-wordpress\/ -->\n<title>Reconocimientos y logros | Premios del bufete Drummond<\/title>\n<meta name=\"description\" content=\"\u00bfBusca un abogado especializado en lesiones personales o derecho penal en Las Vegas, NV? Llame hoy mismo al bufete Drummond Law Firm para una consulta gratuita. 702-366-9966.\" \/>\n<meta name=\"robots\" content=\"index, follow, max-snippet:-1, max-image-preview:large, max-video-preview:-1\" \/>\n<link rel=\"canonical\" href=\"https:\/\/www.drummondfirm.com\/es\/premios-y-logros\/\" \/>\n<meta property=\"og:locale\" content=\"es_ES\" \/>\n<meta property=\"og:type\" content=\"article\" \/>\n<meta property=\"og:title\" content=\"Reconocimientos y logros | Premios del bufete Drummond\" \/>\n<meta property=\"og:description\" content=\"\u00bfBusca un abogado especializado en lesiones personales o derecho penal en Las Vegas, NV? Llame hoy mismo al bufete Drummond Law Firm para una consulta gratuita. 702-366-9966.\" \/>\n<meta property=\"og:url\" content=\"https:\/\/www.drummondfirm.com\/es\/premios-y-logros\/\" \/>\n<meta property=\"og:site_name\" content=\"Drummond Law Firm\" \/>\n<meta property=\"article:publisher\" content=\"https:\/\/www.facebook.com\/drummondlawfirmlv\/\" \/>\n<meta property=\"article:modified_time\" content=\"2026-03-26T14:57:24+00:00\" \/>\n<meta name=\"twitter:card\" content=\"summary_large_image\" \/>\n<meta name=\"twitter:label1\" content=\"Tiempo de lectura\" \/>\n\t<meta name=\"twitter:data1\" content=\"3 minutos\" \/>\n<!-- \/ Yoast SEO plugin. -->","yoast_head_json":{"title":"Reconocimientos y logros | Premios del bufete Drummond","description":"\u00bfBusca un abogado especializado en lesiones personales o derecho penal en Las Vegas, NV? Llame hoy mismo al bufete Drummond Law Firm para una consulta gratuita. 702-366-9966.","robots":{"index":"index","follow":"follow","max-snippet":"max-snippet:-1","max-image-preview":"max-image-preview:large","max-video-preview":"max-video-preview:-1"},"canonical":"https:\/\/www.drummondfirm.com\/es\/premios-y-logros\/","og_locale":"es_ES","og_type":"article","og_title":"Reconocimientos y logros | Premios del bufete Drummond","og_description":"\u00bfBusca un abogado especializado en lesiones personales o derecho penal en Las Vegas, NV? Llame hoy mismo al bufete Drummond Law Firm para una consulta gratuita. 702-366-9966.","og_url":"https:\/\/www.drummondfirm.com\/es\/premios-y-logros\/","og_site_name":"Drummond Law Firm","article_publisher":"https:\/\/www.facebook.com\/drummondlawfirmlv\/","article_modified_time":"2026-03-26T14:57:24+00:00","twitter_card":"summary_large_image","twitter_misc":{"Tiempo de lectura":"3 minutos"},"schema":{"@context":"https:\/\/schema.org","@graph":[{"@type":"WebPage","@id":"https:\/\/www.drummondfirm.com\/es\/premios-y-logros\/","url":"https:\/\/www.drummondfirm.com\/es\/premios-y-logros\/","name":"Reconocimientos y logros | Premios del bufete Drummond","isPartOf":{"@id":"https:\/\/www.drummondfirm.com\/es\/#website"},"datePublished":"2026-03-02T15:40:38+00:00","dateModified":"2026-03-26T14:57:24+00:00","description":"\u00bfBusca un abogado especializado en lesiones personales o derecho penal en Las Vegas, NV? Llame hoy mismo al bufete Drummond Law Firm para una consulta gratuita. 702-366-9966.","breadcrumb":{"@id":"https:\/\/www.drummondfirm.com\/es\/premios-y-logros\/#breadcrumb"},"inLanguage":"es","potentialAction":[{"@type":"ReadAction","target":["https:\/\/www.drummondfirm.com\/es\/premios-y-logros\/"]}]},{"@type":"BreadcrumbList","@id":"https:\/\/www.drummondfirm.com\/es\/premios-y-logros\/#breadcrumb","itemListElement":[{"@type":"ListItem","position":1,"name":"Abogado de lesiones personales","item":"https:\/\/www.drummondfirm.com\/es\/inicio-actualizacion-de-seo\/"},{"@type":"ListItem","position":2,"name":"Premios y logros"}]},{"@type":"WebSite","@id":"https:\/\/www.drummondfirm.com\/es\/#website","url":"https:\/\/www.drummondfirm.com\/es\/","name":"Drummond Law Firm","description":"Llama al capit\u00e1n","publisher":{"@id":"https:\/\/www.drummondfirm.com\/es\/#organization"},"potentialAction":[{"@type":"SearchAction","target":{"@type":"EntryPoint","urlTemplate":"https:\/\/www.drummondfirm.com\/es\/?s={search_term_string}"},"query-input":{"@type":"PropertyValueSpecification","valueRequired":true,"valueName":"search_term_string"}}],"inLanguage":"es"},{"@type":"Organization","@id":"https:\/\/www.drummondfirm.com\/es\/#organization","name":"Drummond Law Firm","url":"https:\/\/www.drummondfirm.com\/es\/","logo":{"@type":"ImageObject","inLanguage":"es","@id":"https:\/\/www.drummondfirm.com\/es\/#\/schema\/logo\/image\/","url":"","contentUrl":"","caption":"Drummond Law Firm"},"image":{"@id":"https:\/\/www.drummondfirm.com\/es\/#\/schema\/logo\/image\/"},"sameAs":["https:\/\/www.facebook.com\/drummondlawfirmlv\/","https:\/\/www.linkedin.com\/company\/drummond-law-firm","https:\/\/www.youtube.com\/channel\/UCx06adFjyj7LjlZuR3ROlPw","https:\/\/www.instagram.com\/callthecaptain_drummondlawfirm\/"]}]}},"featured_image_src":null,"featured_image_src_square":null,"_links":{"self":[{"href":"https:\/\/www.drummondfirm.com\/es\/wp-json\/wp\/v2\/pages\/8039","targetHints":{"allow":["GET"]}}],"collection":[{"href":"https:\/\/www.drummondfirm.com\/es\/wp-json\/wp\/v2\/pages"}],"about":[{"href":"https:\/\/www.drummondfirm.com\/es\/wp-json\/wp\/v2\/types\/page"}],"author":[{"embeddable":true,"href":"https:\/\/www.drummondfirm.com\/es\/wp-json\/wp\/v2\/users\/2"}],"replies":[{"embeddable":true,"href":"https:\/\/www.drummondfirm.com\/es\/wp-json\/wp\/v2\/comments?post=8039"}],"version-history":[{"count":0,"href":"https:\/\/www.drummondfirm.com\/es\/wp-json\/wp\/v2\/pages\/8039\/revisions"}],"wp:attachment":[{"href":"https:\/\/www.drummondfirm.com\/es\/wp-json\/wp\/v2\/media?parent=8039"}],"curies":[{"name":"wp","href":"https:\/\/api.w.org\/{rel}","templated":true}]}}