{"id":8055,"date":"2026-03-02T07:40:45","date_gmt":"2026-03-02T15:40:45","guid":{"rendered":"https:\/\/drummonddvp.wpenginepowered.com\/abogado-de-lesiones-abdominales\/"},"modified":"2026-03-26T07:00:55","modified_gmt":"2026-03-26T15:00:55","slug":"abogado-de-lesiones-abdominales","status":"publish","type":"page","link":"https:\/\/www.drummondfirm.com\/es\/abogado-de-lesiones-abdominales\/","title":{"rendered":"Abogado de lesiones abdominales"},"content":{"rendered":"<\/p>\n<h2>Abogado de lesiones abdominales <strong><br \/>\nen Las Vegas<br \/>\n<\/strong><\/h2>\n<hr>\n<h2>\u00bfHA SUFRIDO UNA LESI\u00d3N ABDOMINAL EN LAS VEGAS?<\/h2>\n<p>Si se encuentra en Las Vegas y ha sufrido una lesi\u00f3n abdominal en un <a href=\"https:\/\/www.drummondfirm.com\/es\/abogado-de-accidentes-automovilisticos-en-las-vegas\/\">accidente automovil\u00edstico<\/a> , <a href=\"https:\/\/www.drummondfirm.com\/es\/abogado-de-resbalones-y-caidas-en-las-vegas\/\">resbal\u00f3n y ca\u00edda<\/a> , negligencia m\u00e9dica u otra situaci\u00f3n debido a la negligencia de otra persona, y est\u00e1 luchando con el dolor de sus lesiones, lidiando con facturas m\u00e9dicas crecientes y enfrentando la p\u00e9rdida de salario, un abogado con experiencia en lesiones abdominales de Las Vegas puede ayudarlo.<\/p>\n<h2><strong><br \/>\nTipos de<br \/>\n<\/strong> LESIONES ABDOMINALES<\/h2>\n<p>Existen dos tipos de lesiones abdominales:<\/p>\n<ol>\n<li>Trauma penetrante<\/li>\n<li>Traumatismo por fuerza contundente<\/li>\n<\/ol>\n<p><strong>Trauma penetrante<\/strong><\/p>\n<p>El traumatismo penetrante se produce cuando se perfora la piel del abdomen. Esto puede ocurrir durante una herida de bala o arma blanca. El <a href=\"https:\/\/www.ncbi.nlm.nih.gov\/pmc\/articles\/PMC4203982\/\" target=\"_blank\" rel=\"noopener\">Instituto Nacional de la Salud (NIH)<\/a> considera que el traumatismo penetrante tiene un espectro cl\u00ednico que abarca desde pacientes asintom\u00e1ticos hasta situaciones potencialmente mortales. El NIH <a href=\"https:\/\/www.ncbi.nlm.nih.gov\/pmc\/articles\/PMC4203982\/\" target=\"_blank\" rel=\"noopener\">indica<\/a> que la gravedad de la lesi\u00f3n interna depende del \u00f3rgano penetrado y de su vitalidad. Un traumatismo penetrante puede provocar las siguientes lesiones:<\/p>\n<ul>\n<li>Dolor intenso y prolongado<\/li>\n<li>Lesiones abdominales graves<\/li>\n<li>Da\u00f1o a sus \u00f3rganos internos<\/li>\n<li>N\u00e1useas y\/o v\u00f3mitos<\/li>\n<li>Shock y angustia emocional<\/li>\n<li>P\u00e9rdida injusta de la vida<\/li>\n<\/ul>\n<p>Nuestra oficina puede ayudarle en casos en los que haya sufrido un trauma penetrante o en los que un familiar haya perdido la vida tr\u00e1gica e injustamente debido a un trauma penetrante. Nuestro equipo de abogados cuenta con un amplio conocimiento de la ley, la terminolog\u00eda y los procedimientos m\u00e9dicos para que usted pueda concentrarse en su recuperaci\u00f3n mientras nosotros nos encargamos de las implicaciones legales.<\/p>\n<p><strong>Traumatismo por fuerza contundente<\/strong><\/p>\n<p>El traumatismo por fuerza contundente, tambi\u00e9n conocido como traumatismo no penetrante, se produce cuando hay una colisi\u00f3n directa con el abdomen, lo que puede causar diversas lesiones. Las lesiones por fuerza contundente se clasifican generalmente en cuatro categor\u00edas:<\/p>\n<ol>\n<li>Contusi\u00f3n<\/li>\n<li>Abrasi\u00f3n<\/li>\n<li>Laceraci\u00f3n<\/li>\n<li>Fractura<\/li>\n<\/ol>\n<p>El NIH <a href=\"https:\/\/www.ncbi.nlm.nih.gov\/books\/NBK470338\/\" target=\"_blank\" rel=\"noopener\">concluye<\/a> que el traumatismo por fuerza contundente \u00abes la principal causa de morbilidad y mortalidad en pacientes menores de 35 a\u00f1os y la sexta causa principal de muerte a nivel mundial. La mayor\u00eda de las lesiones traum\u00e1ticas graves se deben a traumatismos contundentes en accidentes automovil\u00edsticos y lesiones de peatones\u00bb.<\/p>\n<p>En el caso de un traumatismo contundente, es com\u00fan que la lesi\u00f3n pase desapercibida despu\u00e9s de los ex\u00e1menes m\u00e9dicos y solo sea evidente a trav\u00e9s de exploraciones por im\u00e1genes m\u00e9dicas.<\/p>\n<p>Un traumatismo por fuerza contundente puede ser el resultado de muchas acciones negligentes, incluidas las siguientes:<\/p>\n<ol>\n<li><a href=\"https:\/\/www.drummondfirm.com\/es\/abogado-de-accidentes-automovilisticos-en-las-vegas\/\">Accidente automovil\u00edstico<\/a><\/li>\n<li><a href=\"https:\/\/www.drummondfirm.com\/es\/abogado-de-resbalones-y-caidas-en-las-vegas\/\">Descendente<\/a><\/li>\n<li><a href=\"https:\/\/www.drummondfirm.com\/es\/abogado-de-accidentes-de-bicicleta-en-las-vegas\/\">Accidente de bicicleta<\/a><\/li>\n<li>Colisi\u00f3n deportiva<\/li>\n<li>Otras situaciones de negligencia<\/li>\n<\/ol>\n<p>Un traumatismo contundente puede causar numerosas lesiones que pueden tener consecuencias a largo plazo o incluso la muerte por negligencia. Algunos casos de traumatismo contundente que atendemos habitualmente son:<\/p>\n<ul>\n<li>Deformidad<\/li>\n<li>Contusiones<\/li>\n<li>Abrasiones<\/li>\n<li>Quemaduras<\/li>\n<li>Ternura<\/li>\n<li>Hinchaz\u00f3n<\/li>\n<\/ul>\n<p>Al igual que con el trauma penetrante, nuestra oficina puede evaluar su caso para cubrir los gastos m\u00e9dicos y recuperar los salarios perdidos debido a su lesi\u00f3n.<\/p>\n<h2><\/h2>\n<h2><strong><br \/>\n\u00bfQUI\u00c9N ES RESPONSABLE DE UNA<br \/>\n<\/strong> LESI\u00d3N ABDOMINAL?<\/h2>\n<hr>\n<p>En la mayor\u00eda de los casos, las personas deben a otros el mismo nivel de atenci\u00f3n que alguien con un criterio y cautela similares habr\u00eda recibido en las mismas circunstancias. Si una persona no proporciona ese nivel de atenci\u00f3n responsable, se denomina <a href=\"https:\/\/www.law.cornell.edu\/wex\/negligence\" target=\"_blank\" rel=\"noopener\">negligencia<\/a> . Si ha sufrido una lesi\u00f3n abdominal, la parte que no le proporcion\u00f3 un nivel de atenci\u00f3n razonable podr\u00eda ser responsable. Cuando se comunique con nuestra oficina, trabajaremos con usted para evaluar si experiment\u00f3 negligencia utilizando cuatro criterios:<\/p>\n<ol>\n<li>\u00bfExist\u00eda un deber legal que el otro individuo ten\u00eda hacia usted?<\/li>\n<li>\u00bfEsa persona viol\u00f3 ese deber al no brindar un nivel de atenci\u00f3n?<\/li>\n<li>\u00bfSufri\u00f3 alguna lesi\u00f3n?<\/li>\n<li>\u00bfPodemos probar que la acci\u00f3n descuidada del otro individuo caus\u00f3 su lesi\u00f3n?<\/li>\n<\/ol>\n<p>Por ejemplo, si tuvo un accidente automovil\u00edstico porque el otro conductor se salt\u00f3 un sem\u00e1foro en rojo y choc\u00f3 contra su veh\u00edculo. Posteriormente, sufri\u00f3 un traumatismo contundente en el abdomen. Debido a este traumatismo, acumul\u00f3 diversos gastos m\u00e9dicos y tuvo que ausentarse del trabajo mientras se recuperaba. Nuestra oficina trabajar\u00e1 con usted para demostrar que el otro conductor ten\u00eda la obligaci\u00f3n legal de obedecer las normas de tr\u00e1nsito. Si no cumpli\u00f3 con las leyes de tr\u00e1nsito del estado de Nevada, incumpli\u00f3 su deber de brindarle atenci\u00f3n m\u00e9dica. Demostraremos que usted no habr\u00eda sufrido las lesiones si el otro conductor no se hubiera saltado el sem\u00e1foro en rojo.<\/p>\n<p>Otro ejemplo con el mismo an\u00e1lisis podr\u00eda darse si un establecimiento comercial le deb\u00eda una obligaci\u00f3n razonable de contar con <a href=\"https:\/\/www.drummondfirm.com\/es\/abogado-de-responsabilidad-civil-de-locales-en-las-vegas\/\">instalaciones seguras<\/a> y usted se resbal\u00f3 y cay\u00f3, caus\u00e1ndole una lesi\u00f3n abdominal. El establecimiento le deb\u00eda un nivel razonable de atenci\u00f3n, lo que le caus\u00f3 da\u00f1os. Esa lesi\u00f3n le produjo un da\u00f1o m\u00e9dico a largo plazo.<\/p>\n<p>En situaciones como estas, es imperativo consultar con un abogado competente y con experiencia en este tipo de casos.<\/p>\n<h2>\u00bfQU\u00c9 TIPOS DE ACCIDENTES RESULTAN EN LESIONES ABDOMINALES?<\/h2>\n<p>Como se mencion\u00f3 anteriormente, diversos accidentes pueden causar lesiones abdominales. Las lesiones abdominales sufridas en accidentes automovil\u00edsticos son las m\u00e1s comunes. Sin embargo, las lesiones abdominales pueden ocurrir por una amplia variedad de accidentes, como resbalones y ca\u00eddas, lesiones deportivas, agresiones y otras conductas negligentes.<\/p>\n<h2>Encontrar al mejor abogado de lesiones abdominales en Las Vegas<\/h2>\n<hr>\n<p>Al <a href=\"https:\/\/www.drummondfirm.com\/las-vegas-personal-injury-lawyer\/\">emprender acciones legales<\/a> tras sufrir una lesi\u00f3n abdominal, es fundamental asegurarse de contar con el abogado adecuado. Debe confirmar que su bufete de abogados:<\/p>\n<ol>\n<li>Competente y experimentado en el manejo de otros casos donde los clientes han sufrido lesiones abdominales.<\/li>\n<li>Calificado para manejar su caso tanto fuera como dentro del tribunal dependiendo de las circunstancias de su caso.<\/li>\n<li>Tenga empat\u00eda por su situaci\u00f3n.<\/li>\n<\/ol>\n<p>Entendemos que este puede ser un momento frustrante y dif\u00edcil. Podemos ayudarle a encontrar el equilibrio entre eliminar el estr\u00e9s legal y garantizarle los mejores resultados al cubrir sus gastos m\u00e9dicos y la p\u00e9rdida de ingresos.<\/p>\n<h2><strong>PREGUNTAS FRECUENTES<\/strong><\/h2>\n<hr>\n<h5>\u00bfCu\u00e1les son algunos signos y s\u00edntomas de las lesiones abdominales?<\/h5>\n<p>Los signos iniciales m\u00e1s comunes de lesiones abdominales incluyen:<\/p>\n<ul>\n<li>N\u00e1useas<\/li>\n<li>V\u00f3mitos<\/li>\n<li>Sangre en la orina<\/li>\n<li>Fiebre<\/li>\n<li>Sensibilidad o dolor intenso<\/li>\n<li>El abdomen puede estar r\u00edgido al tacto.<\/li>\n<\/ul>\n<h5>\u00bfPuedo demandar por una lesi\u00f3n abdominal?<\/h5>\n<p>Si usted o un ser querido sufri\u00f3 una lesi\u00f3n abdominal debido a la negligencia o las acciones intencionales de otra persona, esta podr\u00eda ser considerada responsable de sus lesiones. En este caso, podr\u00eda presentar una demanda por lesiones personales para obtener la compensaci\u00f3n que merece. Contacte con nuestra oficina para una consulta gratuita y una revisi\u00f3n de su caso.<\/p>\n<h5>\u00bfC\u00f3mo puede un abogado especializado en lesiones abdominales ayudar en mi caso?<\/h5>\n<p>Un buen abogado especializado en lesiones abdominales lo representar\u00e1 para que pueda concentrarse en su recuperaci\u00f3n. Obtendr\u00e1 toda la documentaci\u00f3n, los registros m\u00e9dicos y los informes policiales necesarios para construir su caso. Un abogado con experiencia en lesiones abdominales en Las Vegas le ayudar\u00e1 a responsabilizar a la parte negligente de sus lesiones y a obtener la compensaci\u00f3n que merece.<\/p>\n<h2><strong><br \/>\nABOGADO DE<br \/>\n<\/strong> LESIONES ABDOMINALES MEJOR CALIFICADO DE LAS VEGAS<\/h2>\n<hr>\n<p>Si sucedi\u00f3 en Las Vegas\u00ae\u2026 Ll\u00e1menos. No solo somos abogados especializados en lesiones abdominales. \u00a1Somos abogados especializados en lesiones abdominales en Las Vegas y estamos comprometidos con usted! El Bufete Drummond SIEMPRE ofrece una consulta inicial GRATUITA e incluso gestionamos el transporte. Solo paga si ganamos su caso. Nuestros abogados especializados en lesiones abdominales se centran en obtener la m\u00e1xima compensaci\u00f3n para su recuperaci\u00f3n. Si sufre una lesi\u00f3n abdominal causada por la negligencia de otra persona, estamos aqu\u00ed para ayudarle.<\/p>\n<ul>\n<li><strong>\u00a1Disfrute de tranquilidad financiera! Somos la \u00fanica firma en Nevada que ofrece la Garant\u00eda de Tarifa Reducida\u00ae <\/strong><\/li>\n<li><strong>Consulta inicial GRATUITA<\/strong><\/li>\n<li><strong>Un bufete de abogados experimentado y galardonado<\/strong><\/li>\n<\/ul>\n<p>Si ha sufrido lesiones en un accidente, lo primero que debe hacer es buscar asistencia m\u00e9dica. Una vez que sea seguro hacerlo, llame a nuestra oficina antes de hablar con las compa\u00f1\u00edas de seguros. Podemos brindarle asesoramiento profesional y eficaz sobre c\u00f3mo proceder y comenzar a construir su caso. Simplificamos al m\u00e1ximo todo el proceso legal; nuestro equipo gestionar\u00e1 su reclamaci\u00f3n en su nombre y lo mantendr\u00e1 informado. Estamos a su lado para ayudarle a obtener la compensaci\u00f3n que merece.<\/p>\n<p>Nuestro principal objetivo es conseguirle el dinero que necesita para aliviar la carga financiera que puede derivar de una lesi\u00f3n abdominal. No pague las consecuencias de la negligencia ajena: deje que nuestro abogado especializado en lesiones abdominales de Las Vegas se encargue del trabajo duro. <strong><a href=\"https:\/\/www.drummondfirm.com\/es\/contactenos\/\">Cont\u00e1ctenos hoy mismo<\/a> para obtener ayuda con su caso de lesiones internas.<\/strong>PHNjcmlwdCB0eXBlPSJhcHBsaWNhdGlvbi9sZCtqc29uIj57CiAgICAiQGNvbnRleHQiOiAiaHR0cHM6Ly9zY2hlbWEub3JnIiwKICAgICJAZ3JhcGgiOiBbCiAgICB7CiAgICAgICAgIkB0eXBlIjogIkxlZ2FsU2VydmljZSIsCiAgICAgICAgIm5hbWUiOiAiRHJ1bW1vbmQgTGF3IEZpcm0iLAogICAgICAgICJpbWFnZSI6ICJodHRwczovL3d3dy5kcnVtbW9uZGZpcm0uY29tL3dwLWNvbnRlbnQvdXBsb2Fkcy90aGVnZW0tbG9nb3MvbG9nb18yN2JmNzUxMjZhNmM5YjNmOGU1ZWI0NTRiZWJkNGZlYV8xeC5wbmciLAogICAgICAgICJ1cmwiOiAiaHR0cHM6Ly93d3cuZHJ1bW1vbmRmaXJtLmNvbS9wZXJzb25hbC1pbmp1cnkvYWJkb21pbmFsLWluanVyeS1sYXd5ZXIvIiwKICAgICAgICAiYWRkcmVzcyI6IHsKICAgICAgICAgICAgIkB0eXBlIjogIlBvc3RhbEFkZHJlc3MiLAogICAgICAgICAgICAiYWRkcmVzc0xvY2FsaXR5IjogIkxhcyBWZWdhcyIsCiAgICAgICAgICAgICJhZGRyZXNzUmVnaW9uIjogIk5WIiwKICAgICAgICAgICAgInBvc3RhbENvZGUiOiAiODkxMDEiLAogICAgICAgICAgICAic3RyZWV0QWRkcmVzcyI6ICI4MTAgUyBDYXNpbm8gQ2VudGVyIEJsdmQgIzEwMSIsCiAgICAgICAgICAgICJBZGRyZXNzQ291bnRyeSI6ICJVLlMuQS4iCiAgICAgICAgfSwKICAgICAgICAidGVsZXBob25lIjogIig3MDIpIDM4MS01ODM3IiwKICAgICAgICAgICAgICAgICAgICAiaGFzTWFwIjogImh0dHBzOi8vZy5wYWdlL2RydW1tb25kbGF3ZmlybWx2P3NoYXJlIiwKICAgICAgICAgICAgImdlbyI6IHsKICAgICAgICAgICAgICAgICJAdHlwZSI6ICJHZW9Db29yZGluYXRlcyIsCiAgICAgICAgICAgICAgICAibGF0aXR1ZGUiOiAiMzYuMTYyMzI1NCIsCiAgICAgICAgICAgICAgICAibG9uZ2l0dWRlIjogIi0xMTUuMTUwMTQ2NCIKICAgICAgICAgICAgfSwKICAgICAgICAiZGVzY3JpcHRpb24iOiAiT3VyIGV4cGVyaWVuY2VkIGFuZCBhd2FyZCB3aW5uaW5nIExhcyBWZWdhcyBsYXd5ZXJzIGhlbHAgd2l0aCBwZXJzb25hbCBpbmp1cnkgYW5kIGNyaW1pbmFsIGRlZmVuc2UuIFdlIGFyZSB0aGUgb25seSBsYXcgZmlybSBpbiBORVZBREEgd2l0aCBGYWlyIEZlZSBHdWFyYW50ZWXCriBhbmQgdGhlcmUgaXMgbm8gZmVlIHVubGVzcyB3ZSB3aW4geW91ciBwZXJzb25hbCBpbmp1cnkgY2FzZS4iLAogICAgICAgICJtYWtlc09mZmVyIjogWyJQZXJzb25hbCBJbmp1cnkgYW5kIENyaW1pbmFsIExhd3llciJdLAogICAgICAgICJwcmljZVJhbmdlIjogIiQiLAogICAgICAgICJtZW1iZXJPZiI6IHsKICAgICAgICAgICAgIkB0eXBlIiA6ICJPcmdhbml6YXRpb24iLAogICAgICAgICAgICAidXJsIiA6ICJodHRwczovL3d3dy5kcnVtbW9uZGZpcm0uY29tL3BlcnNvbmFsLWluanVyeS9hYmRvbWluYWwtaW5qdXJ5LWxhd3llci8iCiAgICAgICAgfQogICAgICAgICAgICAsCiAgICAgICAgImFnZ3JlZ2F0ZVJhdGluZyI6IHsKICAgICAgICAgICAgIkB0eXBlIjogIkFnZ3JlZ2F0ZVJhdGluZyIsCiAgICAgICAgICAgICJpdGVtUmV2aWV3ZWQiOiAiRHJ1bW1vbmQgTGF3IEZpcm0iLAogICAgICAgICAgICAicmF0aW5nVmFsdWUiOiA1LjAsCiAgICAgICAgICAgICJyZXZpZXdDb3VudCI6IDMwLAogICAgICAgICAgICAiYmVzdFJhdGluZyI6IDUsCiAgICAgICAgICAgICJ3b3JzdFJhdGluZyI6IDAKICAgICAgICB9LAogICAgICAgICJyZXZpZXciOiBbXQogICAgICAgIH0KICAgICAgICBdCn0gICAgICAgIDwvc2NyaXB0PjxzY3JpcHQgdHlwZT0iYXBwbGljYXRpb24vbGQranNvbiI+ewogICJAY29udGV4dCI6ICJodHRwczovL3NjaGVtYS5vcmciLAogICJAdHlwZSI6ICJGQVFQYWdlIiwKICAibWFpbkVudGl0eSI6IFt7CiAgICAiQHR5cGUiOiAiUXVlc3Rpb24iLAogICAgIm5hbWUiOiAiV2hhdCBhcmUgc29tZSBzaWducyBhbmQgc3ltcHRvbXMgb2YgYWJkb21pbmFsIGluanVyaWVzPyIsCiAgICAiYWNjZXB0ZWRBbnN3ZXIiOiB7CiAgICAgICJAdHlwZSI6ICJBbnN3ZXIiLAogICAgICAidGV4dCI6ICJUaGUgbW9zdCBjb21tb24gaW5pdGlhbCBzaWducyBvZiBhYmRvbWluYWwgaW5qdXJpZXMgaW5jbHVkZToKTmF1c2VhClZvbWl0aW5nCkJsb29kIGluIHRoZSB1cmluZQpGZXZlcgpUZW5kZXJuZXNzIG9yIHNldmVyZSBwYWluClRoZSBhYmRvbWVuIG1heSBiZSByaWdpZCB0byB0aGUgdG91Y2giCiAgICB9CiAgfSx7CiAgICAiQHR5cGUiOiAiUXVlc3Rpb24iLAogICAgIm5hbWUiOiAiQ2FuIEkgc3VlIGZvciBhbiBhYmRvbWluYWwgaW5qdXJ5PyIsCiAgICAiYWNjZXB0ZWRBbnN3ZXIiOiB7CiAgICAgICJAdHlwZSI6ICJBbnN3ZXIiLAogICAgICAidGV4dCI6ICJJZiB5b3Ugb3IgYSBsb3ZlZCBvbmUgc3VmZmVyZWQgYW4gYWJkb21pbmFsIGluanVyeSB0aGF0IHdhcyBkdWUgdG8gc29tZW9uZSBlbHNl4oCZcyBuZWdsaWdlbmNlIG9yIGludGVudGlvbmFsIGFjdGlvbnMsIHRoZXkgbWF5IGJlIGhlbGQgcmVzcG9uc2libGUgZm9yIHlvdXIgaW5qdXJpZXMuIEluIHRoaXMgY2FzZSwgaXQgbWF5IGJlIHBvc3NpYmxlIHRvIGZpbGUgYSBwZXJzb25hbCBpbmp1cnkgbGF3c3VpdCBpbiBvcmRlciB0byBnZXQgdGhlIGNvbXBlbnNhdGlvbiB5b3UgZGVzZXJ2ZS4gQ29udGFjdCBvdXIgb2ZmaWNlIGZvciBhIGZyZWUgY29uc3VsdGF0aW9uIGFuZCBjYXNlIHJldmlldy4iCiAgICB9CiAgfSx7CiAgICAiQHR5cGUiOiAiUXVlc3Rpb24iLAogICAgIm5hbWUiOiAiSG93IGNhbiBhbiBhYmRvbWluYWwgaW5qdXJ5IGxhd3llciBoZWxwIG15IGNhc2U\/IiwKICAgICJhY2NlcHRlZEFuc3dlciI6IHsKICAgICAgIkB0eXBlIjogIkFuc3dlciIsCiAgICAgICJ0ZXh0IjogIkEgZ29vZCBhYmRvbWluYWwgaW5qdXJ5IGxhd3llciB3aWxsIGJlZ2luIHJlcHJlc2VudGluZyBvbiB5b3VyIGJlaGFsZiBzbyB0aGF0IHlvdSBjYW4gZm9jdXMgb24geW91ciByZWNvdmVyeS4gVGhleSB3aWxsIG9idGFpbiBhbGwgdGhlIG5lY2Vzc2FyeSBkb2N1bWVudGF0aW9uLCBtZWRpY2FsIHJlY29yZHMsIGFuZCBwb2xpY2UgcmVwb3J0cyBuZWVkZWQgdG8gYnVpbGQgeW91ciBjYXNlLiBBbiBleHBlcmllbmNlZCBMYXMgVmVnYXMgYWJkb21pbmFsIGluanVyeSBsYXd5ZXIgd2lsbCBoZWxwIHBsYWNlIHRoZSBsaWFiaWxpdHkgZm9yIHlvdXIgaW5qdXJpZXMgb24gdGhlIG5lZ2xpZ2VudCBwYXJ0eSBhbmQgZ2V0IHlvdSB0aGUgY29tcGVuc2F0aW9uIHlvdSBkZXNlcnZlLiIKICAgIH0KICB9XQp9Cjwvc2NyaXB0Pg==<\/p>\n<section>\n<div id=\"vc_row-685caff1e8f12\">\n<div>\n<div>\n<div>\n<div>\n<figure>\n<div><img fetchpriority=\"high\" decoding=\"async\" title=\"drummond-lv\" src=\"https:\/\/www.drummondfirm.com\/wp-content\/uploads\/2025\/06\/drummond-lv.webp\" sizes=\"(max-width: 1000px) 100vw, 1000px\" srcset=\"https:\/\/www.drummondfirm.com\/wp-content\/uploads\/2025\/06\/drummond-lv.webp 1000w, https:\/\/www.drummondfirm.com\/wp-content\/uploads\/2025\/06\/drummond-lv-300x216.webp 300w, https:\/\/www.drummondfirm.com\/wp-content\/uploads\/2025\/06\/drummond-lv-768x553.webp 768w\" alt=\"\" width=\"1000\" height=\"720\"><\/div>\n<\/figure>\n<\/div>\n<\/div>\n<\/div>\n<\/div>\n<div>\n<div>\n<div>\n<div>\n<div>\n<div><iframe src=\"https:\/\/www.google.com\/maps\/embed?pb=!1m18!1m12!1m3!1d3221.9278693507486!2d-115.1863827!3d36.1439695!2m3!1f0!2f0!3f0!3m2!1i1024!2i768!4f13.1!3m3!1m2!1s0x80c8c39e4cc8d767%3A0x9f14482a0a01c47d!2sDrummond%20Law%3A%20Car%20Accident%20and%20Injury%20Attorney!5e0!3m2!1sen!2sec!4v1750693499309!5m2!1sen!2sec\" width=\"600\" height=\"480\" allowfullscreen=\"allowfullscreen\"><\/iframe><\/div>\n<\/div>\n<\/div>\n<\/div>\n<\/div>\n<\/div>\n<\/div>\n<\/section>\n","protected":false},"excerpt":{"rendered":"<p>Abogado de lesiones abdominales en Las Vegas \u00bfHA SUFRIDO UNA LESI\u00d3N ABDOMINAL EN LAS VEGAS? Si se encuentra en Las Vegas y ha sufrido una lesi\u00f3n abdominal en un accidente&hellip; <\/p>\n<p class=\"link-more\"><a href=\"https:\/\/www.drummondfirm.com\/es\/abogado-de-lesiones-abdominales\/\" class=\"more-link\">Read More <span class=\"screen-reader-text\"> \u00abAbogado de lesiones abdominales\u00bb<\/span><\/a><\/p>\n","protected":false},"author":2,"featured_media":0,"parent":0,"menu_order":0,"comment_status":"closed","ping_status":"closed","template":"","meta":{"footnotes":""},"class_list":["post-8055","page","type-page","status-publish","hentry"],"yoast_head":"<!-- This site is optimized with the Yoast SEO plugin v27.6 - https:\/\/yoast.com\/product\/yoast-seo-wordpress\/ -->\n<title>Abogados de lesiones abdominales en Las Vegas | Abogados especializados en da\u00f1os a \u00f3rganos internos y traumatismos abdominales<\/title>\n<meta name=\"description\" content=\"Abogado de lesiones abdominales de primera categor\u00eda en Las Vegas \/\/ Comprometidos con usted. Sin honorarios si no ganamos \u2014 Consulta 100 % gratuita.\" \/>\n<meta name=\"robots\" content=\"index, follow, max-snippet:-1, max-image-preview:large, max-video-preview:-1\" \/>\n<link rel=\"canonical\" href=\"https:\/\/www.drummondfirm.com\/es\/abogado-de-lesiones-abdominales\/\" \/>\n<meta property=\"og:locale\" content=\"es_ES\" \/>\n<meta property=\"og:type\" content=\"article\" \/>\n<meta property=\"og:title\" content=\"Abogados de lesiones abdominales en Las Vegas | Abogados especializados en da\u00f1os a \u00f3rganos internos y traumatismos abdominales\" \/>\n<meta property=\"og:description\" content=\"Abogado de lesiones abdominales de primera categor\u00eda en Las Vegas \/\/ Comprometidos con usted. Sin honorarios si no ganamos \u2014 Consulta 100 % gratuita.\" \/>\n<meta property=\"og:url\" content=\"https:\/\/www.drummondfirm.com\/es\/abogado-de-lesiones-abdominales\/\" \/>\n<meta property=\"og:site_name\" content=\"Drummond Law Firm\" \/>\n<meta property=\"article:publisher\" content=\"https:\/\/www.facebook.com\/drummondlawfirmlv\/\" \/>\n<meta property=\"article:modified_time\" content=\"2026-03-26T15:00:55+00:00\" \/>\n<meta property=\"og:image\" content=\"https:\/\/www.drummondfirm.com\/wp-content\/uploads\/2025\/06\/drummond-lv.webp\" \/>\n<meta name=\"twitter:card\" content=\"summary_large_image\" \/>\n<meta name=\"twitter:label1\" content=\"Tiempo de lectura\" \/>\n\t<meta name=\"twitter:data1\" content=\"9 minutos\" \/>\n<!-- \/ Yoast SEO plugin. -->","yoast_head_json":{"title":"Abogados de lesiones abdominales en Las Vegas | Abogados especializados en da\u00f1os a \u00f3rganos internos y traumatismos abdominales","description":"Abogado de lesiones abdominales de primera categor\u00eda en Las Vegas \/\/ Comprometidos con usted. Sin honorarios si no ganamos \u2014 Consulta 100 % gratuita.","robots":{"index":"index","follow":"follow","max-snippet":"max-snippet:-1","max-image-preview":"max-image-preview:large","max-video-preview":"max-video-preview:-1"},"canonical":"https:\/\/www.drummondfirm.com\/es\/abogado-de-lesiones-abdominales\/","og_locale":"es_ES","og_type":"article","og_title":"Abogados de lesiones abdominales en Las Vegas | Abogados especializados en da\u00f1os a \u00f3rganos internos y traumatismos abdominales","og_description":"Abogado de lesiones abdominales de primera categor\u00eda en Las Vegas \/\/ Comprometidos con usted. Sin honorarios si no ganamos \u2014 Consulta 100 % gratuita.","og_url":"https:\/\/www.drummondfirm.com\/es\/abogado-de-lesiones-abdominales\/","og_site_name":"Drummond Law Firm","article_publisher":"https:\/\/www.facebook.com\/drummondlawfirmlv\/","article_modified_time":"2026-03-26T15:00:55+00:00","og_image":[{"url":"https:\/\/www.drummondfirm.com\/wp-content\/uploads\/2025\/06\/drummond-lv.webp","type":"","width":"","height":""}],"twitter_card":"summary_large_image","twitter_misc":{"Tiempo de lectura":"9 minutos"},"schema":{"@context":"https:\/\/schema.org","@graph":[{"@type":"WebPage","@id":"https:\/\/www.drummondfirm.com\/es\/abogado-de-lesiones-abdominales\/","url":"https:\/\/www.drummondfirm.com\/es\/abogado-de-lesiones-abdominales\/","name":"Abogados de lesiones abdominales en Las Vegas | Abogados especializados en da\u00f1os a \u00f3rganos internos y traumatismos abdominales","isPartOf":{"@id":"https:\/\/www.drummondfirm.com\/es\/#website"},"primaryImageOfPage":{"@id":"https:\/\/www.drummondfirm.com\/es\/abogado-de-lesiones-abdominales\/#primaryimage"},"image":{"@id":"https:\/\/www.drummondfirm.com\/es\/abogado-de-lesiones-abdominales\/#primaryimage"},"thumbnailUrl":"https:\/\/www.drummondfirm.com\/wp-content\/uploads\/2025\/06\/drummond-lv.webp","datePublished":"2026-03-02T15:40:45+00:00","dateModified":"2026-03-26T15:00:55+00:00","description":"Abogado de lesiones abdominales de primera categor\u00eda en Las Vegas \/\/ Comprometidos con usted. Sin honorarios si no ganamos \u2014 Consulta 100 % gratuita.","breadcrumb":{"@id":"https:\/\/www.drummondfirm.com\/es\/abogado-de-lesiones-abdominales\/#breadcrumb"},"inLanguage":"es","potentialAction":[{"@type":"ReadAction","target":["https:\/\/www.drummondfirm.com\/es\/abogado-de-lesiones-abdominales\/"]}]},{"@type":"ImageObject","inLanguage":"es","@id":"https:\/\/www.drummondfirm.com\/es\/abogado-de-lesiones-abdominales\/#primaryimage","url":"https:\/\/www.drummondfirm.com\/wp-content\/uploads\/2025\/06\/drummond-lv.webp","contentUrl":"https:\/\/www.drummondfirm.com\/wp-content\/uploads\/2025\/06\/drummond-lv.webp"},{"@type":"BreadcrumbList","@id":"https:\/\/www.drummondfirm.com\/es\/abogado-de-lesiones-abdominales\/#breadcrumb","itemListElement":[{"@type":"ListItem","position":1,"name":"Abogado de lesiones personales","item":"https:\/\/www.drummondfirm.com\/es\/inicio-actualizacion-de-seo\/"},{"@type":"ListItem","position":2,"name":"Abogado de lesiones abdominales"}]},{"@type":"WebSite","@id":"https:\/\/www.drummondfirm.com\/es\/#website","url":"https:\/\/www.drummondfirm.com\/es\/","name":"Drummond Law Firm","description":"Llama al capit\u00e1n","publisher":{"@id":"https:\/\/www.drummondfirm.com\/es\/#organization"},"potentialAction":[{"@type":"SearchAction","target":{"@type":"EntryPoint","urlTemplate":"https:\/\/www.drummondfirm.com\/es\/?s={search_term_string}"},"query-input":{"@type":"PropertyValueSpecification","valueRequired":true,"valueName":"search_term_string"}}],"inLanguage":"es"},{"@type":"Organization","@id":"https:\/\/www.drummondfirm.com\/es\/#organization","name":"Drummond Law Firm","url":"https:\/\/www.drummondfirm.com\/es\/","logo":{"@type":"ImageObject","inLanguage":"es","@id":"https:\/\/www.drummondfirm.com\/es\/#\/schema\/logo\/image\/","url":"","contentUrl":"","caption":"Drummond Law Firm"},"image":{"@id":"https:\/\/www.drummondfirm.com\/es\/#\/schema\/logo\/image\/"},"sameAs":["https:\/\/www.facebook.com\/drummondlawfirmlv\/","https:\/\/www.linkedin.com\/company\/drummond-law-firm","https:\/\/www.youtube.com\/channel\/UCx06adFjyj7LjlZuR3ROlPw","https:\/\/www.instagram.com\/callthecaptain_drummondlawfirm\/"]}]}},"featured_image_src":null,"featured_image_src_square":null,"_links":{"self":[{"href":"https:\/\/www.drummondfirm.com\/es\/wp-json\/wp\/v2\/pages\/8055","targetHints":{"allow":["GET"]}}],"collection":[{"href":"https:\/\/www.drummondfirm.com\/es\/wp-json\/wp\/v2\/pages"}],"about":[{"href":"https:\/\/www.drummondfirm.com\/es\/wp-json\/wp\/v2\/types\/page"}],"author":[{"embeddable":true,"href":"https:\/\/www.drummondfirm.com\/es\/wp-json\/wp\/v2\/users\/2"}],"replies":[{"embeddable":true,"href":"https:\/\/www.drummondfirm.com\/es\/wp-json\/wp\/v2\/comments?post=8055"}],"version-history":[{"count":0,"href":"https:\/\/www.drummondfirm.com\/es\/wp-json\/wp\/v2\/pages\/8055\/revisions"}],"wp:attachment":[{"href":"https:\/\/www.drummondfirm.com\/es\/wp-json\/wp\/v2\/media?parent=8055"}],"curies":[{"name":"wp","href":"https:\/\/api.w.org\/{rel}","templated":true}]}}