{"id":8061,"date":"2026-03-02T07:40:45","date_gmt":"2026-03-02T15:40:45","guid":{"rendered":"https:\/\/drummonddvp.wpenginepowered.com\/abogado-de-insuficiencia-organica\/"},"modified":"2026-03-26T07:00:56","modified_gmt":"2026-03-26T15:00:56","slug":"abogado-de-insuficiencia-organica","status":"publish","type":"page","link":"https:\/\/www.drummondfirm.com\/es\/abogado-de-insuficiencia-organica\/","title":{"rendered":"Abogado de insuficiencia org\u00e1nica"},"content":{"rendered":"<\/p>\n<h2>Abogado especializado en insuficiencia org\u00e1nica <strong><br \/>\nen Las Vegas<br \/>\n<\/strong><\/h2>\n<hr>\n<p>Cuando se <a href=\"https:\/\/www.drummondfirm.com\/las-vegas-personal-injury-lawyer\/\">lesiona en un accidente<\/a> , no siempre es f\u00e1cil reconocer la necesidad de tratamiento m\u00e9dico. Es evidente cuando se presentan signos visibles, como fracturas o heridas sangrantes. Cuando siente dolor y ve el da\u00f1o, no necesita que lo animen a acudir a urgencias. Es diferente cuando un accidente da\u00f1a sus \u00f3rganos internos. No sentir\u00e1 necesariamente la misma urgencia hasta que se acerque a una <a href=\"https:\/\/www.medicinenet.com\/organ_failure\/definition.htm\">insuficiencia org\u00e1nica<\/a> . A pesar del retraso en la aparici\u00f3n de los s\u00edntomas, el da\u00f1o org\u00e1nico suele ser <a href=\"https:\/\/www.drummondfirm.com\/es\/abogado-de-lesiones-catastroficas-en-las-vegas\/\">catastr\u00f3fico<\/a> . Cuando la negligencia de alguien causa sus lesiones, necesita un abogado especializado en insuficiencia org\u00e1nica que trabaje para obtener una indemnizaci\u00f3n por da\u00f1os y perjuicios en su nombre.<\/p>\n<p>Un <a href=\"https:\/\/www.drummondfirm.com\/es\/abogado-de-accidentes-automovilisticos-en-las-vegas\/\">accidente automovil\u00edstico<\/a> , <a href=\"https:\/\/www.drummondfirm.com\/es\/abogado-de-resbalones-y-caidas-en-las-vegas\/\">un resbal\u00f3n y una ca\u00edda<\/a> , y muchos otros tipos de accidentes pueden da\u00f1ar cualquier \u00f3rgano interno, desde el cerebro hasta el h\u00edgado. Las fracturas de huesos y los objetos extra\u00f1os causan perforaciones internas y heridas punzantes. Los da\u00f1os causados por aplastamiento de un veh\u00edculo suelen causar lesiones externas e internas graves. Debido a su fragilidad, las personas mayores sufren f\u00e1cilmente lesiones internas graves, incluso en accidentes leves. Las personas con hemofilia o que toman anticoagulantes recetados tienen un alto riesgo de sufrir hemorragias incontroladas.<\/p>\n<h2><strong><br \/>\nTipos de<br \/>\n<\/strong> fallos org\u00e1nicos<\/h2>\n<p>Cuando una herida externa o interna causa sangrado, puede da\u00f1ar un \u00f3rgano hasta el punto de causarle una falla. Si el da\u00f1o no se detecta ni se trata, la hemorragia interna reduce el flujo sangu\u00edneo a \u00f3rganos y partes cr\u00edticas del cuerpo. La presi\u00f3n de la sangre estancada causa gradualmente da\u00f1o interno y una posible falla org\u00e1nica en todo el cuerpo de la persona lesionada. Los tipos de falla org\u00e1nica var\u00edan seg\u00fan la gravedad del accidente.<\/p>\n<ul>\n<li><strong>Hemot\u00f3rax<\/strong> : El sangrado interno se acumula alrededor de los pulmones y causa da\u00f1os.<\/li>\n<li><strong>Hemopericardio<\/strong> : El da\u00f1o interno provoca sangrado alrededor del coraz\u00f3n.<\/li>\n<li><strong>Vasos sangu\u00edneos da\u00f1ados<\/strong> : los traumatismos a veces provocan desgarros en los vasos sangu\u00edneos y da\u00f1an el coraz\u00f3n.<\/li>\n<li><strong>Da\u00f1os en los \u00f3rganos abdominales<\/strong> : Las perforaciones o el exceso de presi\u00f3n arterial provocan da\u00f1os en el h\u00edgado, los ri\u00f1ones o el bazo.<\/li>\n<li><strong>Da\u00f1o pulmonar<\/strong> : una costilla rota o un objeto extra\u00f1o a veces perfora un pulm\u00f3n y provoca su colapso.<\/li>\n<li><strong>Da\u00f1o Cerebral Traum\u00e1tico<\/strong> : Los TCE leves (conmociones cerebrales), moderados y graves ocurren durante choques, ca\u00eddas y sacudidas corporales fuertes. Las lesiones cerebrales a veces implican sangrado o hematomas. Dependiendo de la gravedad, los TCE causan deterioro temporal y permanente que afecta diversas funciones corporales.<\/li>\n<\/ul>\n<h3>\u00bfQu\u00e9 tipos de accidentes provocan insuficiencia org\u00e1nica?<\/h3>\n<p>Aunque los da\u00f1os internos ocurren con mayor frecuencia durante accidentes graves, tambi\u00e9n ocurren en situaciones cotidianas. Cuando sufres lesiones internas, es posible que no notes las se\u00f1ales. Al menos deber\u00edas conocer las circunstancias en las que suelen ocurrir.<\/p>\n<ul>\n<li>Un veh\u00edculo choca contra un peat\u00f3n, un ciclista, un motociclista u otro veh\u00edculo.<\/li>\n<li>Una persona cae por una escalera, de una altura a otra, o sobre una superficie dura.<\/li>\n<li>Un cintur\u00f3n de seguridad se aprieta demasiado durante un impacto de veh\u00edculo a alta velocidad<\/li>\n<li>Un m\u00e9dico comete un error durante un parto o un procedimiento quir\u00fargico.<\/li>\n<li>Un producto causa da\u00f1o debido a un defecto.<\/li>\n<\/ul>\n<h2><\/h2>\n<h2><strong><br \/>\n\u00bfQUI\u00c9N ES RESPONSABLE DE UNA<br \/>\n<\/strong> INSUFICIENCIA ORG\u00c1NICA?<\/h2>\n<hr>\n<p>Cuando una persona por negligencia le causa lesiones, es responsable de sus lesiones. Usted o su abogado deben presentar pruebas que demuestren la negligencia de la otra parte. Las partes responsables var\u00edan seg\u00fan el tipo de accidente.<\/p>\n<ul>\n<li><a href=\"https:\/\/www.drummondfirm.com\/es\/abogado-de-accidentes-automovilisticos-en-las-vegas\/\"><strong>Accidente de Veh\u00edculo<\/strong><\/a>: Tanto el conductor como el propietario del veh\u00edculo pueden ser responsables de las acciones negligentes del conductor que causen lesiones. Cuando un conductor opera un veh\u00edculo comercial para fines de la empresa, su empleador puede compartir la responsabilidad. La negligencia a menudo se extiende a una empresa de reparaci\u00f3n o mantenimiento de veh\u00edculos negligente.<\/li>\n<li><strong>Responsabilidad del producto<\/strong>: Una empresa responsable de la fabricaci\u00f3n, el dise\u00f1o, la importaci\u00f3n, la distribuci\u00f3n, el etiquetado o el arrendamiento de un producto podr\u00eda ser responsable de los da\u00f1os causados por un defecto. Debe presentar pruebas para demostrar la negligencia del fabricante. Si demuestra que el producto caus\u00f3 lesiones por ser excesivamente peligroso, las partes responsables ser\u00e1n estrictamente responsables de sus lesiones.<\/li>\n<li><a href=\"https:\/\/www.drummondfirm.com\/es\/abogado-de-responsabilidad-civil-de-locales-en-las-vegas\/\"><strong>Responsabilidad Civil<\/strong><\/a>: El propietario de una vivienda puede ser responsable de las lesiones sufridas debido a una negligencia en su propiedad. Si sufre una lesi\u00f3n en una propiedad comercial, el propietario, el administrador, el contratista de mantenimiento y otras partes pueden ser responsables de sus acciones negligentes.<\/li>\n<li><strong>Negligencia M\u00e9dica<\/strong>: <a href=\"https:\/\/www.leg.state.nv.us\/nrs\/nrs-041a.html\" target=\"_blank\" rel=\"noopener\">Seg\u00fan los Estatutos Revisados de Nevada, \u00a741A<\/a> , un m\u00e9dico u otro profesional de la salud puede ser responsable de las lesiones que cause. Un perito m\u00e9dico debe concordar en que el profesional negligente se desvi\u00f3 del est\u00e1ndar de atenci\u00f3n.<\/li>\n<\/ul>\n<h2>Encontrar al mejor abogado especializado en insuficiencia org\u00e1nica en Las Vegas<\/h2>\n<hr>\n<p>Cuando se recupera de lesiones internas, necesita un <a href=\"https:\/\/www.drummondfirm.com\/las-vegas-personal-injury-lawyer\/\">abogado compasivo<\/a> que trabaje para usted mientras usted se concentra en sanar. Necesita un abogado especializado en insuficiencia org\u00e1nica con experiencia en la resoluci\u00f3n de casos dif\u00edciles con lesiones complejas.<\/p>\n<p>Al consultar con un abogado especializado en insuficiencia org\u00e1nica, tiene la oportunidad de hablar sobre su accidente y sus lesiones. Puede hacer preguntas importantes y obtener m\u00e1s informaci\u00f3n sobre sus opciones legales.<\/p>\n<h2><strong>PREGUNTAS FRECUENTES<\/strong><\/h2>\n<hr>\n<h5>\u00bfPuede una persona recuperarse de una insuficiencia org\u00e1nica?<\/h5>\n<p>La supervivencia y la recuperaci\u00f3n de una insuficiencia org\u00e1nica dependen de m\u00faltiples factores, pero el m\u00e1s importante es qu\u00e9 \u00f3rgano fall\u00f3. En el caso de ciertos \u00f3rganos, si fallan y no existe la posibilidad de un trasplante, el paciente probablemente no sobrevivir\u00e1.<\/p>\n<h5>\u00bfPuedo demandar por una lesi\u00f3n que caus\u00f3 una falla org\u00e1nica?<\/h5>\n<p>Si usted o un ser querido sufri\u00f3 una insuficiencia org\u00e1nica debido a la negligencia o las acciones intencionales de otra persona, podr\u00eda ser considerado responsable de sus lesiones. En este caso, podr\u00eda presentar una demanda por lesiones personales para obtener la compensaci\u00f3n que merece. Contacte con nuestra oficina para una consulta gratuita y una revisi\u00f3n de su caso.<\/p>\n<h5>\u00bfC\u00f3mo puede un abogado especializado en insuficiencia org\u00e1nica ayudar en mi caso?<\/h5>\n<p>Un buen abogado especializado en insuficiencia org\u00e1nica lo representar\u00e1 para que pueda concentrarse en su recuperaci\u00f3n. Obtendr\u00e1 toda la documentaci\u00f3n, los registros m\u00e9dicos y los informes policiales necesarios para construir su caso. Un abogado con experiencia en insuficiencia org\u00e1nica en Las Vegas le ayudar\u00e1 a responsabilizar a la parte negligente por sus lesiones y a obtener la indemnizaci\u00f3n que merece.<\/p>\n<h2><strong><br \/>\nABOGADO DE LAS VEGAS MEJOR<br \/>\n<\/strong> CALIFICADO EN FALLAS DE \u00d3RGANOS<\/h2>\n<hr>\n<p>Si sucedi\u00f3 en Las Vegas\u00ae\u2026 Ll\u00e1menos. No solo somos abogados especializados en insuficiencia org\u00e1nica. Somos abogados especializados en insuficiencia org\u00e1nica en Las Vegas y estamos comprometidos con usted. El Bufete Drummond SIEMPRE ofrece una consulta inicial GRATUITA e incluso gestionamos el transporte. Solo paga si ganamos su caso. Nuestros abogados especializados en insuficiencia org\u00e1nica se centran en obtener la m\u00e1xima compensaci\u00f3n para su recuperaci\u00f3n. Si sufre una insuficiencia org\u00e1nica causada por la negligencia de otra persona, estamos aqu\u00ed para ayudarle.<\/p>\n<ul>\n<li><strong>\u00a1Disfrute de tranquilidad financiera! Somos la \u00fanica firma en Nevada que ofrece la Garant\u00eda de Tarifa Reducida\u00ae <\/strong><\/li>\n<li><strong>Consulta inicial GRATUITA<\/strong><\/li>\n<li><strong>Un bufete de abogados experimentado y galardonado<\/strong><\/li>\n<\/ul>\n<p>Si ha sufrido lesiones en un accidente, lo primero que debe hacer es buscar asistencia m\u00e9dica. Una vez que sea seguro hacerlo, llame a nuestra oficina antes de hablar con las compa\u00f1\u00edas de seguros. Podemos brindarle asesoramiento profesional y eficaz sobre c\u00f3mo proceder y comenzar a construir su caso. Simplificamos al m\u00e1ximo todo el proceso legal; nuestro equipo gestionar\u00e1 su reclamaci\u00f3n en su nombre y lo mantendr\u00e1 informado. Estamos a su lado para ayudarle a obtener la compensaci\u00f3n que merece.<\/p>\n<p>Nuestro principal objetivo es conseguirle el dinero que necesita para aliviar la carga financiera que puede derivar de una insuficiencia org\u00e1nica. No pague las consecuencias de la negligencia ajena: deje que nuestro abogado especializado en insuficiencia org\u00e1nica de Las Vegas se encargue del trabajo duro. <strong><a href=\"https:\/\/www.drummondfirm.com\/es\/contactenos\/\">Cont\u00e1ctenos hoy mismo<\/a> para obtener ayuda con su caso de lesiones internas.<\/strong>PHNjcmlwdCB0eXBlPSJhcHBsaWNhdGlvbi9sZCtqc29uIj57CiAgICAiQGNvbnRleHQiOiAiaHR0cHM6Ly9zY2hlbWEub3JnIiwKICAgICJAZ3JhcGgiOiBbCiAgICB7CiAgICAgICAgIkB0eXBlIjogIkxlZ2FsU2VydmljZSIsCiAgICAgICAgIm5hbWUiOiAiRHJ1bW1vbmQgTGF3IEZpcm0iLAogICAgICAgICJpbWFnZSI6ICJodHRwczovL3d3dy5kcnVtbW9uZGZpcm0uY29tL3dwLWNvbnRlbnQvdXBsb2Fkcy90aGVnZW0tbG9nb3MvbG9nb18yN2JmNzUxMjZhNmM5YjNmOGU1ZWI0NTRiZWJkNGZlYV8xeC5wbmciLAogICAgICAgICJ1cmwiOiAiaHR0cHM6Ly93d3cuZHJ1bW1vbmRmaXJtLmNvbS9wZXJzb25hbC1pbmp1cnkvb3JnYW4tZmFpbHVyZS1sYXd5ZXIvIiwKICAgICAgICAiYWRkcmVzcyI6IHsKICAgICAgICAgICAgIkB0eXBlIjogIlBvc3RhbEFkZHJlc3MiLAogICAgICAgICAgICAiYWRkcmVzc0xvY2FsaXR5IjogIkxhcyBWZWdhcyIsCiAgICAgICAgICAgICJhZGRyZXNzUmVnaW9uIjogIk5WIiwKICAgICAgICAgICAgInBvc3RhbENvZGUiOiAiODkxMDEiLAogICAgICAgICAgICAic3RyZWV0QWRkcmVzcyI6ICI4MTAgUyBDYXNpbm8gQ2VudGVyIEJsdmQgIzEwMSIsCiAgICAgICAgICAgICJBZGRyZXNzQ291bnRyeSI6ICJVLlMuQS4iCiAgICAgICAgfSwKICAgICAgICAidGVsZXBob25lIjogIig3MDIpIDM4MS01ODM3IiwKICAgICAgICAgICAgICAgICAgICAiaGFzTWFwIjogImh0dHBzOi8vZy5wYWdlL2RydW1tb25kbGF3ZmlybWx2P3NoYXJlIiwKICAgICAgICAgICAgImdlbyI6IHsKICAgICAgICAgICAgICAgICJAdHlwZSI6ICJHZW9Db29yZGluYXRlcyIsCiAgICAgICAgICAgICAgICAibGF0aXR1ZGUiOiAiMzYuMTYyMzI1NCIsCiAgICAgICAgICAgICAgICAibG9uZ2l0dWRlIjogIi0xMTUuMTUwMTQ2NCIKICAgICAgICAgICAgfSwKICAgICAgICAiZGVzY3JpcHRpb24iOiAiT3VyIGV4cGVyaWVuY2VkIGFuZCBhd2FyZCB3aW5uaW5nIExhcyBWZWdhcyBsYXd5ZXJzIGhlbHAgd2l0aCBwZXJzb25hbCBpbmp1cnkgYW5kIGNyaW1pbmFsIGRlZmVuc2UuIFdlIGFyZSB0aGUgb25seSBsYXcgZmlybSBpbiBORVZBREEgd2l0aCBGYWlyIEZlZSBHdWFyYW50ZWXCriBhbmQgdGhlcmUgaXMgbm8gZmVlIHVubGVzcyB3ZSB3aW4geW91ciBwZXJzb25hbCBpbmp1cnkgY2FzZS4iLAogICAgICAgICJtYWtlc09mZmVyIjogWyJQZXJzb25hbCBJbmp1cnkgYW5kIENyaW1pbmFsIExhd3llciJdLAogICAgICAgICJwcmljZVJhbmdlIjogIiQiLAogICAgICAgICJtZW1iZXJPZiI6IHsKICAgICAgICAgICAgIkB0eXBlIiA6ICJPcmdhbml6YXRpb24iLAogICAgICAgICAgICAidXJsIiA6ICJodHRwczovL3d3dy5kcnVtbW9uZGZpcm0uY29tL3BlcnNvbmFsLWluanVyeS9vcmdhbi1mYWlsdXJlLWxhd3llci8iCiAgICAgICAgfQogICAgICAgICAgICAsCiAgICAgICAgImFnZ3JlZ2F0ZVJhdGluZyI6IHsKICAgICAgICAgICAgIkB0eXBlIjogIkFnZ3JlZ2F0ZVJhdGluZyIsCiAgICAgICAgICAgICJpdGVtUmV2aWV3ZWQiOiAiRHJ1bW1vbmQgTGF3IEZpcm0iLAogICAgICAgICAgICAicmF0aW5nVmFsdWUiOiA1LjAsCiAgICAgICAgICAgICJyZXZpZXdDb3VudCI6IDMwLAogICAgICAgICAgICAiYmVzdFJhdGluZyI6IDUsCiAgICAgICAgICAgICJ3b3JzdFJhdGluZyI6IDAKICAgICAgICB9LAogICAgICAgICJyZXZpZXciOiBbXQogICAgICAgIH0KICAgICAgICBdCn0gICAgICAgIDwvc2NyaXB0PjxzY3JpcHQgdHlwZT0iYXBwbGljYXRpb24vbGQranNvbiI+ewogICJAY29udGV4dCI6ICJodHRwczovL3NjaGVtYS5vcmciLAogICJAdHlwZSI6ICJGQVFQYWdlIiwKICAibWFpbkVudGl0eSI6IFt7CiAgICAiQHR5cGUiOiAiUXVlc3Rpb24iLAogICAgIm5hbWUiOiAiQ2FuIGEgcGVyc29uIHJlY292ZXIgZnJvbSBvcmdhbiBmYWlsdXJlPyIsCiAgICAiYWNjZXB0ZWRBbnN3ZXIiOiB7CiAgICAgICJAdHlwZSI6ICJBbnN3ZXIiLAogICAgICAidGV4dCI6ICJTdXJ2aXZhbCBhbmQgcmVjb3ZlcnkgZnJvbSBvcmdhbiBmYWlsdXJlIGRlcGVuZHMgb24gbXVsdGlwbGUgZmFjdG9ycywgYnV0IG1vc3QgaW1wb3J0YW50bHkgd2hpY2ggb3JnYW4gZmFpbGVkLiBGb3IgY2VydGFpbiBvcmdhbnMsIGlmIHRoZXkgZmFpbCBhbmQgdGhlcmUgaXNu4oCZdCB0aGUgcG9zc2liaWxpdHkgb2YgYSB0cmFuc3BsYW50IHRoZSBwYXRpZW50IHdpbGwgbGlrZWx5IG5vdCBzdXJ2aXZlLgoiCiAgICB9CiAgfSx7CiAgICAiQHR5cGUiOiAiUXVlc3Rpb24iLAogICAgIm5hbWUiOiAiSG93IGNhbiBhbiBvcmdhbiBmYWlsdXJlIGxhd3llciBoZWxwIG15IGNhc2U\/IiwKICAgICJhY2NlcHRlZEFuc3dlciI6IHsKICAgICAgIkB0eXBlIjogIkFuc3dlciIsCiAgICAgICJ0ZXh0IjogIkEgZ29vZCBvcmdhbiBmYWlsdXJlIGxhd3llciB3aWxsIGJlZ2luIHJlcHJlc2VudGluZyBvbiB5b3VyIGJlaGFsZiBzbyB0aGF0IHlvdSBjYW4gZm9jdXMgb24geW91ciByZWNvdmVyeS4gVGhleSB3aWxsIG9idGFpbiBhbGwgdGhlIG5lY2Vzc2FyeSBkb2N1bWVudGF0aW9uLCBtZWRpY2FsIHJlY29yZHMsIGFuZCBwb2xpY2UgcmVwb3J0cyBuZWVkZWQgdG8gYnVpbGQgeW91ciBjYXNlLiBBbiBleHBlcmllbmNlZCBMYXMgVmVnYXMgb3JnYW4gZmFpbHVyZSBsYXd5ZXIgd2lsbCBoZWxwIHBsYWNlIHRoZSBsaWFiaWxpdHkgZm9yIHlvdXIgaW5qdXJpZXMgb24gdGhlIG5lZ2xpZ2VudCBwYXJ0eSBhbmQgZ2V0IHlvdSB0aGUgY29tcGVuc2F0aW9uIHlvdSBkZXNlcnZlLiIKICAgIH0KICB9LHsKICAgICJAdHlwZSI6ICJRdWVzdGlvbiIsCiAgICAibmFtZSI6ICJDYW4gSSBzdWUgZm9yIGFuIGluanVyeSB0aGF0IGNhdXNlZCBvcmdhbiBmYWlsdXJlPyIsCiAgICAiYWNjZXB0ZWRBbnN3ZXIiOiB7CiAgICAgICJAdHlwZSI6ICJBbnN3ZXIiLAogICAgICAidGV4dCI6ICJJZiB5b3Ugb3IgYSBsb3ZlZCBvbmUgc3VmZmVyZWQgYW4gb3JnYW4gZmFpbHVyZSB0aGF0IHdhcyBkdWUgdG8gc29tZW9uZSBlbHNl4oCZcyBuZWdsaWdlbmNlIG9yIGludGVudGlvbmFsIGFjdGlvbnMsIHRoZXkgbWF5IGJlIGhlbGQgcmVzcG9uc2libGUgZm9yIHlvdXIgaW5qdXJpZXMuIEluIHRoaXMgY2FzZSwgaXQgbWF5IGJlIHBvc3NpYmxlIHRvIGZpbGUgYSBwZXJzb25hbCBpbmp1cnkgbGF3c3VpdCBpbiBvcmRlciB0byBnZXQgdGhlIGNvbXBlbnNhdGlvbiB5b3UgZGVzZXJ2ZS4gQ29udGFjdCBvdXIgb2ZmaWNlIGZvciBhIGZyZWUgY29uc3VsdGF0aW9uIGFuZCBjYXNlIHJldmlldy4iCiAgICB9CiAgfV0KfQo8L3NjcmlwdD4=<\/p>\n<section>\n<div id=\"vc_row-685caff1e8f12\">\n<div>\n<div>\n<div>\n<div>\n<figure>\n<div><img fetchpriority=\"high\" decoding=\"async\" title=\"drummond-lv\" src=\"https:\/\/www.drummondfirm.com\/wp-content\/uploads\/2025\/06\/drummond-lv.webp\" sizes=\"(max-width: 1000px) 100vw, 1000px\" srcset=\"https:\/\/www.drummondfirm.com\/wp-content\/uploads\/2025\/06\/drummond-lv.webp 1000w, https:\/\/www.drummondfirm.com\/wp-content\/uploads\/2025\/06\/drummond-lv-300x216.webp 300w, https:\/\/www.drummondfirm.com\/wp-content\/uploads\/2025\/06\/drummond-lv-768x553.webp 768w\" alt=\"\" width=\"1000\" height=\"720\"><\/div>\n<\/figure>\n<\/div>\n<\/div>\n<\/div>\n<\/div>\n<div>\n<div>\n<div>\n<div>\n<div>\n<div><iframe src=\"https:\/\/www.google.com\/maps\/embed?pb=!1m18!1m12!1m3!1d3221.9278693507486!2d-115.1863827!3d36.1439695!2m3!1f0!2f0!3f0!3m2!1i1024!2i768!4f13.1!3m3!1m2!1s0x80c8c39e4cc8d767%3A0x9f14482a0a01c47d!2sDrummond%20Law%3A%20Car%20Accident%20and%20Injury%20Attorney!5e0!3m2!1sen!2sec!4v1750693499309!5m2!1sen!2sec\" width=\"600\" height=\"480\" allowfullscreen=\"allowfullscreen\"><\/iframe><\/div>\n<\/div>\n<\/div>\n<\/div>\n<\/div>\n<\/div>\n<\/div>\n<\/section>\n","protected":false},"excerpt":{"rendered":"<p>Abogado especializado en insuficiencia org\u00e1nica en Las Vegas Cuando se lesiona en un accidente , no siempre es f\u00e1cil reconocer la necesidad de tratamiento m\u00e9dico. Es evidente cuando se presentan&hellip; <\/p>\n<p class=\"link-more\"><a href=\"https:\/\/www.drummondfirm.com\/es\/abogado-de-insuficiencia-organica\/\" class=\"more-link\">Read More <span class=\"screen-reader-text\"> \u00abAbogado de insuficiencia org\u00e1nica\u00bb<\/span><\/a><\/p>\n","protected":false},"author":2,"featured_media":0,"parent":0,"menu_order":0,"comment_status":"closed","ping_status":"closed","template":"","meta":{"footnotes":""},"class_list":["post-8061","page","type-page","status-publish","hentry"],"yoast_head":"<!-- This site is optimized with the Yoast SEO plugin v27.6 - https:\/\/yoast.com\/product\/yoast-seo-wordpress\/ -->\n<title>Abogados de lesiones por insuficiencia org\u00e1nica en Las Vegas, NV | Abogados especializados en da\u00f1os y fallos de \u00f3rganos internos (Reclamaciones por accidentes)<\/title>\n<meta name=\"description\" content=\"Abogado de lesiones internas de primera categor\u00eda en Las Vegas \/\/ Comprometidos con usted. Sin honorarios si no ganamos \u2014 Consulta 100 % gratuita.\" \/>\n<meta name=\"robots\" content=\"index, follow, max-snippet:-1, max-image-preview:large, max-video-preview:-1\" \/>\n<link rel=\"canonical\" href=\"https:\/\/www.drummondfirm.com\/es\/abogado-de-insuficiencia-organica\/\" \/>\n<meta property=\"og:locale\" content=\"es_ES\" \/>\n<meta property=\"og:type\" content=\"article\" \/>\n<meta property=\"og:title\" content=\"Abogados de lesiones por insuficiencia org\u00e1nica en Las Vegas, NV | Abogados especializados en da\u00f1os y fallos de \u00f3rganos internos (Reclamaciones por accidentes)\" \/>\n<meta property=\"og:description\" content=\"Abogado de lesiones internas de primera categor\u00eda en Las Vegas \/\/ Comprometidos con usted. Sin honorarios si no ganamos \u2014 Consulta 100 % gratuita.\" \/>\n<meta property=\"og:url\" content=\"https:\/\/www.drummondfirm.com\/es\/abogado-de-insuficiencia-organica\/\" \/>\n<meta property=\"og:site_name\" content=\"Drummond Law Firm\" \/>\n<meta property=\"article:publisher\" content=\"https:\/\/www.facebook.com\/drummondlawfirmlv\/\" \/>\n<meta property=\"article:modified_time\" content=\"2026-03-26T15:00:56+00:00\" \/>\n<meta property=\"og:image\" content=\"https:\/\/www.drummondfirm.com\/wp-content\/uploads\/2025\/06\/drummond-lv.webp\" \/>\n<meta name=\"twitter:card\" content=\"summary_large_image\" \/>\n<meta name=\"twitter:label1\" content=\"Tiempo de lectura\" \/>\n\t<meta name=\"twitter:data1\" content=\"9 minutos\" \/>\n<!-- \/ Yoast SEO plugin. -->","yoast_head_json":{"title":"Abogados de lesiones por insuficiencia org\u00e1nica en Las Vegas, NV | Abogados especializados en da\u00f1os y fallos de \u00f3rganos internos (Reclamaciones por accidentes)","description":"Abogado de lesiones internas de primera categor\u00eda en Las Vegas \/\/ Comprometidos con usted. Sin honorarios si no ganamos \u2014 Consulta 100 % gratuita.","robots":{"index":"index","follow":"follow","max-snippet":"max-snippet:-1","max-image-preview":"max-image-preview:large","max-video-preview":"max-video-preview:-1"},"canonical":"https:\/\/www.drummondfirm.com\/es\/abogado-de-insuficiencia-organica\/","og_locale":"es_ES","og_type":"article","og_title":"Abogados de lesiones por insuficiencia org\u00e1nica en Las Vegas, NV | Abogados especializados en da\u00f1os y fallos de \u00f3rganos internos (Reclamaciones por accidentes)","og_description":"Abogado de lesiones internas de primera categor\u00eda en Las Vegas \/\/ Comprometidos con usted. Sin honorarios si no ganamos \u2014 Consulta 100 % gratuita.","og_url":"https:\/\/www.drummondfirm.com\/es\/abogado-de-insuficiencia-organica\/","og_site_name":"Drummond Law Firm","article_publisher":"https:\/\/www.facebook.com\/drummondlawfirmlv\/","article_modified_time":"2026-03-26T15:00:56+00:00","og_image":[{"url":"https:\/\/www.drummondfirm.com\/wp-content\/uploads\/2025\/06\/drummond-lv.webp","type":"","width":"","height":""}],"twitter_card":"summary_large_image","twitter_misc":{"Tiempo de lectura":"9 minutos"},"schema":{"@context":"https:\/\/schema.org","@graph":[{"@type":"WebPage","@id":"https:\/\/www.drummondfirm.com\/es\/abogado-de-insuficiencia-organica\/","url":"https:\/\/www.drummondfirm.com\/es\/abogado-de-insuficiencia-organica\/","name":"Abogados de lesiones por insuficiencia org\u00e1nica en Las Vegas, NV | Abogados especializados en da\u00f1os y fallos de \u00f3rganos internos (Reclamaciones por accidentes)","isPartOf":{"@id":"https:\/\/www.drummondfirm.com\/es\/#website"},"primaryImageOfPage":{"@id":"https:\/\/www.drummondfirm.com\/es\/abogado-de-insuficiencia-organica\/#primaryimage"},"image":{"@id":"https:\/\/www.drummondfirm.com\/es\/abogado-de-insuficiencia-organica\/#primaryimage"},"thumbnailUrl":"https:\/\/www.drummondfirm.com\/wp-content\/uploads\/2025\/06\/drummond-lv.webp","datePublished":"2026-03-02T15:40:45+00:00","dateModified":"2026-03-26T15:00:56+00:00","description":"Abogado de lesiones internas de primera categor\u00eda en Las Vegas \/\/ Comprometidos con usted. Sin honorarios si no ganamos \u2014 Consulta 100 % gratuita.","breadcrumb":{"@id":"https:\/\/www.drummondfirm.com\/es\/abogado-de-insuficiencia-organica\/#breadcrumb"},"inLanguage":"es","potentialAction":[{"@type":"ReadAction","target":["https:\/\/www.drummondfirm.com\/es\/abogado-de-insuficiencia-organica\/"]}]},{"@type":"ImageObject","inLanguage":"es","@id":"https:\/\/www.drummondfirm.com\/es\/abogado-de-insuficiencia-organica\/#primaryimage","url":"https:\/\/www.drummondfirm.com\/wp-content\/uploads\/2025\/06\/drummond-lv.webp","contentUrl":"https:\/\/www.drummondfirm.com\/wp-content\/uploads\/2025\/06\/drummond-lv.webp"},{"@type":"BreadcrumbList","@id":"https:\/\/www.drummondfirm.com\/es\/abogado-de-insuficiencia-organica\/#breadcrumb","itemListElement":[{"@type":"ListItem","position":1,"name":"Abogado de lesiones personales","item":"https:\/\/www.drummondfirm.com\/es\/inicio-actualizacion-de-seo\/"},{"@type":"ListItem","position":2,"name":"Abogado de insuficiencia org\u00e1nica"}]},{"@type":"WebSite","@id":"https:\/\/www.drummondfirm.com\/es\/#website","url":"https:\/\/www.drummondfirm.com\/es\/","name":"Drummond Law Firm","description":"Llama al capit\u00e1n","publisher":{"@id":"https:\/\/www.drummondfirm.com\/es\/#organization"},"potentialAction":[{"@type":"SearchAction","target":{"@type":"EntryPoint","urlTemplate":"https:\/\/www.drummondfirm.com\/es\/?s={search_term_string}"},"query-input":{"@type":"PropertyValueSpecification","valueRequired":true,"valueName":"search_term_string"}}],"inLanguage":"es"},{"@type":"Organization","@id":"https:\/\/www.drummondfirm.com\/es\/#organization","name":"Drummond Law Firm","url":"https:\/\/www.drummondfirm.com\/es\/","logo":{"@type":"ImageObject","inLanguage":"es","@id":"https:\/\/www.drummondfirm.com\/es\/#\/schema\/logo\/image\/","url":"","contentUrl":"","caption":"Drummond Law Firm"},"image":{"@id":"https:\/\/www.drummondfirm.com\/es\/#\/schema\/logo\/image\/"},"sameAs":["https:\/\/www.facebook.com\/drummondlawfirmlv\/","https:\/\/www.linkedin.com\/company\/drummond-law-firm","https:\/\/www.youtube.com\/channel\/UCx06adFjyj7LjlZuR3ROlPw","https:\/\/www.instagram.com\/callthecaptain_drummondlawfirm\/"]}]}},"featured_image_src":null,"featured_image_src_square":null,"_links":{"self":[{"href":"https:\/\/www.drummondfirm.com\/es\/wp-json\/wp\/v2\/pages\/8061","targetHints":{"allow":["GET"]}}],"collection":[{"href":"https:\/\/www.drummondfirm.com\/es\/wp-json\/wp\/v2\/pages"}],"about":[{"href":"https:\/\/www.drummondfirm.com\/es\/wp-json\/wp\/v2\/types\/page"}],"author":[{"embeddable":true,"href":"https:\/\/www.drummondfirm.com\/es\/wp-json\/wp\/v2\/users\/2"}],"replies":[{"embeddable":true,"href":"https:\/\/www.drummondfirm.com\/es\/wp-json\/wp\/v2\/comments?post=8061"}],"version-history":[{"count":0,"href":"https:\/\/www.drummondfirm.com\/es\/wp-json\/wp\/v2\/pages\/8061\/revisions"}],"wp:attachment":[{"href":"https:\/\/www.drummondfirm.com\/es\/wp-json\/wp\/v2\/media?parent=8061"}],"curies":[{"name":"wp","href":"https:\/\/api.w.org\/{rel}","templated":true}]}}