{"id":8142,"date":"2026-03-02T07:40:17","date_gmt":"2026-03-02T15:40:17","guid":{"rendered":"https:\/\/drummonddvp.wpenginepowered.com\/lesiones\/"},"modified":"2026-03-26T07:01:03","modified_gmt":"2026-03-26T15:01:03","slug":"lesiones","status":"publish","type":"page","link":"https:\/\/www.drummondfirm.com\/es\/lesiones\/","title":{"rendered":"Abogado de agresi\u00f3n y lesiones en Las Vegas | Abogado de v\u00edctimas de agresi\u00f3n"},"content":{"rendered":"<p>W3dwc2VvX2JyZWFkY3J1bWJd\n<\/p>\n<h2><strong>Ayudando<\/strong> a las v\u00edctimas de asaltos <strong>y<\/strong> lesiones<\/h2>\n<hr>\n<ul>\n<li>Si resulta lesionado debido a las acciones violentas e intencionales de otra persona, podr\u00eda tener derecho a una compensaci\u00f3n por el dolor y el sufrimiento, los gastos m\u00e9dicos asociados con la agresi\u00f3n y los da\u00f1os sufridos debido a la lesi\u00f3n.<\/li>\n<li>Aunque se presenten cargos penales contra la otra parte, esto no significa que recibir\u00e1 una compensaci\u00f3n econ\u00f3mica. Para ello, deber\u00e1 presentar una demanda civil. <\/li>\n<li>Si usted sufri\u00f3 lesiones debido a una agresi\u00f3n, necesita los servicios de un abogado con experiencia en casos de agresi\u00f3n y lesiones en Las Vegas, como los del <a href=\"https:\/\/www.drummondfirm.com\/es\/\">bufete Drummond Law Firm, abogados especializados en lesiones personales en Las Vegas.<\/a><\/li>\n<\/ul>\n<hr>\n<p>La agresi\u00f3n se <a href=\"http:\/\/legal-dictionary.thefreedictionary.com\/assault\" target=\"_blank\" rel=\"noopener noreferrer\">define legalmente<\/a> como una acci\u00f3n amenazante o intimidante que hace que la v\u00edctima tema estar en peligro de da\u00f1o corporal inminente.<\/p>\n<p>Si ha sido agredido, su abogado especializado en agresi\u00f3n y lesiones de Las Vegas deber\u00e1 demostrar los siguientes tres elementos para que pueda recibir una compensaci\u00f3n por su sufrimiento:<\/p>\n<ul>\n<li>La parte responsable hizo un intento intencional de amenazarlo con da\u00f1o f\u00edsico.<\/li>\n<li>La parte responsable ten\u00eda la capacidad de causarle da\u00f1o.<\/li>\n<li>Ten\u00edas un temor razonable de que te iban a hacer da\u00f1o f\u00edsico o de que la violencia f\u00edsica era inminente.<\/li>\n<\/ul>\n<hr>\n<p>La agresi\u00f3n f\u00edsica es el acto f\u00edsico de herir a otra persona. La principal distinci\u00f3n entre agresi\u00f3n f\u00edsica y agresi\u00f3n f\u00edsica es el incidente mismo de violencia f\u00edsica. <\/p>\n<p>Una vez que se ha infligido violencia f\u00edsica a su persona, puede presentar una demanda por lesiones personales contra el perpetrador.<\/p>\n<p>Para establecer que usted fue golpeado en un reclamo civil, su abogado especializado en agresi\u00f3n y lesiones de Las Vegas deber\u00e1 demostrar que estos tres elementos estaban presentes durante el incidente:<\/p>\n<ul>\n<li>Hubo contacto intencional o uso de fuerza sobre su persona.<\/li>\n<li>El contacto o el uso de la fuerza fueron da\u00f1inos u ofensivos por naturaleza.<\/li>\n<li>Usted no consinti\u00f3 en ser tocado por la parte responsable.<\/li>\n<\/ul>\n<hr>\n<p>Las agresiones f\u00edsicas se consideran <a href=\"http:\/\/plato.stanford.edu\/entries\/tort-theories\/#TorLawBasFea\" target=\"_blank\" rel=\"noopener noreferrer\">actos intencionales<\/a> . Por lo tanto, cuando usted presenta una demanda por lesiones personales, puede solicitar una indemnizaci\u00f3n por sus lesiones y tambi\u00e9n puede tener derecho a otras formas de compensaci\u00f3n, incluyendo da\u00f1os morales y da\u00f1os punitivos.<\/p>\n<hr>\n<p>Trabajar con su abogado especializado en agresi\u00f3n y lesiones de Las Vegas le permitir\u00e1 responsabilizar a la parte responsable por el da\u00f1o que le causaron:<\/p>\n<ul>\n<li>Facturas m\u00e9dicas y gastos relacionados<\/li>\n<li>Terapia y rehabilitaci\u00f3n<\/li>\n<li>Salarios perdidos debido al tiempo fuera del trabajo<\/li>\n<li>Da\u00f1os punitivos<\/li>\n<\/ul>\n<hr>\n<p>En Nevada, tienes <a href=\"http:\/\/www.leg.state.nv.us\/nrs\/nrs-011.html#NRS011Sec010\" target=\"_blank\" rel=\"noopener noreferrer\">dos a\u00f1os<\/a> para presentar una demanda contra la persona que te agredi\u00f3.<\/p>\n<p>Puede parecer una cantidad de tiempo considerable, pero su abogado especializado en agresi\u00f3n y lesiones de Las Vegas necesitar\u00e1 todo el tiempo disponible para realizar una investigaci\u00f3n exhaustiva y reunir la evidencia necesaria para probar su caso.<\/p>\n<h2>Contacte hoy mismo con nuestro abogado especializado en agresiones en Las Vegas.<\/h2>\n<hr>\n<p>Demandar por da\u00f1os y perjuicios tras una agresi\u00f3n puede ser complicado, y el proceso suele requerir la experiencia de un abogado con experiencia para obtener un resultado exitoso. Los galardonados abogados del bufete Drummond cuentan con amplia experiencia y luchar\u00e1n por usted. <\/p>\n<p>Al trabajar con el Bufete Drummond, no paga nada hasta que gane. Cont\u00e1ctenos <a href=\"https:\/\/www.drummondfirm.com\/es\/contactenos\/\">en l\u00ednea<\/a> o ll\u00e1menos de inmediato al <a href=\"tel:7023669966\">(702) 366-9966<\/a> . <\/p>\n<section>\n<div id=\"vc_row-685caff1e8f12\">\n<div>\n<div>\n<div>\n<div>\n<figure>\n<div><img fetchpriority=\"high\" decoding=\"async\" title=\"drummond-lv\" src=\"https:\/\/www.drummondfirm.com\/wp-content\/uploads\/2025\/06\/drummond-lv.webp\" sizes=\"(max-width: 1000px) 100vw, 1000px\" srcset=\"https:\/\/www.drummondfirm.com\/wp-content\/uploads\/2025\/06\/drummond-lv.webp 1000w, https:\/\/www.drummondfirm.com\/wp-content\/uploads\/2025\/06\/drummond-lv-300x216.webp 300w, https:\/\/www.drummondfirm.com\/wp-content\/uploads\/2025\/06\/drummond-lv-768x553.webp 768w\" alt=\"\" width=\"1000\" height=\"720\"><\/div>\n<\/figure>\n<\/div>\n<\/div>\n<\/div>\n<\/div>\n<div>\n<div>\n<div>\n<div>\n<div>\n<div><iframe src=\"https:\/\/www.google.com\/maps\/embed?pb=!1m18!1m12!1m3!1d3221.9278693507486!2d-115.1863827!3d36.1439695!2m3!1f0!2f0!3f0!3m2!1i1024!2i768!4f13.1!3m3!1m2!1s0x80c8c39e4cc8d767%3A0x9f14482a0a01c47d!2sDrummond%20Law%3A%20Car%20Accident%20and%20Injury%20Attorney!5e0!3m2!1sen!2sec!4v1750693499309!5m2!1sen!2sec\" width=\"600\" height=\"480\" allowfullscreen=\"allowfullscreen\"><\/iframe><\/div>\n<\/div>\n<\/div>\n<\/div>\n<\/div>\n<\/div>\n<\/div>\n<\/section>\n","protected":false},"excerpt":{"rendered":"<p>W3dwc2VvX2JyZWFkY3J1bWJd Ayudando a las v\u00edctimas de asaltos y lesiones Si resulta lesionado debido a las acciones violentas e intencionales de otra persona, podr\u00eda tener derecho a una compensaci\u00f3n por el&hellip; <\/p>\n<p class=\"link-more\"><a href=\"https:\/\/www.drummondfirm.com\/es\/lesiones\/\" class=\"more-link\">Read More <span class=\"screen-reader-text\"> \u00abAbogado de agresi\u00f3n y lesiones en Las Vegas | Abogado de v\u00edctimas de agresi\u00f3n\u00bb<\/span><\/a><\/p>\n","protected":false},"author":2,"featured_media":0,"parent":0,"menu_order":0,"comment_status":"closed","ping_status":"closed","template":"","meta":{"footnotes":""},"class_list":["post-8142","page","type-page","status-publish","hentry"],"yoast_head":"<!-- This site is optimized with the Yoast SEO plugin v27.6 - https:\/\/yoast.com\/product\/yoast-seo-wordpress\/ -->\n<title>Abogados de Las Vegas especializados en agresiones | Abogado para v\u00edctimas de agresiones en bares, casinos y discotecas<\/title>\n<meta name=\"description\" content=\"Si est\u00e1 involucrado en una agresi\u00f3n o agresi\u00f3n f\u00edsica y resulta herido, puede recibir una compensaci\u00f3n si est\u00e1 representado por un abogado de lesiones personales de Las Vegas.\" \/>\n<meta name=\"robots\" content=\"index, follow, max-snippet:-1, max-image-preview:large, max-video-preview:-1\" \/>\n<link rel=\"canonical\" href=\"https:\/\/www.drummondfirm.com\/es\/lesiones\/\" \/>\n<meta property=\"og:locale\" content=\"es_ES\" \/>\n<meta property=\"og:type\" content=\"article\" \/>\n<meta property=\"og:title\" content=\"Abogados de Las Vegas especializados en agresiones | Abogado para v\u00edctimas de agresiones en bares, casinos y discotecas\" \/>\n<meta property=\"og:description\" content=\"Si est\u00e1 involucrado en una agresi\u00f3n o agresi\u00f3n f\u00edsica y resulta herido, puede recibir una compensaci\u00f3n si est\u00e1 representado por un abogado de lesiones personales de Las Vegas.\" \/>\n<meta property=\"og:url\" content=\"https:\/\/www.drummondfirm.com\/es\/lesiones\/\" \/>\n<meta property=\"og:site_name\" content=\"Drummond Law Firm\" \/>\n<meta property=\"article:publisher\" content=\"https:\/\/www.facebook.com\/drummondlawfirmlv\/\" \/>\n<meta property=\"article:modified_time\" content=\"2026-03-26T15:01:03+00:00\" \/>\n<meta property=\"og:image\" content=\"https:\/\/www.drummondfirm.com\/wp-content\/uploads\/2025\/06\/drummond-lv.webp\" \/>\n<meta name=\"twitter:card\" content=\"summary_large_image\" \/>\n<meta name=\"twitter:label1\" content=\"Tiempo de lectura\" \/>\n\t<meta name=\"twitter:data1\" content=\"3 minutos\" \/>\n<!-- \/ Yoast SEO plugin. -->","yoast_head_json":{"title":"Abogados de Las Vegas especializados en agresiones | Abogado para v\u00edctimas de agresiones en bares, casinos y discotecas","description":"Si est\u00e1 involucrado en una agresi\u00f3n o agresi\u00f3n f\u00edsica y resulta herido, puede recibir una compensaci\u00f3n si est\u00e1 representado por un abogado de lesiones personales de Las Vegas.","robots":{"index":"index","follow":"follow","max-snippet":"max-snippet:-1","max-image-preview":"max-image-preview:large","max-video-preview":"max-video-preview:-1"},"canonical":"https:\/\/www.drummondfirm.com\/es\/lesiones\/","og_locale":"es_ES","og_type":"article","og_title":"Abogados de Las Vegas especializados en agresiones | Abogado para v\u00edctimas de agresiones en bares, casinos y discotecas","og_description":"Si est\u00e1 involucrado en una agresi\u00f3n o agresi\u00f3n f\u00edsica y resulta herido, puede recibir una compensaci\u00f3n si est\u00e1 representado por un abogado de lesiones personales de Las Vegas.","og_url":"https:\/\/www.drummondfirm.com\/es\/lesiones\/","og_site_name":"Drummond Law Firm","article_publisher":"https:\/\/www.facebook.com\/drummondlawfirmlv\/","article_modified_time":"2026-03-26T15:01:03+00:00","og_image":[{"url":"https:\/\/www.drummondfirm.com\/wp-content\/uploads\/2025\/06\/drummond-lv.webp","type":"","width":"","height":""}],"twitter_card":"summary_large_image","twitter_misc":{"Tiempo de lectura":"3 minutos"},"schema":{"@context":"https:\/\/schema.org","@graph":[{"@type":"WebPage","@id":"https:\/\/www.drummondfirm.com\/es\/lesiones\/","url":"https:\/\/www.drummondfirm.com\/es\/lesiones\/","name":"Abogados de Las Vegas especializados en agresiones | Abogado para v\u00edctimas de agresiones en bares, casinos y discotecas","isPartOf":{"@id":"https:\/\/www.drummondfirm.com\/es\/#website"},"primaryImageOfPage":{"@id":"https:\/\/www.drummondfirm.com\/es\/lesiones\/#primaryimage"},"image":{"@id":"https:\/\/www.drummondfirm.com\/es\/lesiones\/#primaryimage"},"thumbnailUrl":"https:\/\/www.drummondfirm.com\/wp-content\/uploads\/2025\/06\/drummond-lv.webp","datePublished":"2026-03-02T15:40:17+00:00","dateModified":"2026-03-26T15:01:03+00:00","description":"Si est\u00e1 involucrado en una agresi\u00f3n o agresi\u00f3n f\u00edsica y resulta herido, puede recibir una compensaci\u00f3n si est\u00e1 representado por un abogado de lesiones personales de Las Vegas.","breadcrumb":{"@id":"https:\/\/www.drummondfirm.com\/es\/lesiones\/#breadcrumb"},"inLanguage":"es","potentialAction":[{"@type":"ReadAction","target":["https:\/\/www.drummondfirm.com\/es\/lesiones\/"]}]},{"@type":"ImageObject","inLanguage":"es","@id":"https:\/\/www.drummondfirm.com\/es\/lesiones\/#primaryimage","url":"https:\/\/www.drummondfirm.com\/wp-content\/uploads\/2025\/06\/drummond-lv.webp","contentUrl":"https:\/\/www.drummondfirm.com\/wp-content\/uploads\/2025\/06\/drummond-lv.webp"},{"@type":"BreadcrumbList","@id":"https:\/\/www.drummondfirm.com\/es\/lesiones\/#breadcrumb","itemListElement":[{"@type":"ListItem","position":1,"name":"Abogado de lesiones personales","item":"https:\/\/www.drummondfirm.com\/es\/inicio-actualizacion-de-seo\/"},{"@type":"ListItem","position":2,"name":"Abogado de agresi\u00f3n y lesiones en Las Vegas | Abogado de v\u00edctimas de agresi\u00f3n"}]},{"@type":"WebSite","@id":"https:\/\/www.drummondfirm.com\/es\/#website","url":"https:\/\/www.drummondfirm.com\/es\/","name":"Drummond Law Firm","description":"Llama al capit\u00e1n","publisher":{"@id":"https:\/\/www.drummondfirm.com\/es\/#organization"},"potentialAction":[{"@type":"SearchAction","target":{"@type":"EntryPoint","urlTemplate":"https:\/\/www.drummondfirm.com\/es\/?s={search_term_string}"},"query-input":{"@type":"PropertyValueSpecification","valueRequired":true,"valueName":"search_term_string"}}],"inLanguage":"es"},{"@type":"Organization","@id":"https:\/\/www.drummondfirm.com\/es\/#organization","name":"Drummond Law Firm","url":"https:\/\/www.drummondfirm.com\/es\/","logo":{"@type":"ImageObject","inLanguage":"es","@id":"https:\/\/www.drummondfirm.com\/es\/#\/schema\/logo\/image\/","url":"","contentUrl":"","caption":"Drummond Law Firm"},"image":{"@id":"https:\/\/www.drummondfirm.com\/es\/#\/schema\/logo\/image\/"},"sameAs":["https:\/\/www.facebook.com\/drummondlawfirmlv\/","https:\/\/www.linkedin.com\/company\/drummond-law-firm","https:\/\/www.youtube.com\/channel\/UCx06adFjyj7LjlZuR3ROlPw","https:\/\/www.instagram.com\/callthecaptain_drummondlawfirm\/"]}]}},"featured_image_src":null,"featured_image_src_square":null,"_links":{"self":[{"href":"https:\/\/www.drummondfirm.com\/es\/wp-json\/wp\/v2\/pages\/8142","targetHints":{"allow":["GET"]}}],"collection":[{"href":"https:\/\/www.drummondfirm.com\/es\/wp-json\/wp\/v2\/pages"}],"about":[{"href":"https:\/\/www.drummondfirm.com\/es\/wp-json\/wp\/v2\/types\/page"}],"author":[{"embeddable":true,"href":"https:\/\/www.drummondfirm.com\/es\/wp-json\/wp\/v2\/users\/2"}],"replies":[{"embeddable":true,"href":"https:\/\/www.drummondfirm.com\/es\/wp-json\/wp\/v2\/comments?post=8142"}],"version-history":[{"count":0,"href":"https:\/\/www.drummondfirm.com\/es\/wp-json\/wp\/v2\/pages\/8142\/revisions"}],"wp:attachment":[{"href":"https:\/\/www.drummondfirm.com\/es\/wp-json\/wp\/v2\/media?parent=8142"}],"curies":[{"name":"wp","href":"https:\/\/api.w.org\/{rel}","templated":true}]}}