{"id":8148,"date":"2026-03-02T07:40:17","date_gmt":"2026-03-02T15:40:17","guid":{"rendered":"https:\/\/drummonddvp.wpenginepowered.com\/accidentes-de-viajes-compartidos\/"},"modified":"2026-03-26T07:01:03","modified_gmt":"2026-03-26T15:01:03","slug":"accidentes-de-viajes-compartidos","status":"publish","type":"page","link":"https:\/\/www.drummondfirm.com\/es\/accidentes-de-viajes-compartidos\/","title":{"rendered":"Accidentes de viajes compartidos"},"content":{"rendered":"<p>En Las Vegas, los conductores de Uber y Lyft <a href=\"http:\/\/therideshareguy.com\/uber-las-vegas-is-now-live-for-drivers-and-passengers-and-lyft\/#sthash.0aJ6vchY.dpuf\" target=\"_blank\" rel=\"noopener noreferrer\">salieron a la calle<\/a> el mismo d\u00eda en septiembre de 2015. Al igual que otros medios de transporte, los conductores de viajes compartidos pueden sufrir colisiones en la carretera. Si fue atropellado por un veh\u00edculo de viajes compartidos o si iba de pasajero en un veh\u00edculo de viajes compartidos que sufri\u00f3 una colisi\u00f3n y result\u00f3 herido, tiene derecho a una indemnizaci\u00f3n. Uber, Lyft y otras compa\u00f1\u00edas de viajes compartidos est\u00e1n obligadas a tener <a href=\"https:\/\/wallethub.com\/edu\/ridesharing-insurance\/13884\/\" target=\"_blank\" rel=\"noopener noreferrer\">seguro<\/a> . Los l\u00edmites de la p\u00f3liza var\u00edan seg\u00fan si el conductor no llevaba pasajeros o si llevaba un pasajero en su veh\u00edculo. Nuestros abogados especializados en accidentes de viajes compartidos tienen experiencia en estos casos y saben c\u00f3mo obtener la indemnizaci\u00f3n completa que merecen las v\u00edctimas.Los servicios de <a href=\"https:\/\/www.drummondfirm.com\/personal-injury\/ride-sharing-accidents\/las-vegas-lyft-accident-attorney\/\">Uber<\/a> y <a href=\"https:\/\/www.drummondfirm.com\/personal-injury\/ride-sharing-accidents\/las-vegas-lyft-accident-attorney\/\">Lyft<\/a> se inician a trav\u00e9s de tel\u00e9fonos celulares, lo que puede provocar distracciones al conducir. Llame a nuestros abogados expertos en accidentes de tr\u00e1nsito al <a href=\"tel:7023669966\">(702) 366-9966<\/a> para una consulta gratuita y hablar sobre su caso.Nuestro bufete trabaja con honorarios de contingencia en casos de lesiones, lo que significa que no nos paga honorarios por adelantado, ya que recibimos el pago de su indemnizaci\u00f3n. Nos especializamos en accidentes de viajes compartidos y lucharemos por usted. Nos preocupamos por nuestros clientes y dedicamos todo nuestro esfuerzo y atenci\u00f3n a su recuperaci\u00f3n y a obtener la compensaci\u00f3n que merece. Ll\u00e1menos ahora para una consulta gratuita al <a href=\"tel:702-366-9966\">(702) 366-9966<\/a> .<\/p>\n","protected":false},"excerpt":{"rendered":"<p>En Las Vegas, los conductores de Uber y Lyft salieron a la calle el mismo d\u00eda en septiembre de 2015. Al igual que otros medios de transporte, los conductores de&hellip; <\/p>\n<p class=\"link-more\"><a href=\"https:\/\/www.drummondfirm.com\/es\/accidentes-de-viajes-compartidos\/\" class=\"more-link\">Read More <span class=\"screen-reader-text\"> \u00abAccidentes de viajes compartidos\u00bb<\/span><\/a><\/p>\n","protected":false},"author":2,"featured_media":0,"parent":0,"menu_order":0,"comment_status":"closed","ping_status":"closed","template":"","meta":{"footnotes":""},"class_list":["post-8148","page","type-page","status-publish","hentry"],"yoast_head":"<!-- This site is optimized with the Yoast SEO plugin v27.6 - https:\/\/yoast.com\/product\/yoast-seo-wordpress\/ -->\n<title>Abogado de accidentes de viajes compartidos en Las Vegas | Abogados de Uber y Lyft en Las Vegas, NV | Abogado de primera categor\u00eda en accidentes de viajes compartidos en Nevada<\/title>\n<meta name=\"description\" content=\"Si sufre un accidente en Uber o Lyft, puede obtener una indemnizaci\u00f3n. Contacte hoy mismo con un abogado especializado en accidentes de viajes compartidos en Las Vegas.\" \/>\n<meta name=\"robots\" content=\"index, follow, max-snippet:-1, max-image-preview:large, max-video-preview:-1\" \/>\n<link rel=\"canonical\" href=\"https:\/\/www.drummondfirm.com\/es\/accidentes-de-viajes-compartidos\/\" \/>\n<meta property=\"og:locale\" content=\"es_ES\" \/>\n<meta property=\"og:type\" content=\"article\" \/>\n<meta property=\"og:title\" content=\"Abogado de accidentes de viajes compartidos en Las Vegas | Abogados de Uber y Lyft en Las Vegas, NV | Abogado de primera categor\u00eda en accidentes de viajes compartidos en Nevada\" \/>\n<meta property=\"og:description\" content=\"Si sufre un accidente en Uber o Lyft, puede obtener una indemnizaci\u00f3n. Contacte hoy mismo con un abogado especializado en accidentes de viajes compartidos en Las Vegas.\" \/>\n<meta property=\"og:url\" content=\"https:\/\/www.drummondfirm.com\/es\/accidentes-de-viajes-compartidos\/\" \/>\n<meta property=\"og:site_name\" content=\"Drummond Law Firm\" \/>\n<meta property=\"article:publisher\" content=\"https:\/\/www.facebook.com\/drummondlawfirmlv\/\" \/>\n<meta property=\"article:modified_time\" content=\"2026-03-26T15:01:03+00:00\" \/>\n<meta name=\"twitter:card\" content=\"summary_large_image\" \/>\n<meta name=\"twitter:label1\" content=\"Tiempo de lectura\" \/>\n\t<meta name=\"twitter:data1\" content=\"1 minuto\" \/>\n<!-- \/ Yoast SEO plugin. -->","yoast_head_json":{"title":"Abogado de accidentes de viajes compartidos en Las Vegas | Abogados de Uber y Lyft en Las Vegas, NV | Abogado de primera categor\u00eda en accidentes de viajes compartidos en Nevada","description":"Si sufre un accidente en Uber o Lyft, puede obtener una indemnizaci\u00f3n. Contacte hoy mismo con un abogado especializado en accidentes de viajes compartidos en Las Vegas.","robots":{"index":"index","follow":"follow","max-snippet":"max-snippet:-1","max-image-preview":"max-image-preview:large","max-video-preview":"max-video-preview:-1"},"canonical":"https:\/\/www.drummondfirm.com\/es\/accidentes-de-viajes-compartidos\/","og_locale":"es_ES","og_type":"article","og_title":"Abogado de accidentes de viajes compartidos en Las Vegas | Abogados de Uber y Lyft en Las Vegas, NV | Abogado de primera categor\u00eda en accidentes de viajes compartidos en Nevada","og_description":"Si sufre un accidente en Uber o Lyft, puede obtener una indemnizaci\u00f3n. Contacte hoy mismo con un abogado especializado en accidentes de viajes compartidos en Las Vegas.","og_url":"https:\/\/www.drummondfirm.com\/es\/accidentes-de-viajes-compartidos\/","og_site_name":"Drummond Law Firm","article_publisher":"https:\/\/www.facebook.com\/drummondlawfirmlv\/","article_modified_time":"2026-03-26T15:01:03+00:00","twitter_card":"summary_large_image","twitter_misc":{"Tiempo de lectura":"1 minuto"},"schema":{"@context":"https:\/\/schema.org","@graph":[{"@type":"WebPage","@id":"https:\/\/www.drummondfirm.com\/es\/accidentes-de-viajes-compartidos\/","url":"https:\/\/www.drummondfirm.com\/es\/accidentes-de-viajes-compartidos\/","name":"Abogado de accidentes de viajes compartidos en Las Vegas | Abogados de Uber y Lyft en Las Vegas, NV | Abogado de primera categor\u00eda en accidentes de viajes compartidos en Nevada","isPartOf":{"@id":"https:\/\/www.drummondfirm.com\/es\/#website"},"datePublished":"2026-03-02T15:40:17+00:00","dateModified":"2026-03-26T15:01:03+00:00","description":"Si sufre un accidente en Uber o Lyft, puede obtener una indemnizaci\u00f3n. Contacte hoy mismo con un abogado especializado en accidentes de viajes compartidos en Las Vegas.","breadcrumb":{"@id":"https:\/\/www.drummondfirm.com\/es\/accidentes-de-viajes-compartidos\/#breadcrumb"},"inLanguage":"es","potentialAction":[{"@type":"ReadAction","target":["https:\/\/www.drummondfirm.com\/es\/accidentes-de-viajes-compartidos\/"]}]},{"@type":"BreadcrumbList","@id":"https:\/\/www.drummondfirm.com\/es\/accidentes-de-viajes-compartidos\/#breadcrumb","itemListElement":[{"@type":"ListItem","position":1,"name":"Abogado de lesiones personales","item":"https:\/\/www.drummondfirm.com\/es\/inicio-actualizacion-de-seo\/"},{"@type":"ListItem","position":2,"name":"Accidentes de viajes compartidos"}]},{"@type":"WebSite","@id":"https:\/\/www.drummondfirm.com\/es\/#website","url":"https:\/\/www.drummondfirm.com\/es\/","name":"Drummond Law Firm","description":"Llama al capit\u00e1n","publisher":{"@id":"https:\/\/www.drummondfirm.com\/es\/#organization"},"potentialAction":[{"@type":"SearchAction","target":{"@type":"EntryPoint","urlTemplate":"https:\/\/www.drummondfirm.com\/es\/?s={search_term_string}"},"query-input":{"@type":"PropertyValueSpecification","valueRequired":true,"valueName":"search_term_string"}}],"inLanguage":"es"},{"@type":"Organization","@id":"https:\/\/www.drummondfirm.com\/es\/#organization","name":"Drummond Law Firm","url":"https:\/\/www.drummondfirm.com\/es\/","logo":{"@type":"ImageObject","inLanguage":"es","@id":"https:\/\/www.drummondfirm.com\/es\/#\/schema\/logo\/image\/","url":"","contentUrl":"","caption":"Drummond Law Firm"},"image":{"@id":"https:\/\/www.drummondfirm.com\/es\/#\/schema\/logo\/image\/"},"sameAs":["https:\/\/www.facebook.com\/drummondlawfirmlv\/","https:\/\/www.linkedin.com\/company\/drummond-law-firm","https:\/\/www.youtube.com\/channel\/UCx06adFjyj7LjlZuR3ROlPw","https:\/\/www.instagram.com\/callthecaptain_drummondlawfirm\/"]}]}},"featured_image_src":null,"featured_image_src_square":null,"_links":{"self":[{"href":"https:\/\/www.drummondfirm.com\/es\/wp-json\/wp\/v2\/pages\/8148","targetHints":{"allow":["GET"]}}],"collection":[{"href":"https:\/\/www.drummondfirm.com\/es\/wp-json\/wp\/v2\/pages"}],"about":[{"href":"https:\/\/www.drummondfirm.com\/es\/wp-json\/wp\/v2\/types\/page"}],"author":[{"embeddable":true,"href":"https:\/\/www.drummondfirm.com\/es\/wp-json\/wp\/v2\/users\/2"}],"replies":[{"embeddable":true,"href":"https:\/\/www.drummondfirm.com\/es\/wp-json\/wp\/v2\/comments?post=8148"}],"version-history":[{"count":0,"href":"https:\/\/www.drummondfirm.com\/es\/wp-json\/wp\/v2\/pages\/8148\/revisions"}],"wp:attachment":[{"href":"https:\/\/www.drummondfirm.com\/es\/wp-json\/wp\/v2\/media?parent=8148"}],"curies":[{"name":"wp","href":"https:\/\/api.w.org\/{rel}","templated":true}]}}