{"id":8150,"date":"2026-03-02T07:40:17","date_gmt":"2026-03-02T15:40:17","guid":{"rendered":"https:\/\/drummonddvp.wpenginepowered.com\/negligencia-medica\/"},"modified":"2026-03-26T07:01:03","modified_gmt":"2026-03-26T15:01:03","slug":"negligencia-medica","status":"publish","type":"page","link":"https:\/\/www.drummondfirm.com\/es\/negligencia-medica\/","title":{"rendered":"Negligencia m\u00e9dica"},"content":{"rendered":"<\/p>\n<p>\u00bfQu\u00e9 se considera negligencia m\u00e9dica? Cuando la mayor\u00eda de nosotros escuchamos el t\u00e9rmino, inmediatamente pensamos en \u00abEl cirujano cometi\u00f3 un error durante una operaci\u00f3n\u00bb. Si bien este es un aspecto importante de los casos de negligencia m\u00e9dica, esta clasificaci\u00f3n tambi\u00e9n puede incluir otros problemas, como el diagn\u00f3stico err\u00f3neo o tard\u00edo de c\u00e1ncer u otras enfermedades potencialmente mortales, errores de medicaci\u00f3n, problemas con la anestesia y m\u00e1s. <\/p>\n<p>Si usted o un familiar sufre porque un m\u00e9dico, enfermero, anestesi\u00f3logo u otro profesional de la salud cometi\u00f3 un error que no est\u00e1 respetando, los abogados de negligencia m\u00e9dica de Drummond Law Firm en Las Vegas quieren saber de usted. Seamos honestos, los casos de negligencia m\u00e9dica pueden ser dif\u00edciles de probar; son m\u00e1s complejos que muchos tipos de demandas por lesiones personales, pero las indemnizaciones otorgadas a clientes bien representados pueden ser sustanciales, ayudando a compensar el dolor, el sufrimiento, el tiempo perdido en el trabajo y otros problemas derivados de las demandas por negligencia m\u00e9dica. <\/p>\n<p>La definici\u00f3n simple de <a href=\"https:\/\/en.wikipedia.org\/wiki\/Medical_malpractice_in_the_United_States\" target=\"_blank\" rel=\"noopener noreferrer\">negligencia m\u00e9dica<\/a> (cortes\u00eda de Wikipedia) ayuda a quienes no pertenecen al \u00e1mbito m\u00e9dico a comprender mejor qu\u00e9 es. Wikipedia la define como \u201cnegligencia profesional por acci\u00f3n u omisi\u00f3n (\u00e9nfasis nuestro) por parte de un profesional de la salud, en la que el tratamiento no cumple con los est\u00e1ndares aceptados&#8230;\u201d La negligencia m\u00e9dica resulta en lesiones graves o incluso la muerte del paciente, y en la mayor\u00eda de los casos se debe a errores m\u00e9dicos por parte de m\u00e9dicos, enfermeras, hospitales y otros profesionales de la salud.  <\/p>\n<p>Seg\u00fan la prestigiosa publicaci\u00f3n <a href=\"http:\/\/www.beckershospitalreview.com\/\" target=\"_blank\" rel=\"noopener noreferrer\">Becker&#8217;s Hospital Review,<\/a> la gravedad de las lesiones involucradas en reclamos por mala praxis m\u00e9dica es alta: m\u00e1s del 30 por ciento de los reclamos se presentan despu\u00e9s de la muerte del paciente y aproximadamente el 12 por ciento cuando el paciente queda cuadripl\u00e9jico y requiere cuidados de por vida.<\/p>\n<p>El diecinueve por ciento de los casos implican una <a href=\"http:\/\/www.wcb.ny.gov\/content\/main\/onthejob\/DisabilityClass.jsp\" target=\"_blank\" rel=\"noopener noreferrer\">lesi\u00f3n permanente<\/a> \u201csignificativa\u201d y el dieciocho por ciento una lesi\u00f3n permanente \u201cmayor\u201d.<\/p>\n<p>Una raz\u00f3n por la que los casos de negligencia m\u00e9dica son dif\u00edciles de probar y ganar es que no todos los errores cometidos por m\u00e9dicos, enfermeras, etc., se consideran negligencia m\u00e9dica. El profesional m\u00e9dico debe ser negligente, incompetente o carente de la debida pericia. Si cree que un profesional m\u00e9dico le ha causado da\u00f1o, nuestro equipo legal puede ayudarle a recopilar pruebas e investigar su caso. Si no creemos que existan pruebas significativas para presentar una demanda por negligencia m\u00e9dica, se lo haremos saber.  <\/p>\n<p>Nadie disfruta del proceso de demandar por negligencia m\u00e9dica, pero a veces es necesario solicitar ayuda legal. Entendemos sus preocupaciones, pero entendemos que priorizamos a nuestros clientes, especialmente a aquellos que sufren. Si usted o un familiar sufre por la negligencia de un m\u00e9dico, enfermero u otro personal m\u00e9dico, los abogados de negligencia m\u00e9dica de Drummond Law Firm en Las Vegas podr\u00edan ayudarle. Su consulta inicial es gratuita y muchos casos se toman con honorarios de contingencia, lo que significa que solo nos paga despu\u00e9s de ganar su caso. <a href=\"https:\/\/www.drummondfirm.com\/es\/contactenos\/\">Cont\u00e1ctenos en l\u00ednea<\/a> o llame al <a href=\"tel:7024465879\">702-4-INJURY \/ (702) 446-5879<\/a> ahora para hablar con un abogado sobre su caso.    <\/p>\n","protected":false},"excerpt":{"rendered":"<p>\u00bfQu\u00e9 se considera negligencia m\u00e9dica? Cuando la mayor\u00eda de nosotros escuchamos el t\u00e9rmino, inmediatamente pensamos en \u00abEl cirujano cometi\u00f3 un error durante una operaci\u00f3n\u00bb. Si bien este es un aspecto&hellip; <\/p>\n<p class=\"link-more\"><a href=\"https:\/\/www.drummondfirm.com\/es\/negligencia-medica\/\" class=\"more-link\">Read More <span class=\"screen-reader-text\"> \u00abNegligencia m\u00e9dica\u00bb<\/span><\/a><\/p>\n","protected":false},"author":2,"featured_media":0,"parent":0,"menu_order":0,"comment_status":"closed","ping_status":"closed","template":"","meta":{"footnotes":""},"class_list":["post-8150","page","type-page","status-publish","hentry"],"yoast_head":"<!-- This site is optimized with the Yoast SEO plugin v27.5 - https:\/\/yoast.com\/product\/yoast-seo-wordpress\/ -->\n<title>Abogado de Negligencia M\u00e9dica en Las Vegas | Abogado de Lesiones Personales en Las Vegas<\/title>\n<meta name=\"description\" content=\"Los m\u00e9dicos no siempre son confiables. Si cree estar involucrado en un caso de negligencia m\u00e9dica en Las Vegas, contacte hoy mismo con nuestro abogado de lesiones personales.\" \/>\n<meta name=\"robots\" content=\"index, follow, max-snippet:-1, max-image-preview:large, max-video-preview:-1\" \/>\n<link rel=\"canonical\" href=\"https:\/\/www.drummondfirm.com\/es\/negligencia-medica\/\" \/>\n<meta property=\"og:locale\" content=\"es_ES\" \/>\n<meta property=\"og:type\" content=\"article\" \/>\n<meta property=\"og:title\" content=\"Abogado de Negligencia M\u00e9dica en Las Vegas | Abogado de Lesiones Personales en Las Vegas\" \/>\n<meta property=\"og:description\" content=\"Los m\u00e9dicos no siempre son confiables. Si cree estar involucrado en un caso de negligencia m\u00e9dica en Las Vegas, contacte hoy mismo con nuestro abogado de lesiones personales.\" \/>\n<meta property=\"og:url\" content=\"https:\/\/www.drummondfirm.com\/es\/negligencia-medica\/\" \/>\n<meta property=\"og:site_name\" content=\"Drummond Law Firm\" \/>\n<meta property=\"article:publisher\" content=\"https:\/\/www.facebook.com\/drummondlawfirmlv\/\" \/>\n<meta property=\"article:modified_time\" content=\"2026-03-26T15:01:03+00:00\" \/>\n<meta name=\"twitter:card\" content=\"summary_large_image\" \/>\n<meta name=\"twitter:label1\" content=\"Tiempo de lectura\" \/>\n\t<meta name=\"twitter:data1\" content=\"3 minutos\" \/>\n<!-- \/ Yoast SEO plugin. -->","yoast_head_json":{"title":"Abogado de Negligencia M\u00e9dica en Las Vegas | Abogado de Lesiones Personales en Las Vegas","description":"Los m\u00e9dicos no siempre son confiables. Si cree estar involucrado en un caso de negligencia m\u00e9dica en Las Vegas, contacte hoy mismo con nuestro abogado de lesiones personales.","robots":{"index":"index","follow":"follow","max-snippet":"max-snippet:-1","max-image-preview":"max-image-preview:large","max-video-preview":"max-video-preview:-1"},"canonical":"https:\/\/www.drummondfirm.com\/es\/negligencia-medica\/","og_locale":"es_ES","og_type":"article","og_title":"Abogado de Negligencia M\u00e9dica en Las Vegas | Abogado de Lesiones Personales en Las Vegas","og_description":"Los m\u00e9dicos no siempre son confiables. Si cree estar involucrado en un caso de negligencia m\u00e9dica en Las Vegas, contacte hoy mismo con nuestro abogado de lesiones personales.","og_url":"https:\/\/www.drummondfirm.com\/es\/negligencia-medica\/","og_site_name":"Drummond Law Firm","article_publisher":"https:\/\/www.facebook.com\/drummondlawfirmlv\/","article_modified_time":"2026-03-26T15:01:03+00:00","twitter_card":"summary_large_image","twitter_misc":{"Tiempo de lectura":"3 minutos"},"schema":{"@context":"https:\/\/schema.org","@graph":[{"@type":"WebPage","@id":"https:\/\/www.drummondfirm.com\/es\/negligencia-medica\/","url":"https:\/\/www.drummondfirm.com\/es\/negligencia-medica\/","name":"Abogado de Negligencia M\u00e9dica en Las Vegas | Abogado de Lesiones Personales en Las Vegas","isPartOf":{"@id":"https:\/\/www.drummondfirm.com\/es\/#website"},"datePublished":"2026-03-02T15:40:17+00:00","dateModified":"2026-03-26T15:01:03+00:00","description":"Los m\u00e9dicos no siempre son confiables. Si cree estar involucrado en un caso de negligencia m\u00e9dica en Las Vegas, contacte hoy mismo con nuestro abogado de lesiones personales.","breadcrumb":{"@id":"https:\/\/www.drummondfirm.com\/es\/negligencia-medica\/#breadcrumb"},"inLanguage":"es","potentialAction":[{"@type":"ReadAction","target":["https:\/\/www.drummondfirm.com\/es\/negligencia-medica\/"]}]},{"@type":"BreadcrumbList","@id":"https:\/\/www.drummondfirm.com\/es\/negligencia-medica\/#breadcrumb","itemListElement":[{"@type":"ListItem","position":1,"name":"Personal Injury Lawyer","item":"https:\/\/www.drummondfirm.com\/es\/"},{"@type":"ListItem","position":2,"name":"Negligencia m\u00e9dica"}]},{"@type":"WebSite","@id":"https:\/\/www.drummondfirm.com\/es\/#website","url":"https:\/\/www.drummondfirm.com\/es\/","name":"Drummond Law Firm","description":"Llama al capit\u00e1n","publisher":{"@id":"https:\/\/www.drummondfirm.com\/es\/#organization"},"potentialAction":[{"@type":"SearchAction","target":{"@type":"EntryPoint","urlTemplate":"https:\/\/www.drummondfirm.com\/es\/?s={search_term_string}"},"query-input":{"@type":"PropertyValueSpecification","valueRequired":true,"valueName":"search_term_string"}}],"inLanguage":"es"},{"@type":"Organization","@id":"https:\/\/www.drummondfirm.com\/es\/#organization","name":"Drummond Law Firm","url":"https:\/\/www.drummondfirm.com\/es\/","logo":{"@type":"ImageObject","inLanguage":"es","@id":"https:\/\/www.drummondfirm.com\/es\/#\/schema\/logo\/image\/","url":"","contentUrl":"","caption":"Drummond Law Firm"},"image":{"@id":"https:\/\/www.drummondfirm.com\/es\/#\/schema\/logo\/image\/"},"sameAs":["https:\/\/www.facebook.com\/drummondlawfirmlv\/","https:\/\/www.linkedin.com\/company\/drummond-law-firm","https:\/\/www.youtube.com\/channel\/UCx06adFjyj7LjlZuR3ROlPw","https:\/\/www.instagram.com\/callthecaptain_drummondlawfirm\/"]}]}},"featured_image_src":null,"featured_image_src_square":null,"_links":{"self":[{"href":"https:\/\/www.drummondfirm.com\/es\/wp-json\/wp\/v2\/pages\/8150","targetHints":{"allow":["GET"]}}],"collection":[{"href":"https:\/\/www.drummondfirm.com\/es\/wp-json\/wp\/v2\/pages"}],"about":[{"href":"https:\/\/www.drummondfirm.com\/es\/wp-json\/wp\/v2\/types\/page"}],"author":[{"embeddable":true,"href":"https:\/\/www.drummondfirm.com\/es\/wp-json\/wp\/v2\/users\/2"}],"replies":[{"embeddable":true,"href":"https:\/\/www.drummondfirm.com\/es\/wp-json\/wp\/v2\/comments?post=8150"}],"version-history":[{"count":0,"href":"https:\/\/www.drummondfirm.com\/es\/wp-json\/wp\/v2\/pages\/8150\/revisions"}],"wp:attachment":[{"href":"https:\/\/www.drummondfirm.com\/es\/wp-json\/wp\/v2\/media?parent=8150"}],"curies":[{"name":"wp","href":"https:\/\/api.w.org\/{rel}","templated":true}]}}