{"id":8160,"date":"2026-03-02T07:40:23","date_gmt":"2026-03-02T15:40:23","guid":{"rendered":"https:\/\/drummonddvp.wpenginepowered.com\/recursos-legales\/"},"modified":"2026-03-24T08:13:15","modified_gmt":"2026-03-24T16:13:15","slug":"recursos-legales","status":"publish","type":"page","link":"https:\/\/www.drummondfirm.com\/es\/recursos-legales\/","title":{"rendered":"Recursos legales"},"content":{"rendered":"<h3>LESIONES PERSONALES<\/h3>\n<ul>\n<li><a href=\"http:\/\/www.biausa.org\/\" target=\"_blank\" rel=\"noopener noreferrer\">Asociaci\u00f3n Estadounidense de Lesiones Cerebrales<\/a><\/li>\n<\/ul>\n<h3>Accidentes automovil\u00edsticos<\/h3>\n<ul>\n<li><a href=\"http:\/\/www.safercar.gov\/portal\/site\/SAFERCAR?vgnextoid=dafa9d15bf518210VgnVCM100000656b7798RCRD\" target=\"_blank\" rel=\"noopener noreferrer\">Pruebas de choque y clasificaciones de vuelco<\/a><\/li>\n<li><a href=\"http:\/\/www.dmv.org\/nv-nevada\/safety-laws.php\" target=\"_blank\" rel=\"noopener noreferrer\">Leyes de seguridad en Nevada<\/a><\/li>\n<li><strong>Informes policiales<\/strong>\n<ul>\n<li><a href=\"https:\/\/www.lvmpd.com\/about\/bureaus\/records-and-fingerprint-bureau\/filing-a-report\/file-report-online\" target=\"_blank\" rel=\"noopener noreferrer\">Departamento de Polic\u00eda Metropolitana de Las Vegas<\/a><\/li>\n<li><a href=\"http:\/\/www.crashdocs.org\/\" target=\"_blank\" rel=\"noopener noreferrer\">Departamento de Polic\u00eda de Henderson<\/a><\/li>\n<li><a href=\"https:\/\/www.cityofnorthlasvegas.com\/residents\/police\/police-records\" target=\"_blank\" rel=\"noopener noreferrer\">Norte de Las Vegas<\/a><\/li>\n<\/ul>\n<\/li>\n<li><a href=\"http:\/\/www.nhtsa.gov\/\" target=\"_blank\" rel=\"noopener noreferrer\">Seguridad vial<\/a><\/li>\n<\/ul>\n<h3>Accidentes de viajes compartidos<\/h3>\n<ul>\n<li><a href=\"https:\/\/help.uber.com\/partners\/article\/in-case-of-an-accident---?nodeId=039f5d2f-1361-4d63-98f3-3474e625575b\" target=\"_blank\" rel=\"noopener noreferrer\">Reportar un accidente de Uber<\/a><\/li>\n<li><a href=\"https:\/\/help.lyft.com\/hc\/en-us\/articles\/360018628473-Report-an-accident-or-collision\" target=\"_blank\" rel=\"noopener noreferrer\">Informar un accidente de Lyft<\/a><\/li>\n<\/ul>\n<h3>Informaci\u00f3n de contacto de la compa\u00f1\u00eda de seguros<\/h3>\n<ul>\n<li><a href=\"http:\/\/www.21st.com\/\" target=\"_blank\" rel=\"noopener noreferrer\">Siglo XXI<\/a> : <a href=\"tel:+18882446163\">1-888-244-6163<\/a><\/li>\n<li><a href=\"https:\/\/www.nationwide.com\/\" target=\"_blank\" rel=\"noopener noreferrer\">Seguros Allied<\/a> : <a href=\"tel:+8002821446\">1-800-282-1446<\/a><\/li>\n<li><a href=\"http:\/\/www.allstate.com\/\" target=\"_blank\" rel=\"noopener noreferrer\">Seguro de auto All State<\/a> : <a href=\"tel:+18002557828\">1-800-ALLSTATE<\/a><\/li>\n<li><a href=\"http:\/\/www.dairylandauto.com\/\" target=\"_blank\" rel=\"noopener noreferrer\">Dairyland Auto<\/a> : <a href=\"tel:+18003340090\">1-800-334-0090<\/a><\/li>\n<li><a href=\"https:\/\/www.esurance.com\/\" target=\"_blank\" rel=\"noopener noreferrer\">Seguros<\/a> : <a href=\"tel:+18003787262\">1-800-378-7262<\/a><\/li>\n<li><a href=\"http:\/\/www.farmers.com\/\" target=\"_blank\" rel=\"noopener noreferrer\">Seguro de auto para agricultores<\/a> : <a href=\"tel:+18004357764\">1-800-435-7764<\/a><\/li>\n<li><a href=\"https:\/\/www.geico.com\/\" target=\"_blank\" rel=\"noopener noreferrer\">Seguro de auto GEICO<\/a> : <a href=\"tel:+18008618380\">1-800-861-8380<\/a><\/li>\n<li><a href=\"http:\/\/www.thehartford.com\/\" target=\"_blank\" rel=\"noopener noreferrer\">Seguros Hartford<\/a><\/li>\n<li><a href=\"http:\/\/www.libertymutualgroup.com\/\" target=\"_blank\" rel=\"noopener noreferrer\">Seguros Liberty Mutual<\/a> : <a href=\"tel:+18883988924\">1-888-398-8924<\/a><\/li>\n<li><a href=\"https:\/\/www.fredloya.com\/\" target=\"_blank\" rel=\"noopener noreferrer\">Grupo de Seguros Loya:<\/a> <a href=\"tel:+18008800472\">1-800-880-0472<\/a><\/li>\n<li><a href=\"http:\/\/www.mercuryinsurance.com\/\" target=\"_blank\" rel=\"noopener noreferrer\">Seguros Mercury<\/a> : <a href=\"tel:+18005033724\">1-800-503-3724<\/a><\/li>\n<li><a href=\"https:\/\/www.metlife.com\/\" target=\"_blank\" rel=\"noopener noreferrer\">MetLife<\/a> : <a href=\"tel:+18004224272\">1-800-422-4272<\/a><\/li>\n<li><a href=\"http:\/\/www.nationwide.com\/\" target=\"_blank\" rel=\"noopener noreferrer\">Compa\u00f1\u00eda de seguros Nationwide<\/a> : <a href=\"tel:+18004213535\">1-800-421-3535<\/a><\/li>\n<li><a href=\"https:\/\/www.statefarm.com\/\" target=\"_blank\" rel=\"noopener noreferrer\">State Farm<\/a> : <a href=\"tel:+18007828332\">1-800-782-8332<\/a><\/li>\n<li><a href=\"https:\/\/www.travelers.com\/\" target=\"_blank\" rel=\"noopener noreferrer\">Seguro de viajero<\/a> : <a href=\"tel:+18002524633\">1800-252-4633<\/a><\/li>\n<li><a href=\"https:\/\/www.usaa.com\/\" target=\"_blank\" rel=\"noopener noreferrer\">USAA<\/a> <a href=\"tel:+18005318722\">1-800-531-8722<\/a><\/li>\n<\/ul>\n<h3>Diccionarios jur\u00eddicos<\/h3>\n<ul>\n<li><a href=\"http:\/\/dictionary.law.com\/\" target=\"_blank\" rel=\"noopener noreferrer\">Law.com<\/a><\/li>\n<li><a href=\"http:\/\/dictionary.findlaw.com\/\" target=\"_blank\" rel=\"noopener noreferrer\">Encuentra la ley<\/a><\/li>\n<\/ul>\n<h3>Informaci\u00f3n legal<\/h3>\n<ul>\n<li><a href=\"https:\/\/www.law.cornell.edu\/\" target=\"_blank\" rel=\"noopener noreferrer\">Instituto de Informaci\u00f3n Legal<\/a><\/li>\n<\/ul>\n<h3>Seguro m\u00e9dico del estado<\/h3>\n<ul>\n<li><a href=\"https:\/\/www.medicare.gov\/\" target=\"_blank\" rel=\"noopener noreferrer\">Seguro m\u00e9dico del estado<\/a><\/li>\n<\/ul>\n<h3>Accidentes de motocicleta<\/h3>\n<ul>\n<li><a href=\"https:\/\/www.nhtsa.gov\/road-safety\/motorcycles\" target=\"_blank\" rel=\"noopener noreferrer\">Seguridad en motocicleta<\/a><\/li>\n<li><a href=\"http:\/\/www.msf-usa.org\/\" target=\"_blank\" rel=\"noopener noreferrer\">Fundaci\u00f3n para la Seguridad de las Motocicletas<\/a><\/li>\n<\/ul>\n<h3>Da\u00f1os a la propiedad<\/h3>\n<ul>\n<li><a href=\"http:\/\/www.kbb.com\/\" target=\"_blank\" rel=\"noopener noreferrer\">Valor de su veh\u00edculo<\/a><\/li>\n<\/ul>\n<h3>Recursos<\/h3>\n<ul>\n<li><a href=\"http:\/\/www.nhtsa.gov\/\" target=\"_blank\" rel=\"noopener noreferrer\"> Administraci\u00f3n Nacional de Seguridad del Tr\u00e1fico en las Carreteras<\/a><\/li>\n<li><a href=\"https:\/\/www.nvbar.org\/\" target=\"_blank\" rel=\"noopener noreferrer\"> Colegio de Abogados del Estado de Nevada<\/a><\/li>\n<li><a href=\"https:\/\/www.leg.state.nv.us\/law1.cfm\" target=\"_blank\" rel=\"noopener noreferrer\"> Biblioteca de Derecho del Estado de Nevada<\/a><\/li>\n<\/ul>\n<h3>Accidentes de camiones semirremolque<\/h3>\n<ul>\n<li><a href=\"http:\/\/trucksafety.org\/\" target=\"_blank\" rel=\"noopener noreferrer\">Coalici\u00f3n para la seguridad de los camiones<\/a><\/li>\n<li><a href=\"https:\/\/www.fmcsa.dot.gov\/\" target=\"_blank\" rel=\"noopener noreferrer\">Normas y reglamentos de transporte por carretera<\/a><\/li>\n<\/ul>\n<h3>Corte Suprema<\/h3>\n<ul>\n<li><a href=\"https:\/\/www.supremecourt.gov\/\" target=\"_blank\" rel=\"noopener noreferrer\">Corte Suprema de los Estados Unidos<\/a><\/li>\n<li><a href=\"https:\/\/nvcourts.gov\/supreme\/court_information\/the_supreme_court_of_nevada_justices\" target=\"_blank\" rel=\"noopener noreferrer\">Corte Suprema de Nevada<\/a><\/li>\n<\/ul>\n<h3>Taxis<\/h3>\n<ul>\n<li><a href=\"http:\/\/taxi.nv.gov\/\" target=\"_blank\" rel=\"noopener noreferrer\"> Autoridad de Taxis de Nevada<\/a><\/li>\n<li><a href=\"http:\/\/taxi.nv.gov\/Rider_Info\/Taxi_Companies\/\" target=\"_blank\" rel=\"noopener noreferrer\"> Informaci\u00f3n de contacto de taxis <\/a><\/li>\n<li><a href=\"http:\/\/taxi.nv.gov\/Complaints\/Complaints\/\" target=\"_blank\" rel=\"noopener noreferrer\"> Quejas sobre taxis<\/a><\/li>\n<\/ul>\n<h2>DEFENSA PENAL<\/h2>\n<h3>B\u00fasqueda de casos penales<\/h3>\n<ul>\n<li><a href=\"https:\/\/www.clarkcountycourts.us\/Anonymous\/default.aspx\" target=\"_blank\" rel=\"noopener noreferrer\"> Tribunal de Distrito<\/a><\/li>\n<li><a href=\"https:\/\/www.lasvegasjusticecourt.us\/\" target=\"_blank\" rel=\"noopener noreferrer\">Tribunal de justicia<\/a><\/li>\n<li><a href=\"https:\/\/hmc.cityofhenderson.com\/eservices\/home.page.2\" target=\"_blank\" rel=\"noopener noreferrer\"> Tribunal Municipal de Henderson<\/a><\/li>\n<li><a href=\"https:\/\/www.clarkcountynv.gov\/government\/departments\/justice_courts\/jurisdictions\/north_las_vegas\/index.php\" target=\"_blank\" rel=\"noopener noreferrer\">Tribunal de Justicia del Norte de Las Vegas<\/a><\/li>\n<\/ul>\n<h3>Consultar el estado de las \u00f3rdenes de arresto<\/h3>\n<ul>\n<li>Para obtener informaci\u00f3n y asistencia, comun\u00edquese con la jurisdicci\u00f3n que cree que pudo haber emitido la orden:<\/li>\n<li><a href=\"https:\/\/www.cityofhenderson.com\/government\/departments\/municipal-court\/warrant-information\" target=\"_blank\" rel=\"noopener noreferrer\">B\u00fasqueda de \u00f3rdenes judiciales del Tribunal Municipal de Henderson<\/a><\/li>\n<li><a href=\"https:\/\/www.lasvegasnevada.gov\/Government\/Municipal-Court\/Warrant-Search#\/\" target=\"_blank\" rel=\"noopener noreferrer\">B\u00fasqueda de \u00f3rdenes de arresto municipales de Las Vegas<\/a><\/li>\n<li>Tribunal Municipal de North Las Vegas (702) 633-1130<\/li>\n<li>Tribunal de Justicia del Norte de Las Vegas (702) 455-7801<\/li>\n<li>Tribunal de Justicia de Henderson (702) 455-7951<\/li>\n<li>Tribunal de Justicia del Condado de Clark (702) 671-3201<\/li>\n<\/ul>\n<h3>C\u00f3mo localizar su veh\u00edculo remolcado despu\u00e9s de un DUI<\/h3>\n<ul>\n<li><a href=\"https:\/\/www.lvmpd.com\/services\/locating-your-towed-or-recovered-stolen-vehicle\" target=\"_blank\" rel=\"noopener noreferrer\">B\u00fasqueda de LVMPD<\/a><\/li>\n<\/ul>\n<h3>B\u00fasqueda de reclusos en la c\u00e1rcel<\/h3>\n<ul>\n<li><a href=\"https:\/\/www.clarkcountynv.gov\/government\/departments\/detention_center\/index.php\" target=\"_blank\" rel=\"noopener noreferrer\">Centro de Detenci\u00f3n del Condado de Clark<\/a><\/li>\n<li><a href=\"https:\/\/inmateinfo.cityofhenderson.com\/\" target=\"_blank\" rel=\"noopener noreferrer\"> Centro de Detenci\u00f3n de Henderson<\/a><\/li>\n<li><a href=\"https:\/\/www.clarkcountynv.gov\/government\/departments\/detention_center\/inmate_search.php\" target=\"_blank\" rel=\"noopener noreferrer\">Centro de Detenci\u00f3n de Las Vegas<\/a><\/li>\n<li><a href=\"http:\/\/167.154.2.76\/inmatesearch\/form.php\" target=\"_blank\" rel=\"noopener noreferrer\"> Prisiones de Nevada<\/a><\/li>\n<li><a href=\"http:\/\/www.washoesheriff.com\/inmate-search.php\" target=\"_blank\" rel=\"noopener noreferrer\"> Centro de detenci\u00f3n del condado de Washoe<\/a><\/li>\n<\/ul>\n<h3>Investigaci\u00f3n jur\u00eddica<\/h3>\n<ul>\n<li><a href=\"http:\/\/www.lexisnexis.com\/en-us\/home.page\" target=\"_blank\" rel=\"noopener noreferrer\">Lexis Nexus<\/a><\/li>\n<li><a href=\"http:\/\/lp.findlaw.com\/\" target=\"_blank\" rel=\"noopener noreferrer\">FindLaw<\/a><\/li>\n<\/ul>\n<h3>Leyes, c\u00f3digos y estatutos de Nevada<\/h3>\n<ul>\n<li><a href=\"http:\/\/www.leg.state.nv.us\/NRS\/\" target=\"_blank\" rel=\"noopener noreferrer\"> Estatutos revisados de Nevada<\/a><\/li>\n<li><a href=\"http:\/\/www.leg.state.nv.us\/courtrules\/\" target=\"_blank\" rel=\"noopener noreferrer\"> Reglas de la Corte de Nevada<\/a><\/li>\n<li><a href=\"http:\/\/uscode.house.gov\/search\/criteria.shtml?preview=true&amp;site_id=312\" target=\"_blank\" rel=\"noopener noreferrer\"> C\u00f3digo de los Estados Unidos<\/a><\/li>\n<li><a href=\"https:\/\/www.nvbar.org\/\" target=\"_blank\" rel=\"noopener noreferrer\"> Colegio de Abogados del Estado de Nevada<\/a><\/li>\n<li><a href=\"http:\/\/www.clarkcountybar.org\/\" target=\"_blank\" rel=\"noopener noreferrer\"> Colegio de Abogados del Condado de Clark<\/a><\/li>\n<\/ul>\n<h3>Sitios del gobierno de EE. UU.<\/h3>\n<ul>\n<li><a href=\"https:\/\/www.loc.gov\/\" target=\"_blank\" rel=\"noopener noreferrer\">La Biblioteca del Congreso<\/a><\/li>\n<\/ul>\n<h3>Directorios legales<\/h3>\n<ul>\n<li><a href=\"https:\/\/www.avvo.com\/attorneys\/89101-nv-craig-drummond-1858535.html\" target=\"_blank\" rel=\"noopener noreferrer\">AVVO<\/a><\/li>\n<li><a href=\"https:\/\/www.lawyers.com\/las-vegas\/nevada\/drummond-law-firm-157027921-f\/\" target=\"_blank\" rel=\"noopener noreferrer\">Abogados.com<\/a><\/li>\n<li><a href=\"https:\/\/www.yelp.com\/biz\/drummond-law-firm-las-vegas-2\" target=\"_blank\" rel=\"noopener noreferrer\">Ga\u00f1ido<\/a><\/li>\n<li><a href=\"https:\/\/pview.findlaw.com\/lawfirm\/drummond-law-firm\/nv\/las-vegas\/NDU5NTk2Nl8x\/PP\" target=\"_blank\" rel=\"noopener noreferrer\">FindLaw<\/a><\/li>\n<li><a href=\"https:\/\/www.martindale.com\/las-vegas\/nevada\/drummond-law-firm-157027921-f\/\" target=\"_blank\" rel=\"noopener noreferrer\">Martindale.com<\/a><\/li>\n<li><a href=\"https:\/\/profiles.superlawyers.com\/nevada\/las-vegas\/lawyer\/craig-w-drummond\/f66af0ce-186a-4083-a873-bfa06fdeaa9e.html\" target=\"_blank\" rel=\"noopener noreferrer\">S\u00faper abogados<\/a><\/li>\n<li><a href=\"https:\/\/www.bbb.org\/southern-nevada\/business-reviews\/lawyers\/drummond-law-firm-in-las-vegas-nv-90046925\" target=\"_blank\" rel=\"noopener noreferrer\">BBB<\/a><\/li>\n<li><a href=\"https:\/\/www.lawinfo.com\/law\/drummond-firm-pc\/\" target=\"_blank\" rel=\"noopener noreferrer\">Informaci\u00f3n legal<\/a><\/li>\n<li><a href=\"https:\/\/www.mapquest.com\/places\/sidhu-law-firm-llc-las-vegas-nv-270248477\" target=\"_blank\" rel=\"noopener noreferrer\">MapQuest<\/a><\/li>\n<li><a href=\"https:\/\/www.linkedin.com\/in\/attycraigdrummond\" target=\"_blank\" rel=\"noopener noreferrer\">LinkedIn<\/a><\/li>\n<li><a href=\"https:\/\/www.youtube.com\/channel\/UCx06adFjyj7LjlZuR3ROlPw\" target=\"_blank\" rel=\"noopener noreferrer\">YouTube<\/a><\/li>\n<\/ul>\n","protected":false},"excerpt":{"rendered":"<p>LESIONES PERSONALES Asociaci\u00f3n Estadounidense de Lesiones Cerebrales Accidentes automovil\u00edsticos Pruebas de choque y clasificaciones de vuelco Leyes de seguridad en Nevada Informes policiales Departamento de Polic\u00eda Metropolitana de Las Vegas&hellip; <\/p>\n<p class=\"link-more\"><a href=\"https:\/\/www.drummondfirm.com\/es\/recursos-legales\/\" class=\"more-link\">Read More <span class=\"screen-reader-text\"> \u00abRecursos legales\u00bb<\/span><\/a><\/p>\n","protected":false},"author":2,"featured_media":0,"parent":0,"menu_order":0,"comment_status":"closed","ping_status":"closed","template":"","meta":{"footnotes":""},"class_list":["post-8160","page","type-page","status-publish","hentry"],"yoast_head":"<!-- This site is optimized with the Yoast SEO plugin v27.5 - https:\/\/yoast.com\/product\/yoast-seo-wordpress\/ -->\n<title>Recursos legales | Abogado de defensa penal en Las Vegas | Abogado de Las Vegas<\/title>\n<meta name=\"description\" content=\"\u00bfTiene preguntas e inquietudes legales? Consulte nuestros recursos legales para obtener informaci\u00f3n \u00fatil. \u00a1Haga clic aqu\u00ed para obtener m\u00e1s informaci\u00f3n!\" \/>\n<meta name=\"robots\" content=\"index, follow, max-snippet:-1, max-image-preview:large, max-video-preview:-1\" \/>\n<link rel=\"canonical\" href=\"https:\/\/www.drummondfirm.com\/es\/recursos-legales\/\" \/>\n<meta property=\"og:locale\" content=\"es_ES\" \/>\n<meta property=\"og:type\" content=\"article\" \/>\n<meta property=\"og:title\" content=\"Recursos legales | Abogado de defensa penal en Las Vegas | Abogado de Las Vegas\" \/>\n<meta property=\"og:description\" content=\"\u00bfTiene preguntas e inquietudes legales? Consulte nuestros recursos legales para obtener informaci\u00f3n \u00fatil. \u00a1Haga clic aqu\u00ed para obtener m\u00e1s informaci\u00f3n!\" \/>\n<meta property=\"og:url\" content=\"https:\/\/www.drummondfirm.com\/es\/recursos-legales\/\" \/>\n<meta property=\"og:site_name\" content=\"Drummond Law Firm\" \/>\n<meta property=\"article:publisher\" content=\"https:\/\/www.facebook.com\/drummondlawfirmlv\/\" \/>\n<meta property=\"article:modified_time\" content=\"2026-03-24T16:13:15+00:00\" \/>\n<meta name=\"twitter:card\" content=\"summary_large_image\" \/>\n<meta name=\"twitter:label1\" content=\"Tiempo de lectura\" \/>\n\t<meta name=\"twitter:data1\" content=\"2 minutos\" \/>\n<!-- \/ Yoast SEO plugin. -->","yoast_head_json":{"title":"Recursos legales | Abogado de defensa penal en Las Vegas | Abogado de Las Vegas","description":"\u00bfTiene preguntas e inquietudes legales? Consulte nuestros recursos legales para obtener informaci\u00f3n \u00fatil. \u00a1Haga clic aqu\u00ed para obtener m\u00e1s informaci\u00f3n!","robots":{"index":"index","follow":"follow","max-snippet":"max-snippet:-1","max-image-preview":"max-image-preview:large","max-video-preview":"max-video-preview:-1"},"canonical":"https:\/\/www.drummondfirm.com\/es\/recursos-legales\/","og_locale":"es_ES","og_type":"article","og_title":"Recursos legales | Abogado de defensa penal en Las Vegas | Abogado de Las Vegas","og_description":"\u00bfTiene preguntas e inquietudes legales? Consulte nuestros recursos legales para obtener informaci\u00f3n \u00fatil. \u00a1Haga clic aqu\u00ed para obtener m\u00e1s informaci\u00f3n!","og_url":"https:\/\/www.drummondfirm.com\/es\/recursos-legales\/","og_site_name":"Drummond Law Firm","article_publisher":"https:\/\/www.facebook.com\/drummondlawfirmlv\/","article_modified_time":"2026-03-24T16:13:15+00:00","twitter_card":"summary_large_image","twitter_misc":{"Tiempo de lectura":"2 minutos"},"schema":{"@context":"https:\/\/schema.org","@graph":[{"@type":"WebPage","@id":"https:\/\/www.drummondfirm.com\/es\/recursos-legales\/","url":"https:\/\/www.drummondfirm.com\/es\/recursos-legales\/","name":"Recursos legales | Abogado de defensa penal en Las Vegas | Abogado de Las Vegas","isPartOf":{"@id":"https:\/\/www.drummondfirm.com\/es\/#website"},"datePublished":"2026-03-02T15:40:23+00:00","dateModified":"2026-03-24T16:13:15+00:00","description":"\u00bfTiene preguntas e inquietudes legales? Consulte nuestros recursos legales para obtener informaci\u00f3n \u00fatil. \u00a1Haga clic aqu\u00ed para obtener m\u00e1s informaci\u00f3n!","breadcrumb":{"@id":"https:\/\/www.drummondfirm.com\/es\/recursos-legales\/#breadcrumb"},"inLanguage":"es","potentialAction":[{"@type":"ReadAction","target":["https:\/\/www.drummondfirm.com\/es\/recursos-legales\/"]}]},{"@type":"BreadcrumbList","@id":"https:\/\/www.drummondfirm.com\/es\/recursos-legales\/#breadcrumb","itemListElement":[{"@type":"ListItem","position":1,"name":"Personal Injury Lawyer","item":"https:\/\/www.drummondfirm.com\/es\/"},{"@type":"ListItem","position":2,"name":"Recursos legales"}]},{"@type":"WebSite","@id":"https:\/\/www.drummondfirm.com\/es\/#website","url":"https:\/\/www.drummondfirm.com\/es\/","name":"Drummond Law Firm","description":"Llama al capit\u00e1n","publisher":{"@id":"https:\/\/www.drummondfirm.com\/es\/#organization"},"potentialAction":[{"@type":"SearchAction","target":{"@type":"EntryPoint","urlTemplate":"https:\/\/www.drummondfirm.com\/es\/?s={search_term_string}"},"query-input":{"@type":"PropertyValueSpecification","valueRequired":true,"valueName":"search_term_string"}}],"inLanguage":"es"},{"@type":"Organization","@id":"https:\/\/www.drummondfirm.com\/es\/#organization","name":"Drummond Law Firm","url":"https:\/\/www.drummondfirm.com\/es\/","logo":{"@type":"ImageObject","inLanguage":"es","@id":"https:\/\/www.drummondfirm.com\/es\/#\/schema\/logo\/image\/","url":"","contentUrl":"","caption":"Drummond Law Firm"},"image":{"@id":"https:\/\/www.drummondfirm.com\/es\/#\/schema\/logo\/image\/"},"sameAs":["https:\/\/www.facebook.com\/drummondlawfirmlv\/","https:\/\/www.linkedin.com\/company\/drummond-law-firm","https:\/\/www.youtube.com\/channel\/UCx06adFjyj7LjlZuR3ROlPw","https:\/\/www.instagram.com\/callthecaptain_drummondlawfirm\/"]}]}},"featured_image_src":null,"featured_image_src_square":null,"_links":{"self":[{"href":"https:\/\/www.drummondfirm.com\/es\/wp-json\/wp\/v2\/pages\/8160","targetHints":{"allow":["GET"]}}],"collection":[{"href":"https:\/\/www.drummondfirm.com\/es\/wp-json\/wp\/v2\/pages"}],"about":[{"href":"https:\/\/www.drummondfirm.com\/es\/wp-json\/wp\/v2\/types\/page"}],"author":[{"embeddable":true,"href":"https:\/\/www.drummondfirm.com\/es\/wp-json\/wp\/v2\/users\/2"}],"replies":[{"embeddable":true,"href":"https:\/\/www.drummondfirm.com\/es\/wp-json\/wp\/v2\/comments?post=8160"}],"version-history":[{"count":0,"href":"https:\/\/www.drummondfirm.com\/es\/wp-json\/wp\/v2\/pages\/8160\/revisions"}],"wp:attachment":[{"href":"https:\/\/www.drummondfirm.com\/es\/wp-json\/wp\/v2\/media?parent=8160"}],"curies":[{"name":"wp","href":"https:\/\/api.w.org\/{rel}","templated":true}]}}