{"id":9055,"date":"2026-04-05T23:54:35","date_gmt":"2026-04-06T07:54:35","guid":{"rendered":"https:\/\/drummonddvp.wpenginepowered.com\/acerca-de\/joey-tutone\/"},"modified":"2026-04-06T23:28:29","modified_gmt":"2026-04-07T07:28:29","slug":"joey-tutone","status":"publish","type":"page","link":"https:\/\/www.drummondfirm.com\/es\/acerca-de\/joey-tutone\/","title":{"rendered":"Joey Tutone"},"content":{"rendered":"\t\t<div data-elementor-type=\"wp-page\" data-elementor-id=\"9055\" class=\"elementor elementor-9055 elementor-9053\" data-elementor-post-type=\"page\">\n\t\t\t\t<div class=\"elementor-element elementor-element-bd8d318 e-flex e-con-boxed e-con e-parent\" data-id=\"bd8d318\" data-element_type=\"container\" data-e-type=\"container\">\n\t\t\t\t\t<div class=\"e-con-inner\">\n\t\t\t\t<div class=\"elementor-element elementor-element-d51ee87 elementor-widget elementor-widget-heading\" data-id=\"d51ee87\" data-element_type=\"widget\" data-e-type=\"widget\" data-widget_type=\"heading.default\">\n\t\t\t\t\t<h2 class=\"elementor-heading-title elementor-size-default\">El abogado Joseph \u00abJoey\u00bb Tutone, Jr.<\/h2>\t\t\t\t<\/div>\n\t\t\t\t\t<\/div>\n\t\t\t\t<\/div>\n\t\t<div class=\"elementor-element elementor-element-4e8e206 e-flex e-con-boxed e-con e-parent\" data-id=\"4e8e206\" data-element_type=\"container\" data-e-type=\"container\">\n\t\t\t\t\t<div class=\"e-con-inner\">\n\t\t<div class=\"elementor-element elementor-element-e70d4cb e-con-full e-flex e-con e-child\" data-id=\"e70d4cb\" data-element_type=\"container\" data-e-type=\"container\">\n\t\t\t\t<div class=\"elementor-element elementor-element-7568776 elementor-widget elementor-widget-image\" data-id=\"7568776\" data-element_type=\"widget\" data-e-type=\"widget\" data-widget_type=\"image.default\">\n\t\t\t\t\t        <div class=\"elementor-image\">\n                                                <img fetchpriority=\"high\" width=\"1280\" height=\"1920\" src=\"https:\/\/www.drummondfirm.com\/wp-content\/uploads\/2026\/04\/drummond-newphoto-3-69d4af046cad8.webp\" class=\"attachment-full size-full wp-image-9214\" alt=\"\" decoding=\"async\" srcset=\"https:\/\/www.drummondfirm.com\/wp-content\/uploads\/2026\/04\/drummond-newphoto-3-69d4af046cad8.webp 1280w, https:\/\/www.drummondfirm.com\/wp-content\/uploads\/2026\/04\/drummond-newphoto-3-69d4af046cad8-200x300.webp 200w, https:\/\/www.drummondfirm.com\/wp-content\/uploads\/2026\/04\/drummond-newphoto-3-69d4af046cad8-683x1024.webp 683w, https:\/\/www.drummondfirm.com\/wp-content\/uploads\/2026\/04\/drummond-newphoto-3-69d4af046cad8-768x1152.webp 768w, https:\/\/www.drummondfirm.com\/wp-content\/uploads\/2026\/04\/drummond-newphoto-3-69d4af046cad8-1024x1536.webp 1024w, https:\/\/www.drummondfirm.com\/wp-content\/uploads\/2026\/04\/drummond-newphoto-3-69d4af046cad8-400x600.webp 400w, https:\/\/www.drummondfirm.com\/wp-content\/uploads\/2026\/04\/drummond-newphoto-3-69d4af046cad8-600x900.webp 600w\" sizes=\"(max-width: 1280px) 100vw, 1280px\" \/>                                                            <\/div>\n        \t\t\t\t<\/div>\n\t\t\t\t<\/div>\n\t\t<div class=\"elementor-element elementor-element-4b6d625 e-con-full e-flex e-con e-child\" data-id=\"4b6d625\" data-element_type=\"container\" data-e-type=\"container\">\n\t\t\t\t<div class=\"elementor-element elementor-element-f33a53b elementor-widget elementor-widget-text-editor\" data-id=\"f33a53b\" data-element_type=\"widget\" data-e-type=\"widget\" data-widget_type=\"text-editor.default\">\n\t\t\t\t\t        <div class=\"elementor-text-editor elementor-clearfix\"><h2>Acerca de<\/h2><p>Joey lleva siete a\u00f1os ejerciendo como abogado. Comenz\u00f3 como secretario judicial del Honorable William Shashy, del 15.\u00ba Circuito de Alabama. Al regresar a su estado natal, Virginia, Joey ejerci\u00f3 en el \u00e1mbito de los da\u00f1os personales y el derecho penal en Virginia y en Washington, D.C. Joey se mud\u00f3 a Nevada y se incorpor\u00f3 al bufete Drummond Law Firm como abogado tras obtener la licencia para ejercer en Nevada.<br>Traducci\u00f3n realizada con la versi\u00f3n gratuita del traductor DeepL.com  <\/p><h2>Educaci\u00f3n<\/h2><p>Joey obtuvo su licenciatura en Historia, con una especializaci\u00f3n secundaria en Ciencias Pol\u00edticas, en Virginia Tech. Se licenci\u00f3 en Derecho en la Facultad de Derecho Thomas Goode Jones, en Montgomery, Alabama. Joey est\u00e1 habilitado para ejercer la abogac\u00eda en el estado de Nevada, el estado de Virginia y el Distrito de Columbia. En su tiempo libre, a Joey le gusta pasar tiempo con su familia y es un gran aficionado al hockey de los Washington Capitals.   <\/p><h4><strong>Afiliaciones profesionales:<\/strong><\/h4><p><a href=\"https:\/\/nvbar.org\/\" target=\"_blank\" rel=\"noopener\">Colegio de Abogados del Estado de Nevada<\/a><br><a href=\"https:\/\/www.vsb.org\/\" target=\"_blank\" rel=\"noopener\">Colegio de Abogados del Estado de Virginia<\/a><br><a href=\"https:\/\/www.badc.org\/\" target=\"_blank\" rel=\"noopener\">Colegio de Abogados de Washington, D.C.<\/a><\/p><\/div>\n        \t\t\t\t<\/div>\n\t\t\t\t<\/div>\n\t\t\t\t\t<\/div>\n\t\t\t\t<\/div>\n\t\t\t\t<\/div>\n\t\t","protected":false},"excerpt":{"rendered":"<p>El abogado Joseph \u00abJoey\u00bb Tutone, Jr. Acerca de Joey lleva siete a\u00f1os ejerciendo como abogado. Comenz\u00f3 como secretario judicial del Honorable William Shashy, del 15.\u00ba Circuito de Alabama. Al regresar&hellip; <\/p>\n<p class=\"link-more\"><a href=\"https:\/\/www.drummondfirm.com\/es\/acerca-de\/joey-tutone\/\" class=\"more-link\">Read More <span class=\"screen-reader-text\"> \u00abJoey Tutone\u00bb<\/span><\/a><\/p>\n","protected":false},"author":2,"featured_media":0,"parent":8842,"menu_order":0,"comment_status":"closed","ping_status":"closed","template":"","meta":{"footnotes":""},"class_list":["post-9055","page","type-page","status-publish","hentry"],"yoast_head":"<!-- This site is optimized with the Yoast SEO plugin v27.6 - https:\/\/yoast.com\/product\/yoast-seo-wordpress\/ -->\n<title>Joey Tutone | Drummond Law Firm<\/title>\n<meta name=\"description\" content=\"El abogado Joseph \u00abJoey\u00bb Tutone, Jr. Acerca deJoey lleva siete a\u00f1os ejerciendo como abogado. Comenz\u00f3 como secretario judicial del Honorable William\" \/>\n<meta name=\"robots\" content=\"index, follow, max-snippet:-1, max-image-preview:large, max-video-preview:-1\" \/>\n<link rel=\"canonical\" href=\"https:\/\/www.drummondfirm.com\/es\/acerca-de\/joey-tutone\/\" \/>\n<meta property=\"og:locale\" content=\"es_ES\" \/>\n<meta property=\"og:type\" content=\"article\" \/>\n<meta property=\"og:title\" content=\"Joey Tutone | Drummond Law Firm\" \/>\n<meta property=\"og:description\" content=\"El abogado Joseph \u00abJoey\u00bb Tutone, Jr. Acerca deJoey lleva siete a\u00f1os ejerciendo como abogado. Comenz\u00f3 como secretario judicial del Honorable William\" \/>\n<meta property=\"og:url\" content=\"https:\/\/www.drummondfirm.com\/es\/acerca-de\/joey-tutone\/\" \/>\n<meta property=\"og:site_name\" content=\"Drummond Law Firm\" \/>\n<meta property=\"article:publisher\" content=\"https:\/\/www.facebook.com\/drummondlawfirmlv\/\" \/>\n<meta property=\"article:modified_time\" content=\"2026-04-07T07:28:29+00:00\" \/>\n<meta property=\"og:image\" content=\"https:\/\/www.drummondfirm.com\/wp-content\/uploads\/2026\/04\/drummond-newphoto-3-69d4af046cad8.webp\" \/>\n<meta name=\"twitter:card\" content=\"summary_large_image\" \/>\n<meta name=\"twitter:label1\" content=\"Tiempo de lectura\" \/>\n\t<meta name=\"twitter:data1\" content=\"1 minuto\" \/>\n<!-- \/ Yoast SEO plugin. -->","yoast_head_json":{"title":"Joey Tutone | Drummond Law Firm","description":"El abogado Joseph \u00abJoey\u00bb Tutone, Jr. Acerca deJoey lleva siete a\u00f1os ejerciendo como abogado. Comenz\u00f3 como secretario judicial del Honorable William","robots":{"index":"index","follow":"follow","max-snippet":"max-snippet:-1","max-image-preview":"max-image-preview:large","max-video-preview":"max-video-preview:-1"},"canonical":"https:\/\/www.drummondfirm.com\/es\/acerca-de\/joey-tutone\/","og_locale":"es_ES","og_type":"article","og_title":"Joey Tutone | Drummond Law Firm","og_description":"El abogado Joseph \u00abJoey\u00bb Tutone, Jr. Acerca deJoey lleva siete a\u00f1os ejerciendo como abogado. Comenz\u00f3 como secretario judicial del Honorable William","og_url":"https:\/\/www.drummondfirm.com\/es\/acerca-de\/joey-tutone\/","og_site_name":"Drummond Law Firm","article_publisher":"https:\/\/www.facebook.com\/drummondlawfirmlv\/","article_modified_time":"2026-04-07T07:28:29+00:00","og_image":[{"url":"https:\/\/www.drummondfirm.com\/wp-content\/uploads\/2026\/04\/drummond-newphoto-3-69d4af046cad8.webp","type":"","width":"","height":""}],"twitter_card":"summary_large_image","twitter_misc":{"Tiempo de lectura":"1 minuto"},"schema":{"@context":"https:\/\/schema.org","@graph":[{"@type":"WebPage","@id":"https:\/\/www.drummondfirm.com\/es\/acerca-de\/joey-tutone\/","url":"https:\/\/www.drummondfirm.com\/es\/acerca-de\/joey-tutone\/","name":"Joey Tutone | Drummond Law Firm","isPartOf":{"@id":"https:\/\/www.drummondfirm.com\/es\/#website"},"primaryImageOfPage":{"@id":"https:\/\/www.drummondfirm.com\/es\/acerca-de\/joey-tutone\/#primaryimage"},"image":{"@id":"https:\/\/www.drummondfirm.com\/es\/acerca-de\/joey-tutone\/#primaryimage"},"thumbnailUrl":"https:\/\/www.drummondfirm.com\/wp-content\/uploads\/2026\/04\/drummond-newphoto-3-69d4af046cad8.webp","datePublished":"2026-04-06T07:54:35+00:00","dateModified":"2026-04-07T07:28:29+00:00","description":"El abogado Joseph \u00abJoey\u00bb Tutone, Jr. Acerca deJoey lleva siete a\u00f1os ejerciendo como abogado. Comenz\u00f3 como secretario judicial del Honorable William","breadcrumb":{"@id":"https:\/\/www.drummondfirm.com\/es\/acerca-de\/joey-tutone\/#breadcrumb"},"inLanguage":"es","potentialAction":[{"@type":"ReadAction","target":["https:\/\/www.drummondfirm.com\/es\/acerca-de\/joey-tutone\/"]}]},{"@type":"ImageObject","inLanguage":"es","@id":"https:\/\/www.drummondfirm.com\/es\/acerca-de\/joey-tutone\/#primaryimage","url":"https:\/\/www.drummondfirm.com\/wp-content\/uploads\/2026\/04\/drummond-newphoto-3-69d4af046cad8.webp","contentUrl":"https:\/\/www.drummondfirm.com\/wp-content\/uploads\/2026\/04\/drummond-newphoto-3-69d4af046cad8.webp"},{"@type":"BreadcrumbList","@id":"https:\/\/www.drummondfirm.com\/es\/acerca-de\/joey-tutone\/#breadcrumb","itemListElement":[{"@type":"ListItem","position":1,"name":"Abogado de lesiones personales","item":"https:\/\/www.drummondfirm.com\/es\/inicio-actualizacion-de-seo\/"},{"@type":"ListItem","position":2,"name":"Acerca de","item":"https:\/\/www.drummondfirm.com\/es\/acerca-de\/"},{"@type":"ListItem","position":3,"name":"Joey Tutone"}]},{"@type":"WebSite","@id":"https:\/\/www.drummondfirm.com\/es\/#website","url":"https:\/\/www.drummondfirm.com\/es\/","name":"Drummond Law Firm","description":"Llama al capit\u00e1n","publisher":{"@id":"https:\/\/www.drummondfirm.com\/es\/#organization"},"potentialAction":[{"@type":"SearchAction","target":{"@type":"EntryPoint","urlTemplate":"https:\/\/www.drummondfirm.com\/es\/?s={search_term_string}"},"query-input":{"@type":"PropertyValueSpecification","valueRequired":true,"valueName":"search_term_string"}}],"inLanguage":"es"},{"@type":"Organization","@id":"https:\/\/www.drummondfirm.com\/es\/#organization","name":"Drummond Law Firm","url":"https:\/\/www.drummondfirm.com\/es\/","logo":{"@type":"ImageObject","inLanguage":"es","@id":"https:\/\/www.drummondfirm.com\/es\/#\/schema\/logo\/image\/","url":"","contentUrl":"","caption":"Drummond Law Firm"},"image":{"@id":"https:\/\/www.drummondfirm.com\/es\/#\/schema\/logo\/image\/"},"sameAs":["https:\/\/www.facebook.com\/drummondlawfirmlv\/","https:\/\/www.linkedin.com\/company\/drummond-law-firm","https:\/\/www.youtube.com\/channel\/UCx06adFjyj7LjlZuR3ROlPw","https:\/\/www.instagram.com\/callthecaptain_drummondlawfirm\/"]}]}},"featured_image_src":null,"featured_image_src_square":null,"_links":{"self":[{"href":"https:\/\/www.drummondfirm.com\/es\/wp-json\/wp\/v2\/pages\/9055","targetHints":{"allow":["GET"]}}],"collection":[{"href":"https:\/\/www.drummondfirm.com\/es\/wp-json\/wp\/v2\/pages"}],"about":[{"href":"https:\/\/www.drummondfirm.com\/es\/wp-json\/wp\/v2\/types\/page"}],"author":[{"embeddable":true,"href":"https:\/\/www.drummondfirm.com\/es\/wp-json\/wp\/v2\/users\/2"}],"replies":[{"embeddable":true,"href":"https:\/\/www.drummondfirm.com\/es\/wp-json\/wp\/v2\/comments?post=9055"}],"version-history":[{"count":0,"href":"https:\/\/www.drummondfirm.com\/es\/wp-json\/wp\/v2\/pages\/9055\/revisions"}],"up":[{"embeddable":true,"href":"https:\/\/www.drummondfirm.com\/es\/wp-json\/wp\/v2\/pages\/8842"}],"wp:attachment":[{"href":"https:\/\/www.drummondfirm.com\/es\/wp-json\/wp\/v2\/media?parent=9055"}],"curies":[{"name":"wp","href":"https:\/\/api.w.org\/{rel}","templated":true}]}}